{"id":22,"date":"2024-10-07T08:05:05","date_gmt":"2024-10-07T08:05:05","guid":{"rendered":"https:\/\/sudsejour.fr\/?page_id=22"},"modified":"2024-11-18T10:52:09","modified_gmt":"2024-11-18T10:52:09","slug":"charte-equite-sociale-biodiversite-economie","status":"publish","type":"page","link":"https:\/\/sudsejour.fr\/en\/charte-equite-sociale-biodiversite-economie\/","title":{"rendered":"Notre charte"},"content":{"rendered":"<div style=\"height:60px\" aria-hidden=\"true\" class=\"wp-block-spacer\"><\/div>\n\n\n\n<div class=\"wp-block-group is-nowrap is-layout-flex wp-container-core-group-is-layout-1 wp-block-group-is-layout-flex\">\n<figure class=\"wp-block-image size-full is-resized\"><img loading=\"lazy\" decoding=\"async\" width=\"192\" height=\"240\" src=\"https:\/\/sudsejour.fr\/wp-content\/uploads\/2024\/10\/Capture-decran-2024-10-16-154847-1.jpg\" alt=\"\" class=\"wp-image-177\" style=\"width:59px;height:auto\"\/><\/figure>\n\n\n\n<h2 class=\"wp-block-heading\">Biodiversit\u00e9<\/h2>\n<\/div>\n\n\n\n<div style=\"height:30px\" aria-hidden=\"true\" class=\"wp-block-spacer\"><\/div>\n\n\n\n<div class=\"wp-block-group is-nowrap is-layout-flex wp-container-core-group-is-layout-2 wp-block-group-is-layout-flex\">\n<p>Nous sommes persuad\u00e9s que pr\u00e9server notre environnement naturel est un sujet qui nous concerne tous, c&rsquo;est pourquoi notre site web s&rsquo;engage \u00e0 promouvoir et prot\u00e9ger la biodiversit\u00e9 dans notre charte, tout en soutenant les principes du d\u00e9veloppement durable et du tourisme responsable. Les \u00e9quipements de nos h\u00e9bergements \u00e9cologiques ont \u00e9t\u00e9 r\u00e9\u00e9valu\u00e9s afin de diminuer la consommation d&rsquo;\u00e9nergie. Enfin, nous proc\u00e9dons \u00e0 un choix raisonn\u00e9 concernant l&#8217;emplacement des logements. De plus, notre \u00e9quipe s&rsquo;engage pour un monde meilleur et pour une approche plus \u00e9cologique des espaces naturels.<\/p>\n\n\n\n<div style=\"height:100px;width:0px\" aria-hidden=\"true\" class=\"wp-block-spacer wp-container-content-1\"><\/div>\n<\/div>\n\n\n\n<div style=\"height:50px\" aria-hidden=\"true\" class=\"wp-block-spacer\"><\/div>\n\n\n\n<div class=\"wp-block-group is-nowrap is-layout-flex wp-container-core-group-is-layout-3 wp-block-group-is-layout-flex\">\n<figure class=\"wp-block-image size-full is-resized\"><img loading=\"lazy\" decoding=\"async\" width=\"246\" height=\"252\" src=\"https:\/\/sudsejour.fr\/wp-content\/uploads\/2024\/10\/Capture-decran-2024-10-16-155738-1.jpg\" alt=\"\" class=\"wp-image-181\" style=\"width:66px;height:auto\"\/><\/figure>\n\n\n\n<h2 class=\"wp-block-heading\">Equit\u00e9 sociale (charte)<\/h2>\n<\/div>\n\n\n\n<div style=\"height:30px\" aria-hidden=\"true\" class=\"wp-block-spacer\"><\/div>\n\n\n\n<div class=\"wp-block-group is-nowrap is-layout-flex wp-container-core-group-is-layout-4 wp-block-group-is-layout-flex\">\n<p>Notre charte Sud s\u00e9jour s&rsquo;engage \u00e9galement \u00e0 respecter le voisinage de fa\u00e7on \u00e0 ne pas nuire autrui concernant notre activit\u00e9 touristique. Nous avons pens\u00e9 \u00e0 vous ! Parce que les vacances c&rsquo;est pour tout le monde, tous les \u00e9quipements indispensables aux personnes \u00e0 mobilit\u00e9 r\u00e9duite ont \u00e9t\u00e9 pr\u00e9vus ! Nos \u00e9quipes travaillent dans les meilleures conditions possibles et nous avons su \u00e9tablir une relation \u00e9quitable avec nos fournisseurs. Notre objectif, que les m\u00e9thodes de production et les mat\u00e9riaux soient en ad\u00e9quation avec notre \u00e9thique. Nous vous proposons un panel de prix pour nos h\u00e9bergements afin que vous puissiez trouver votre bonheur et des vacances \u00e0 un juste prix pour vous ! Nous vous invitons \u00e0 consulter notre page \u00ab\u00a0Exp\u00e9rience\u00a0\u00bb pour plus de renseignements.<br><\/p>\n<\/div>\n\n\n\n<div style=\"height:50px\" aria-hidden=\"true\" class=\"wp-block-spacer\"><\/div>\n\n\n\n<div class=\"wp-block-group is-nowrap is-layout-flex wp-container-core-group-is-layout-5 wp-block-group-is-layout-flex\">\n<figure class=\"wp-block-image size-full is-resized\"><img loading=\"lazy\" decoding=\"async\" width=\"201\" height=\"224\" src=\"https:\/\/sudsejour.fr\/wp-content\/uploads\/2024\/10\/Capture-decran-2024-10-16-160149-1.jpg\" alt=\"\" class=\"wp-image-184\" style=\"width:67px;height:auto\"\/><\/figure>\n\n\n\n<h2 class=\"wp-block-heading\">Economie (charte)<\/h2>\n<\/div>\n\n\n\n<div style=\"height:30px\" aria-hidden=\"true\" class=\"wp-block-spacer\"><\/div>\n\n\n\n<p>Notre priorit\u00e9, la satisfaction client. En effet, vos retours nous aident \u00e0 nous am\u00e9liorer de jours en jours. En choisissant de s\u00e9journer chez nous, vous soutenez et partagez notre \u00e9thique. Vous permettez le d\u00e9veloppement \u00e9conomique local. De plus, nous croyons que voyager peut \u00e9galement \u00eatre synonyme de pr\u00e9servation de l&rsquo;environnement. Gr\u00e2ce \u00e0 votre contribution, vous offrez \u00e0 notre r\u00e9gion l&rsquo;opportunit\u00e9 de se r\u00e9inventer et d&rsquo;\u00e9voluer vers un avenir plus durable. Votre contribution et votre visite sur notre site est une source d&#8217;emploi et de richesse. En devenant membre vous investissez sur le long terme ! <br><br><br><\/p>\n\n\n\n<div class=\"wp-block-group is-nowrap is-layout-flex wp-container-core-group-is-layout-6 wp-block-group-is-layout-flex\"><\/div>\n\n\n\n<div style=\"height:100px\" aria-hidden=\"true\" class=\"wp-block-spacer\"><\/div>\n\n\n<div class=\"wp-block-image\">\n<figure class=\"aligncenter size-full is-resized\"><img loading=\"lazy\" decoding=\"async\" width=\"710\" height=\"264\" src=\"https:\/\/sudsejour.fr\/wp-content\/uploads\/2024\/10\/Capture-decran-2024-10-16-165944-1.jpg\" alt=\"\" class=\"wp-image-210\" style=\"width:504px;height:auto\" srcset=\"https:\/\/sudsejour.fr\/wp-content\/uploads\/2024\/10\/Capture-decran-2024-10-16-165944-1.jpg 710w, https:\/\/sudsejour.fr\/wp-content\/uploads\/2024\/10\/Capture-decran-2024-10-16-165944-1-300x112.jpg 300w\" sizes=\"(max-width: 710px) 100vw, 710px\" \/><\/figure><\/div>\n\n\n<div style=\"height:100px\" aria-hidden=\"true\" class=\"wp-block-spacer\"><\/div>\n\n\n\n<p><\/p>","protected":false},"excerpt":{"rendered":"<p>Biodiversit\u00e9 Nous sommes persuad\u00e9s que pr\u00e9server notre environnement naturel est un sujet qui nous concerne tous, c&rsquo;est pourquoi notre site web s&rsquo;engage \u00e0 promouvoir et prot\u00e9ger la biodiversit\u00e9 dans notre charte, tout en soutenant les principes du d\u00e9veloppement durable et du tourisme responsable. Les \u00e9quipements de nos h\u00e9bergements \u00e9cologiques ont [&hellip;]<\/p>","protected":false},"author":1,"featured_media":0,"parent":0,"menu_order":0,"comment_status":"closed","ping_status":"closed","template":"","meta":{"footnotes":""},"class_list":["post-22","page","type-page","status-publish","hentry"],"yoast_head":"<!-- This site is optimized with the Yoast SEO plugin v23.8 - https:\/\/yoast.com\/wordpress\/plugins\/seo\/ -->\n<title>Notre charte - sudsejour<\/title>\n<meta name=\"description\" content=\"Notre charte s&#039;engage pour la biodiversit\u00e9, l&#039;\u00e9quit\u00e9 sociale et l&#039;\u00e9conomie ! Pour un monde plus \u00e9gal et plus libre !\" \/>\n<meta name=\"robots\" content=\"index, follow, max-snippet:-1, max-image-preview:large, max-video-preview:-1\" \/>\n<link rel=\"canonical\" href=\"https:\/\/sudsejour.fr\/en\/charte-equite-sociale-biodiversite-economie\/\" \/>\n<meta property=\"og:locale\" content=\"en_US\" \/>\n<meta property=\"og:type\" content=\"article\" \/>\n<meta property=\"og:title\" content=\"Notre charte - sudsejour\" \/>\n<meta property=\"og:description\" content=\"Notre charte s&#039;engage pour la biodiversit\u00e9, l&#039;\u00e9quit\u00e9 sociale et l&#039;\u00e9conomie ! Pour un monde plus \u00e9gal et plus libre !\" \/>\n<meta property=\"og:url\" content=\"https:\/\/sudsejour.fr\/en\/charte-equite-sociale-biodiversite-economie\/\" \/>\n<meta property=\"og:site_name\" content=\"sudsejour\" \/>\n<meta property=\"article:modified_time\" content=\"2024-11-18T10:52:09+00:00\" \/>\n<meta property=\"og:image\" content=\"https:\/\/sudsejour.fr\/wp-content\/uploads\/2024\/10\/Capture-decran-2024-10-16-154847-1.jpg\" \/>\n\t<meta property=\"og:image:width\" content=\"192\" \/>\n\t<meta property=\"og:image:height\" content=\"240\" \/>\n\t<meta property=\"og:image:type\" content=\"image\/jpeg\" \/>\n<meta name=\"twitter:card\" content=\"summary_large_image\" \/>\n<meta name=\"twitter:label1\" content=\"Est. reading time\" \/>\n\t<meta name=\"twitter:data1\" content=\"3 minutes\" \/>\n<script type=\"application\/ld+json\" class=\"yoast-schema-graph\">{\"@context\":\"https:\/\/schema.org\",\"@graph\":[{\"@type\":\"WebPage\",\"@id\":\"https:\/\/sudsejour.fr\/charte-equite-sociale-biodiversite-economie\/\",\"url\":\"https:\/\/sudsejour.fr\/charte-equite-sociale-biodiversite-economie\/\",\"name\":\"Notre charte - sudsejour\",\"isPartOf\":{\"@id\":\"https:\/\/sudsejour.fr\/en\/#website\"},\"primaryImageOfPage\":{\"@id\":\"https:\/\/sudsejour.fr\/charte-equite-sociale-biodiversite-economie\/#primaryimage\"},\"image\":{\"@id\":\"https:\/\/sudsejour.fr\/charte-equite-sociale-biodiversite-economie\/#primaryimage\"},\"thumbnailUrl\":\"https:\/\/sudsejour.fr\/wp-content\/uploads\/2024\/10\/Capture-decran-2024-10-16-154847-1.jpg\",\"datePublished\":\"2024-10-07T08:05:05+00:00\",\"dateModified\":\"2024-11-18T10:52:09+00:00\",\"description\":\"Notre charte s'engage pour la biodiversit\u00e9, l'\u00e9quit\u00e9 sociale et l'\u00e9conomie ! Pour un monde plus \u00e9gal et plus libre !\",\"breadcrumb\":{\"@id\":\"https:\/\/sudsejour.fr\/charte-equite-sociale-biodiversite-economie\/#breadcrumb\"},\"inLanguage\":\"en-US\",\"potentialAction\":[{\"@type\":\"ReadAction\",\"target\":[\"https:\/\/sudsejour.fr\/charte-equite-sociale-biodiversite-economie\/\"]}]},{\"@type\":\"ImageObject\",\"inLanguage\":\"en-US\",\"@id\":\"https:\/\/sudsejour.fr\/charte-equite-sociale-biodiversite-economie\/#primaryimage\",\"url\":\"https:\/\/sudsejour.fr\/wp-content\/uploads\/2024\/10\/Capture-decran-2024-10-16-154847-1.jpg\",\"contentUrl\":\"https:\/\/sudsejour.fr\/wp-content\/uploads\/2024\/10\/Capture-decran-2024-10-16-154847-1.jpg\"},{\"@type\":\"BreadcrumbList\",\"@id\":\"https:\/\/sudsejour.fr\/charte-equite-sociale-biodiversite-economie\/#breadcrumb\",\"itemListElement\":[{\"@type\":\"ListItem\",\"position\":1,\"name\":\"Accueil\",\"item\":\"https:\/\/sudsejour.fr\/en\/\"},{\"@type\":\"ListItem\",\"position\":2,\"name\":\"Notre charte\"}]},{\"@type\":\"WebSite\",\"@id\":\"https:\/\/sudsejour.fr\/en\/#website\",\"url\":\"https:\/\/sudsejour.fr\/en\/\",\"name\":\"sudsejour\",\"description\":\"Explorez, r\u00eavez, s\u00e9journez !\",\"publisher\":{\"@id\":\"https:\/\/sudsejour.fr\/en\/#organization\"},\"potentialAction\":[{\"@type\":\"SearchAction\",\"target\":{\"@type\":\"EntryPoint\",\"urlTemplate\":\"https:\/\/sudsejour.fr\/en\/?s={search_term_string}\"},\"query-input\":{\"@type\":\"PropertyValueSpecification\",\"valueRequired\":true,\"valueName\":\"search_term_string\"}}],\"inLanguage\":\"en-US\"},{\"@type\":\"Organization\",\"@id\":\"https:\/\/sudsejour.fr\/en\/#organization\",\"name\":\"sudsejour\",\"url\":\"https:\/\/sudsejour.fr\/en\/\",\"logo\":{\"@type\":\"ImageObject\",\"inLanguage\":\"en-US\",\"@id\":\"https:\/\/sudsejour.fr\/en\/#\/schema\/logo\/image\/\",\"url\":\"https:\/\/sudsejour.fr\/wp-content\/uploads\/2024\/10\/Capture-decran-2024-10-07-204732.jpg\",\"contentUrl\":\"https:\/\/sudsejour.fr\/wp-content\/uploads\/2024\/10\/Capture-decran-2024-10-07-204732.jpg\",\"width\":449,\"height\":437,\"caption\":\"sudsejour\"},\"image\":{\"@id\":\"https:\/\/sudsejour.fr\/en\/#\/schema\/logo\/image\/\"}}]}<\/script>\n<!-- \/ Yoast SEO plugin. -->","yoast_head_json":{"title":"Notre charte - sudsejour","description":"Notre charte s'engage pour la biodiversit\u00e9, l'\u00e9quit\u00e9 sociale et l'\u00e9conomie ! Pour un monde plus \u00e9gal et plus libre !","robots":{"index":"index","follow":"follow","max-snippet":"max-snippet:-1","max-image-preview":"max-image-preview:large","max-video-preview":"max-video-preview:-1"},"canonical":"https:\/\/sudsejour.fr\/en\/charte-equite-sociale-biodiversite-economie\/","og_locale":"en_US","og_type":"article","og_title":"Notre charte - sudsejour","og_description":"Notre charte s'engage pour la biodiversit\u00e9, l'\u00e9quit\u00e9 sociale et l'\u00e9conomie ! Pour un monde plus \u00e9gal et plus libre !","og_url":"https:\/\/sudsejour.fr\/en\/charte-equite-sociale-biodiversite-economie\/","og_site_name":"sudsejour","article_modified_time":"2024-11-18T10:52:09+00:00","og_image":[{"width":192,"height":240,"url":"https:\/\/sudsejour.fr\/wp-content\/uploads\/2024\/10\/Capture-decran-2024-10-16-154847-1.jpg","type":"image\/jpeg"}],"twitter_card":"summary_large_image","twitter_misc":{"Est. reading time":"3 minutes"},"schema":{"@context":"https:\/\/schema.org","@graph":[{"@type":"WebPage","@id":"https:\/\/sudsejour.fr\/charte-equite-sociale-biodiversite-economie\/","url":"https:\/\/sudsejour.fr\/charte-equite-sociale-biodiversite-economie\/","name":"Notre charte - sudsejour","isPartOf":{"@id":"https:\/\/sudsejour.fr\/en\/#website"},"primaryImageOfPage":{"@id":"https:\/\/sudsejour.fr\/charte-equite-sociale-biodiversite-economie\/#primaryimage"},"image":{"@id":"https:\/\/sudsejour.fr\/charte-equite-sociale-biodiversite-economie\/#primaryimage"},"thumbnailUrl":"https:\/\/sudsejour.fr\/wp-content\/uploads\/2024\/10\/Capture-decran-2024-10-16-154847-1.jpg","datePublished":"2024-10-07T08:05:05+00:00","dateModified":"2024-11-18T10:52:09+00:00","description":"Notre charte s'engage pour la biodiversit\u00e9, l'\u00e9quit\u00e9 sociale et l'\u00e9conomie ! Pour un monde plus \u00e9gal et plus libre !","breadcrumb":{"@id":"https:\/\/sudsejour.fr\/charte-equite-sociale-biodiversite-economie\/#breadcrumb"},"inLanguage":"en-US","potentialAction":[{"@type":"ReadAction","target":["https:\/\/sudsejour.fr\/charte-equite-sociale-biodiversite-economie\/"]}]},{"@type":"ImageObject","inLanguage":"en-US","@id":"https:\/\/sudsejour.fr\/charte-equite-sociale-biodiversite-economie\/#primaryimage","url":"https:\/\/sudsejour.fr\/wp-content\/uploads\/2024\/10\/Capture-decran-2024-10-16-154847-1.jpg","contentUrl":"https:\/\/sudsejour.fr\/wp-content\/uploads\/2024\/10\/Capture-decran-2024-10-16-154847-1.jpg"},{"@type":"BreadcrumbList","@id":"https:\/\/sudsejour.fr\/charte-equite-sociale-biodiversite-economie\/#breadcrumb","itemListElement":[{"@type":"ListItem","position":1,"name":"Accueil","item":"https:\/\/sudsejour.fr\/en\/"},{"@type":"ListItem","position":2,"name":"Notre charte"}]},{"@type":"WebSite","@id":"https:\/\/sudsejour.fr\/en\/#website","url":"https:\/\/sudsejour.fr\/en\/","name":"sudsejour","description":"Explorez, r\u00eavez, s\u00e9journez !","publisher":{"@id":"https:\/\/sudsejour.fr\/en\/#organization"},"potentialAction":[{"@type":"SearchAction","target":{"@type":"EntryPoint","urlTemplate":"https:\/\/sudsejour.fr\/en\/?s={search_term_string}"},"query-input":{"@type":"PropertyValueSpecification","valueRequired":true,"valueName":"search_term_string"}}],"inLanguage":"en-US"},{"@type":"Organization","@id":"https:\/\/sudsejour.fr\/en\/#organization","name":"sudsejour","url":"https:\/\/sudsejour.fr\/en\/","logo":{"@type":"ImageObject","inLanguage":"en-US","@id":"https:\/\/sudsejour.fr\/en\/#\/schema\/logo\/image\/","url":"https:\/\/sudsejour.fr\/wp-content\/uploads\/2024\/10\/Capture-decran-2024-10-07-204732.jpg","contentUrl":"https:\/\/sudsejour.fr\/wp-content\/uploads\/2024\/10\/Capture-decran-2024-10-07-204732.jpg","width":449,"height":437,"caption":"sudsejour"},"image":{"@id":"https:\/\/sudsejour.fr\/en\/#\/schema\/logo\/image\/"}}]}},"_links":{"self":[{"href":"https:\/\/sudsejour.fr\/en\/wp-json\/wp\/v2\/pages\/22"}],"collection":[{"href":"https:\/\/sudsejour.fr\/en\/wp-json\/wp\/v2\/pages"}],"about":[{"href":"https:\/\/sudsejour.fr\/en\/wp-json\/wp\/v2\/types\/page"}],"author":[{"embeddable":true,"href":"https:\/\/sudsejour.fr\/en\/wp-json\/wp\/v2\/users\/1"}],"replies":[{"embeddable":true,"href":"https:\/\/sudsejour.fr\/en\/wp-json\/wp\/v2\/comments?post=22"}],"version-history":[{"count":51,"href":"https:\/\/sudsejour.fr\/en\/wp-json\/wp\/v2\/pages\/22\/revisions"}],"predecessor-version":[{"id":791,"href":"https:\/\/sudsejour.fr\/en\/wp-json\/wp\/v2\/pages\/22\/revisions\/791"}],"wp:attachment":[{"href":"https:\/\/sudsejour.fr\/en\/wp-json\/wp\/v2\/media?parent=22"}],"curies":[{"name":"wp","href":"https:\/\/api.w.org\/{rel}","templated":true}]}}