{"id":26,"date":"2024-10-07T16:41:28","date_gmt":"2024-10-07T16:41:28","guid":{"rendered":"https:\/\/sudsejour.fr\/?page_id=26"},"modified":"2024-11-18T13:37:50","modified_gmt":"2024-11-18T13:37:50","slug":"evenements-montagne-region-paca-menton-cannes-nice-carnaval-fete","status":"publish","type":"page","link":"https:\/\/sudsejour.fr\/en\/evenements-montagne-region-paca-menton-cannes-nice-carnaval-fete\/","title":{"rendered":"\u00c9v\u00e9nements"},"content":{"rendered":"<p class=\"has-text-align-center\">O\u00f9 que vous soyez, la r\u00e9gion PACA vous propose toute l&rsquo;ann\u00e9e des \u00e9v\u00e9nements divers afin de subvenir \u00e0 vos attentes et vos envies. Que ce soit culturel, sportif ou encore touristique, nous sommes persuad\u00e9s que vous trouverez des activit\u00e9s qui correspondront \u00e0 votre fa\u00e7on de d\u00e9couvrir les richesses de la r\u00e9gion. Ces \u00e9v\u00e9nements sont donc localis\u00e9s dans un large rayonnement de notre r\u00e9gion.<\/p>\n\n\n\n<div style=\"height:55px\" aria-hidden=\"true\" class=\"wp-block-spacer\"><\/div>\n\n\n\n<h2 class=\"wp-block-heading has-text-align-center\">L&rsquo;Ap\u00e9ro des Frenchy<\/h2>\n\n\n\n<div style=\"height:20px\" aria-hidden=\"true\" class=\"wp-block-spacer\"><\/div>\n\n\n\n<div class=\"wp-block-columns alignwide are-vertically-aligned-center is-layout-flex wp-container-core-columns-is-layout-1 wp-block-columns-is-layout-flex\">\n<div class=\"wp-block-column is-vertically-aligned-center is-layout-flow wp-block-column-is-layout-flow\">\n<figure class=\"wp-block-image size-full is-resized\"><a href=\"https:\/\/aperodesfrenchy.fr\/\"><img loading=\"lazy\" decoding=\"async\" width=\"900\" height=\"900\" src=\"https:\/\/sudsejour.fr\/wp-content\/uploads\/2024\/10\/unnamed-2-8.jpg\" alt=\"\" class=\"wp-image-265\" style=\"width:417px;height:auto\" srcset=\"https:\/\/sudsejour.fr\/wp-content\/uploads\/2024\/10\/unnamed-2-8.jpg 900w, https:\/\/sudsejour.fr\/wp-content\/uploads\/2024\/10\/unnamed-2-8-300x300.jpg 300w, https:\/\/sudsejour.fr\/wp-content\/uploads\/2024\/10\/unnamed-2-8-150x150.jpg 150w, https:\/\/sudsejour.fr\/wp-content\/uploads\/2024\/10\/unnamed-2-8-768x768.jpg 768w\" sizes=\"(max-width: 900px) 100vw, 900px\" \/><\/a><\/figure>\n<\/div>\n\n\n\n<div class=\"wp-block-column is-vertically-aligned-center is-layout-flow wp-block-column-is-layout-flow\">\n<p class=\"has-text-align-center\">Si pour vous, le sud est synonyme de f\u00eate et de partage, alors cet \u00e9v\u00e9nement est fait pour vous. En effet, deux soir\u00e9es o\u00f9 vous pourrez profiter d&rsquo;une s\u00e9lection musicale 100% fran\u00e7aise autour d&rsquo;un verre. L&rsquo;ap\u00e9ro des Frenchy vous donne rendez-vous dans deux lieux insolites : l&rsquo;hippodrome de la c\u00f4te d&rsquo;azur le 22 novembre 2024 et au M\u00e9ridien Beach Plaza Monaco le 14 novembre 2024. Enfin, cliquez sur la photo ci-contre pour plus d&rsquo;infos !<\/p>\n<\/div>\n<\/div>\n\n\n\n<div style=\"height:40px\" aria-hidden=\"true\" class=\"wp-block-spacer\"><\/div>\n\n\n\n<h2 class=\"wp-block-heading has-text-align-center\">F\u00eate des citrons de Menton, \u00e9v\u00e9nements vitamin\u00e9s<\/h2>\n\n\n\n<div style=\"height:20px\" aria-hidden=\"true\" class=\"wp-block-spacer\"><\/div>\n\n\n\n<div class=\"wp-block-columns alignwide are-vertically-aligned-center is-layout-flex wp-container-core-columns-is-layout-2 wp-block-columns-is-layout-flex\">\n<div class=\"wp-block-column is-vertically-aligned-center is-layout-flow wp-block-column-is-layout-flow\">\n<figure class=\"wp-block-image size-full\"><a href=\"https:\/\/www.fete-du-citron.com\/-programme-.html\"><img loading=\"lazy\" decoding=\"async\" width=\"640\" height=\"426\" src=\"https:\/\/sudsejour.fr\/wp-content\/uploads\/2024\/10\/37612-a-menton-il-est-possible-d-admirer-des-article_content_mobile-2-1.jpg\" alt=\"\" class=\"wp-image-288\" srcset=\"https:\/\/sudsejour.fr\/wp-content\/uploads\/2024\/10\/37612-a-menton-il-est-possible-d-admirer-des-article_content_mobile-2-1.jpg 640w, https:\/\/sudsejour.fr\/wp-content\/uploads\/2024\/10\/37612-a-menton-il-est-possible-d-admirer-des-article_content_mobile-2-1-300x200.jpg 300w, https:\/\/sudsejour.fr\/wp-content\/uploads\/2024\/10\/37612-a-menton-il-est-possible-d-admirer-des-article_content_mobile-2-1-360x240.jpg 360w\" sizes=\"(max-width: 640px) 100vw, 640px\" \/><\/a><\/figure>\n<\/div>\n\n\n\n<div class=\"wp-block-column is-vertically-aligned-center is-layout-flow wp-block-column-is-layout-flow\">\n<p class=\"has-text-align-center\">Du 15 f\u00e9vrier au 2 mars 2025, venez voir les corsos aux couleurs du printemps ! Cet \u00e9v\u00e9nement est l&rsquo;occasion d&rsquo;accueillir les beaux jours. De plus, chaque ann\u00e9e, la ville de Menton se transforme en lieu d&rsquo;art et de cr\u00e9ativit\u00e9 \u00e0 ciel ouvert. C&rsquo;est aussi l&rsquo;occasion de venir go\u00fbter les sp\u00e9cialit\u00e9s de la ville et de vivre un moment de partage.<\/p>\n<\/div>\n<\/div>\n\n\n\n<div style=\"height:40px\" aria-hidden=\"true\" class=\"wp-block-spacer\"><\/div>\n\n\n\n<h2 class=\"wp-block-heading has-text-align-center\">Le rallye hivernal du d\u00e9voluy<\/h2>\n\n\n\n<div style=\"height:20px\" aria-hidden=\"true\" class=\"wp-block-spacer\"><\/div>\n\n\n\n<div class=\"wp-block-columns alignwide are-vertically-aligned-center is-layout-flex wp-container-core-columns-is-layout-3 wp-block-columns-is-layout-flex\">\n<div class=\"wp-block-column is-vertically-aligned-center is-layout-flow wp-block-column-is-layout-flow\"><div class=\"wp-block-image\">\n<figure class=\"aligncenter size-full\"><a href=\"https:\/\/www.rallyehivernaldudevoluy.com\/\"><img loading=\"lazy\" decoding=\"async\" width=\"474\" height=\"266\" src=\"https:\/\/sudsejour.fr\/wp-content\/uploads\/2024\/10\/OIP.jpg\" alt=\"\" class=\"wp-image-298\" srcset=\"https:\/\/sudsejour.fr\/wp-content\/uploads\/2024\/10\/OIP.jpg 474w, https:\/\/sudsejour.fr\/wp-content\/uploads\/2024\/10\/OIP-300x168.jpg 300w\" sizes=\"(max-width: 474px) 100vw, 474px\" \/><\/a><\/figure><\/div><\/div>\n\n\n\n<div class=\"wp-block-column is-vertically-aligned-center is-layout-flow wp-block-column-is-layout-flow\">\n<p class=\"has-text-align-center\">Rendez-vous le 13 et 14 d\u00e9cembre 2024, pour tous les passionn\u00e9s de voitures et les curieux. Venez prendre l&rsquo;air des hauteurs dans un cadre naturel et idyllique. Enfin, id\u00e9al pour une sortie en famille, cet \u00e9v\u00e9nement est l&rsquo;occasion de visiter les terres recul\u00e9es de la c\u00f4te d&rsquo;azur et tout le patrimoine qui s&rsquo;y cache.<\/p>\n<\/div>\n<\/div>\n\n\n\n<div style=\"height:40px\" aria-hidden=\"true\" class=\"wp-block-spacer\"><\/div>\n\n\n\n<p class=\"has-text-align-center\"><strong>Carnaval de Nice<\/strong><\/p>\n\n\n\n<div style=\"height:20px\" aria-hidden=\"true\" class=\"wp-block-spacer\"><\/div>\n\n\n\n<div class=\"wp-block-columns alignwide are-vertically-aligned-center is-layout-flex wp-container-core-columns-is-layout-4 wp-block-columns-is-layout-flex\">\n<div class=\"wp-block-column is-vertically-aligned-center is-layout-flow wp-block-column-is-layout-flow\">\n<figure class=\"wp-block-image size-large\"><a href=\"https:\/\/www.nicecarnaval.com\/\"><img loading=\"lazy\" decoding=\"async\" width=\"1024\" height=\"683\" src=\"https:\/\/sudsejour.fr\/wp-content\/uploads\/2024\/10\/R-1024x683.jpg\" alt=\"\" class=\"wp-image-307\" srcset=\"https:\/\/sudsejour.fr\/wp-content\/uploads\/2024\/10\/R-1024x683.jpg 1024w, https:\/\/sudsejour.fr\/wp-content\/uploads\/2024\/10\/R-300x200.jpg 300w, https:\/\/sudsejour.fr\/wp-content\/uploads\/2024\/10\/R-768x512.jpg 768w, https:\/\/sudsejour.fr\/wp-content\/uploads\/2024\/10\/R-360x240.jpg 360w, https:\/\/sudsejour.fr\/wp-content\/uploads\/2024\/10\/R.jpg 1140w\" sizes=\"(max-width: 1024px) 100vw, 1024px\" \/><\/a><\/figure>\n<\/div>\n\n\n\n<div class=\"wp-block-column is-vertically-aligned-center is-layout-flow wp-block-column-is-layout-flow\">\n<p class=\"has-text-align-center\">Depuis des ann\u00e9es, le carnaval de Nice ne cesse de briller et de faire parler de lui. Gr\u00e2ce \u00e0 ses chars embl\u00e9matiques, ses couleurs et ses musiques, la ville est berc\u00e9e dans la joie et la bonne humeur. Chaque ann\u00e9e, de nombreux artisans \u0153uvrent \u00e0 la construction et l&rsquo;organisation de cet \u00e9v\u00e9nement, afin d&rsquo;offrir une exp\u00e9rience m\u00e9morable. L&rsquo;\u00e9dition 2025 revient avec pour th\u00e8me \u00ab\u00a0Roi des oc\u00e9ans\u00a0\u00bb.<\/p>\n<\/div>\n<\/div>\n\n\n\n<div style=\"height:60px\" aria-hidden=\"true\" class=\"wp-block-spacer\"><\/div>\n\n\n\n<p><\/p>","protected":false},"excerpt":{"rendered":"<p>O\u00f9 que vous soyez, la r\u00e9gion PACA vous propose toute l&rsquo;ann\u00e9e des \u00e9v\u00e9nements divers afin de subvenir \u00e0 vos attentes et vos envies. Que ce soit culturel, sportif ou encore touristique, nous sommes persuad\u00e9s que vous trouverez des activit\u00e9s qui correspondront \u00e0 votre fa\u00e7on de d\u00e9couvrir les richesses de la [&hellip;]<\/p>","protected":false},"author":1,"featured_media":0,"parent":0,"menu_order":0,"comment_status":"closed","ping_status":"closed","template":"","meta":{"footnotes":""},"class_list":["post-26","page","type-page","status-publish","hentry"],"yoast_head":"<!-- This site is optimized with the Yoast SEO plugin v23.8 - https:\/\/yoast.com\/wordpress\/plugins\/seo\/ -->\n<title>\u00c9v\u00e9nements - sudsejour<\/title>\n<meta name=\"description\" content=\"Quoi de mieux pour d\u00e9couvrir une r\u00e9gion que de participer \u00e0 des \u00e9v\u00e9nements culturels et sportif au c\u0153ur de notre r\u00e9gion.\" \/>\n<meta name=\"robots\" content=\"index, follow, max-snippet:-1, max-image-preview:large, max-video-preview:-1\" \/>\n<link rel=\"canonical\" href=\"https:\/\/sudsejour.fr\/en\/evenements-montagne-region-paca-menton-cannes-nice-carnaval-fete\/\" \/>\n<meta property=\"og:locale\" content=\"en_US\" \/>\n<meta property=\"og:type\" content=\"article\" \/>\n<meta property=\"og:title\" content=\"\u00c9v\u00e9nements - sudsejour\" \/>\n<meta property=\"og:description\" content=\"Quoi de mieux pour d\u00e9couvrir une r\u00e9gion que de participer \u00e0 des \u00e9v\u00e9nements culturels et sportif au c\u0153ur de notre r\u00e9gion.\" \/>\n<meta property=\"og:url\" content=\"https:\/\/sudsejour.fr\/en\/evenements-montagne-region-paca-menton-cannes-nice-carnaval-fete\/\" \/>\n<meta property=\"og:site_name\" content=\"sudsejour\" \/>\n<meta property=\"article:modified_time\" content=\"2024-11-18T13:37:50+00:00\" \/>\n<meta property=\"og:image\" content=\"https:\/\/sudsejour.fr\/wp-content\/uploads\/2024\/10\/unnamed-2-8.jpg\" \/>\n\t<meta property=\"og:image:width\" content=\"900\" \/>\n\t<meta property=\"og:image:height\" content=\"900\" \/>\n\t<meta property=\"og:image:type\" content=\"image\/jpeg\" \/>\n<meta name=\"twitter:card\" content=\"summary_large_image\" \/>\n<meta name=\"twitter:label1\" content=\"Est. reading time\" \/>\n\t<meta name=\"twitter:data1\" content=\"3 minutes\" \/>\n<script type=\"application\/ld+json\" class=\"yoast-schema-graph\">{\"@context\":\"https:\/\/schema.org\",\"@graph\":[{\"@type\":\"WebPage\",\"@id\":\"https:\/\/sudsejour.fr\/evenements-montagne-region-paca-menton-cannes-nice-carnaval-fete\/\",\"url\":\"https:\/\/sudsejour.fr\/evenements-montagne-region-paca-menton-cannes-nice-carnaval-fete\/\",\"name\":\"\u00c9v\u00e9nements - sudsejour\",\"isPartOf\":{\"@id\":\"https:\/\/sudsejour.fr\/en\/#website\"},\"primaryImageOfPage\":{\"@id\":\"https:\/\/sudsejour.fr\/evenements-montagne-region-paca-menton-cannes-nice-carnaval-fete\/#primaryimage\"},\"image\":{\"@id\":\"https:\/\/sudsejour.fr\/evenements-montagne-region-paca-menton-cannes-nice-carnaval-fete\/#primaryimage\"},\"thumbnailUrl\":\"https:\/\/sudsejour.fr\/wp-content\/uploads\/2024\/10\/unnamed-2-8.jpg\",\"datePublished\":\"2024-10-07T16:41:28+00:00\",\"dateModified\":\"2024-11-18T13:37:50+00:00\",\"description\":\"Quoi de mieux pour d\u00e9couvrir une r\u00e9gion que de participer \u00e0 des \u00e9v\u00e9nements culturels et sportif au c\u0153ur de notre r\u00e9gion.\",\"breadcrumb\":{\"@id\":\"https:\/\/sudsejour.fr\/evenements-montagne-region-paca-menton-cannes-nice-carnaval-fete\/#breadcrumb\"},\"inLanguage\":\"en-US\",\"potentialAction\":[{\"@type\":\"ReadAction\",\"target\":[\"https:\/\/sudsejour.fr\/evenements-montagne-region-paca-menton-cannes-nice-carnaval-fete\/\"]}]},{\"@type\":\"ImageObject\",\"inLanguage\":\"en-US\",\"@id\":\"https:\/\/sudsejour.fr\/evenements-montagne-region-paca-menton-cannes-nice-carnaval-fete\/#primaryimage\",\"url\":\"https:\/\/sudsejour.fr\/wp-content\/uploads\/2024\/10\/unnamed-2-8.jpg\",\"contentUrl\":\"https:\/\/sudsejour.fr\/wp-content\/uploads\/2024\/10\/unnamed-2-8.jpg\"},{\"@type\":\"BreadcrumbList\",\"@id\":\"https:\/\/sudsejour.fr\/evenements-montagne-region-paca-menton-cannes-nice-carnaval-fete\/#breadcrumb\",\"itemListElement\":[{\"@type\":\"ListItem\",\"position\":1,\"name\":\"Accueil\",\"item\":\"https:\/\/sudsejour.fr\/en\/\"},{\"@type\":\"ListItem\",\"position\":2,\"name\":\"\u00c9v\u00e9nements\"}]},{\"@type\":\"WebSite\",\"@id\":\"https:\/\/sudsejour.fr\/en\/#website\",\"url\":\"https:\/\/sudsejour.fr\/en\/\",\"name\":\"sudsejour\",\"description\":\"Explorez, r\u00eavez, s\u00e9journez !\",\"publisher\":{\"@id\":\"https:\/\/sudsejour.fr\/en\/#organization\"},\"potentialAction\":[{\"@type\":\"SearchAction\",\"target\":{\"@type\":\"EntryPoint\",\"urlTemplate\":\"https:\/\/sudsejour.fr\/en\/?s={search_term_string}\"},\"query-input\":{\"@type\":\"PropertyValueSpecification\",\"valueRequired\":true,\"valueName\":\"search_term_string\"}}],\"inLanguage\":\"en-US\"},{\"@type\":\"Organization\",\"@id\":\"https:\/\/sudsejour.fr\/en\/#organization\",\"name\":\"sudsejour\",\"url\":\"https:\/\/sudsejour.fr\/en\/\",\"logo\":{\"@type\":\"ImageObject\",\"inLanguage\":\"en-US\",\"@id\":\"https:\/\/sudsejour.fr\/en\/#\/schema\/logo\/image\/\",\"url\":\"https:\/\/sudsejour.fr\/wp-content\/uploads\/2024\/10\/Capture-decran-2024-10-07-204732.jpg\",\"contentUrl\":\"https:\/\/sudsejour.fr\/wp-content\/uploads\/2024\/10\/Capture-decran-2024-10-07-204732.jpg\",\"width\":449,\"height\":437,\"caption\":\"sudsejour\"},\"image\":{\"@id\":\"https:\/\/sudsejour.fr\/en\/#\/schema\/logo\/image\/\"}}]}<\/script>\n<!-- \/ Yoast SEO plugin. -->","yoast_head_json":{"title":"\u00c9v\u00e9nements - sudsejour","description":"Quoi de mieux pour d\u00e9couvrir une r\u00e9gion que de participer \u00e0 des \u00e9v\u00e9nements culturels et sportif au c\u0153ur de notre r\u00e9gion.","robots":{"index":"index","follow":"follow","max-snippet":"max-snippet:-1","max-image-preview":"max-image-preview:large","max-video-preview":"max-video-preview:-1"},"canonical":"https:\/\/sudsejour.fr\/en\/evenements-montagne-region-paca-menton-cannes-nice-carnaval-fete\/","og_locale":"en_US","og_type":"article","og_title":"\u00c9v\u00e9nements - sudsejour","og_description":"Quoi de mieux pour d\u00e9couvrir une r\u00e9gion que de participer \u00e0 des \u00e9v\u00e9nements culturels et sportif au c\u0153ur de notre r\u00e9gion.","og_url":"https:\/\/sudsejour.fr\/en\/evenements-montagne-region-paca-menton-cannes-nice-carnaval-fete\/","og_site_name":"sudsejour","article_modified_time":"2024-11-18T13:37:50+00:00","og_image":[{"width":900,"height":900,"url":"https:\/\/sudsejour.fr\/wp-content\/uploads\/2024\/10\/unnamed-2-8.jpg","type":"image\/jpeg"}],"twitter_card":"summary_large_image","twitter_misc":{"Est. reading time":"3 minutes"},"schema":{"@context":"https:\/\/schema.org","@graph":[{"@type":"WebPage","@id":"https:\/\/sudsejour.fr\/evenements-montagne-region-paca-menton-cannes-nice-carnaval-fete\/","url":"https:\/\/sudsejour.fr\/evenements-montagne-region-paca-menton-cannes-nice-carnaval-fete\/","name":"\u00c9v\u00e9nements - sudsejour","isPartOf":{"@id":"https:\/\/sudsejour.fr\/en\/#website"},"primaryImageOfPage":{"@id":"https:\/\/sudsejour.fr\/evenements-montagne-region-paca-menton-cannes-nice-carnaval-fete\/#primaryimage"},"image":{"@id":"https:\/\/sudsejour.fr\/evenements-montagne-region-paca-menton-cannes-nice-carnaval-fete\/#primaryimage"},"thumbnailUrl":"https:\/\/sudsejour.fr\/wp-content\/uploads\/2024\/10\/unnamed-2-8.jpg","datePublished":"2024-10-07T16:41:28+00:00","dateModified":"2024-11-18T13:37:50+00:00","description":"Quoi de mieux pour d\u00e9couvrir une r\u00e9gion que de participer \u00e0 des \u00e9v\u00e9nements culturels et sportif au c\u0153ur de notre r\u00e9gion.","breadcrumb":{"@id":"https:\/\/sudsejour.fr\/evenements-montagne-region-paca-menton-cannes-nice-carnaval-fete\/#breadcrumb"},"inLanguage":"en-US","potentialAction":[{"@type":"ReadAction","target":["https:\/\/sudsejour.fr\/evenements-montagne-region-paca-menton-cannes-nice-carnaval-fete\/"]}]},{"@type":"ImageObject","inLanguage":"en-US","@id":"https:\/\/sudsejour.fr\/evenements-montagne-region-paca-menton-cannes-nice-carnaval-fete\/#primaryimage","url":"https:\/\/sudsejour.fr\/wp-content\/uploads\/2024\/10\/unnamed-2-8.jpg","contentUrl":"https:\/\/sudsejour.fr\/wp-content\/uploads\/2024\/10\/unnamed-2-8.jpg"},{"@type":"BreadcrumbList","@id":"https:\/\/sudsejour.fr\/evenements-montagne-region-paca-menton-cannes-nice-carnaval-fete\/#breadcrumb","itemListElement":[{"@type":"ListItem","position":1,"name":"Accueil","item":"https:\/\/sudsejour.fr\/en\/"},{"@type":"ListItem","position":2,"name":"\u00c9v\u00e9nements"}]},{"@type":"WebSite","@id":"https:\/\/sudsejour.fr\/en\/#website","url":"https:\/\/sudsejour.fr\/en\/","name":"sudsejour","description":"Explorez, r\u00eavez, s\u00e9journez !","publisher":{"@id":"https:\/\/sudsejour.fr\/en\/#organization"},"potentialAction":[{"@type":"SearchAction","target":{"@type":"EntryPoint","urlTemplate":"https:\/\/sudsejour.fr\/en\/?s={search_term_string}"},"query-input":{"@type":"PropertyValueSpecification","valueRequired":true,"valueName":"search_term_string"}}],"inLanguage":"en-US"},{"@type":"Organization","@id":"https:\/\/sudsejour.fr\/en\/#organization","name":"sudsejour","url":"https:\/\/sudsejour.fr\/en\/","logo":{"@type":"ImageObject","inLanguage":"en-US","@id":"https:\/\/sudsejour.fr\/en\/#\/schema\/logo\/image\/","url":"https:\/\/sudsejour.fr\/wp-content\/uploads\/2024\/10\/Capture-decran-2024-10-07-204732.jpg","contentUrl":"https:\/\/sudsejour.fr\/wp-content\/uploads\/2024\/10\/Capture-decran-2024-10-07-204732.jpg","width":449,"height":437,"caption":"sudsejour"},"image":{"@id":"https:\/\/sudsejour.fr\/en\/#\/schema\/logo\/image\/"}}]}},"_links":{"self":[{"href":"https:\/\/sudsejour.fr\/en\/wp-json\/wp\/v2\/pages\/26"}],"collection":[{"href":"https:\/\/sudsejour.fr\/en\/wp-json\/wp\/v2\/pages"}],"about":[{"href":"https:\/\/sudsejour.fr\/en\/wp-json\/wp\/v2\/types\/page"}],"author":[{"embeddable":true,"href":"https:\/\/sudsejour.fr\/en\/wp-json\/wp\/v2\/users\/1"}],"replies":[{"embeddable":true,"href":"https:\/\/sudsejour.fr\/en\/wp-json\/wp\/v2\/comments?post=26"}],"version-history":[{"count":69,"href":"https:\/\/sudsejour.fr\/en\/wp-json\/wp\/v2\/pages\/26\/revisions"}],"predecessor-version":[{"id":832,"href":"https:\/\/sudsejour.fr\/en\/wp-json\/wp\/v2\/pages\/26\/revisions\/832"}],"wp:attachment":[{"href":"https:\/\/sudsejour.fr\/en\/wp-json\/wp\/v2\/media?parent=26"}],"curies":[{"name":"wp","href":"https:\/\/api.w.org\/{rel}","templated":true}]}}