{"id":28,"date":"2024-10-07T16:41:45","date_gmt":"2024-10-07T16:41:45","guid":{"rendered":"https:\/\/sudsejour.fr\/?page_id=28"},"modified":"2024-11-18T13:05:27","modified_gmt":"2024-11-18T13:05:27","slug":"devenez-hebergeur-proposer-votre-logement-dans-la-region","status":"publish","type":"page","link":"https:\/\/sudsejour.fr\/en\/devenez-hebergeur-proposer-votre-logement-dans-la-region\/","title":{"rendered":"Devenez h\u00e9bergeur"},"content":{"rendered":"<div style=\"height:50px\" aria-hidden=\"true\" class=\"wp-block-spacer\"><\/div>\n\n\n\n<p class=\"has-text-align-center\">Vous souhaitez vous aussi faire d\u00e9couvrir notre belle r\u00e9gion ? En seulement quelques clics, devenez h\u00e9bergeur, et proposez votre bien immobilier sur notre plateforme, en remplissant le formulaire ci-dessous. Nous \u00e9tudierons au plus vite votre demande afin de revenir vers vous pour vous proposer la meilleure solution de s\u00e9jour pour vous et nos adh\u00e9rents ! N&rsquo;h\u00e9sitez pas \u00e0 d\u00e9poser des informations compl\u00e9mentaires telles qu&rsquo;un compl\u00e9ment d&rsquo;adresse ou des sp\u00e9cificit\u00e9s de votre h\u00e9bergement dont vous souhaitez nous faire part. N&rsquo;oubliez pas de cocher la case en bas de la page pour que votre demande soit prise en compte. <\/p>\n\n\n\n<p class=\"has-text-align-center\">Pour d&rsquo;autres questions li\u00e9es \u00e0 la rubrique \u00ab\u00a0Devenez h\u00e9bergeur\u00a0\u00bb, n&rsquo;h\u00e9sitez pas \u00e0 nous contacter via nos r\u00e9seaux sociaux ou notre contact qui se situe sur la page principale de notre site. En adh\u00e9rant \u00e0 notre site vous choisissez de nous faire confiance et d&rsquo;assurer un h\u00e9ritage de notre patrimoine. en accueillant des visiteurs du monde et de France. Profitez \u00e9galement de nos offres adh\u00e9rant en ce qui concerne les activit\u00e9s sur notre territoire. Pour toute autre demande, contactez nous gr\u00e2ce \u00e0 notre standard t\u00e9l\u00e9phonique disponible du lundi au vendredi de 8h \u00e0 18h30.<\/p>\n\n\n\n<div style=\"height:60px\" aria-hidden=\"true\" class=\"wp-block-spacer\"><\/div>\n\n\n<div class=\"wpforms-container wpforms-container-full wpforms-block wpforms-block-a3862a94-609d-41ca-84be-760724f7428d\" id=\"wpforms-31\"><form id=\"wpforms-form-31\" class=\"wpforms-validate wpforms-form wpforms-ajax-form\" data-formid=\"31\" method=\"post\" enctype=\"multipart\/form-data\" action=\"\/en\/wp-json\/wp\/v2\/pages\/28\" data-token=\"0c6e22a778249806677ae6ee95f27a32\" data-token-time=\"1778673430\" data-trp-original-action=\"\/en\/wp-json\/wp\/v2\/pages\/28\"><noscript class=\"wpforms-error-noscript\">Please enable JavaScript in your browser to complete this form.<\/noscript><div class=\"wpforms-field-container\"><div id=\"wpforms-31-field_7-container\" class=\"wpforms-field wpforms-field-text\" data-field-id=\"7\"><label class=\"wpforms-field-label\" for=\"wpforms-31-field_7\">H\u00e9bergeur <span class=\"wpforms-required-label\">*<\/span><\/label><input type=\"text\" id=\"wpforms-31-field_7\" class=\"wpforms-field-medium wpforms-field-required\" name=\"wpforms[fields][7]\" required><\/div><div id=\"wpforms-31-field_8-container\" class=\"wpforms-field wpforms-field-text\" data-field-id=\"8\"><label class=\"wpforms-field-label\" for=\"wpforms-31-field_8\">Type d&#039;h\u00e9bergements <span class=\"wpforms-required-label\">*<\/span><\/label><input type=\"text\" id=\"wpforms-31-field_8\" class=\"wpforms-field-medium wpforms-field-required\" name=\"wpforms[fields][8]\" required><\/div><div id=\"wpforms-31-field_9-container\" class=\"wpforms-field wpforms-field-select wpforms-field-select-style-classic\" data-field-id=\"9\"><label class=\"wpforms-field-label\" for=\"wpforms-31-field_9\">D\u00e9partement <span class=\"wpforms-required-label\">*<\/span><\/label><select id=\"wpforms-31-field_9\" class=\"wpforms-field-medium wpforms-field-required\" name=\"wpforms[fields][9]\" required=\"required\"><option value=\".\" >.<\/option><option value=\"04 - Alpes de Haute Provence\" >04 &#8211; Alpes de Haute Provence<\/option><option value=\"13 - Bouches du Rh\u00f4ne\" >13 &#8211; Bouches du Rh\u00f4ne<\/option><option value=\"83 - Var\" >83 &#8211; Var<\/option><option value=\"84 - Vaucluse\" >84 &#8211; Vaucluse<\/option><\/select><\/div><div id=\"wpforms-31-field_10-container\" class=\"wpforms-field wpforms-field-select wpforms-field-select-style-classic\" data-field-id=\"10\"><label class=\"wpforms-field-label\" for=\"wpforms-31-field_10\">Commune <span class=\"wpforms-required-label\">*<\/span><\/label><select id=\"wpforms-31-field_10\" class=\"wpforms-field-medium wpforms-field-required\" name=\"wpforms[fields][10]\" required=\"required\"><option value=\".\" >.<\/option><option value=\"Marseille (13055)\" >Marseille (13055)<\/option><option value=\"Toulon (83137)\" >Toulon (83137)<\/option><option value=\"Dignes-les-Bains (04000)\" >Dignes-les-Bains (04000)<\/option><\/select><\/div><div id=\"wpforms-31-field_11-container\" class=\"wpforms-field wpforms-field-email\" data-field-id=\"11\"><label class=\"wpforms-field-label\" for=\"wpforms-31-field_11\">E-mail <span class=\"wpforms-required-label\">*<\/span><\/label><input type=\"email\" id=\"wpforms-31-field_11\" class=\"wpforms-field-medium wpforms-field-required\" name=\"wpforms[fields][11]\" spellcheck=\"false\" required><\/div><div id=\"wpforms-31-field_13-container\" class=\"wpforms-field wpforms-field-textarea\" data-field-id=\"13\"><label class=\"wpforms-field-label\" for=\"wpforms-31-field_13\">Informations compl\u00e9mentaires<\/label><textarea id=\"wpforms-31-field_13\" class=\"wpforms-field-medium\" name=\"wpforms[fields][13]\" ><\/textarea><\/div><div id=\"wpforms-31-field_12-container\" class=\"wpforms-field wpforms-field-payment-checkbox\" data-field-id=\"12\"><label class=\"wpforms-field-label\">\u00c9l\u00e9ments de case \u00e0 cocher <span class=\"wpforms-required-label\">*<\/span><\/label><ul id=\"wpforms-31-field_12\" class=\"wpforms-field-required\"><li class=\"choice-1\"><input type=\"checkbox\" id=\"wpforms-31-field_12_1\" class=\"wpforms-payment-price\" data-amount=\"10.00\" name=\"wpforms[fields][12][]\" value=\"1\" required><label class=\"wpforms-field-label-inline\" for=\"wpforms-31-field_12_1\">J&rsquo;accepte les termes et conditions de suds\u00e9jour concernant mes informations personnelles<\/label><\/li><\/ul><\/div><\/div><!-- .wpforms-field-container --><div class=\"wpforms-submit-container\" ><input type=\"hidden\" name=\"wpforms[id]\" value=\"31\"><input type=\"hidden\" name=\"page_title\" value=\"\"><input type=\"hidden\" name=\"page_url\" value=\"https:\/\/sudsejour.fr\/en\/wp-json\/wp\/v2\/pages\/28\"><button type=\"submit\" name=\"wpforms[submit]\" id=\"wpforms-submit-31\" class=\"wpforms-submit\" data-alt-text=\"Envoi...\" data-submit-text=\"Envoyer\" aria-live=\"assertive\" value=\"wpforms-submit\">Envoyer<\/button><img loading=\"lazy\" decoding=\"async\" src=\"https:\/\/sudsejour.fr\/wp-content\/plugins\/wpforms-lite\/assets\/images\/submit-spin.svg\" class=\"wpforms-submit-spinner\" style=\"display: none;\" width=\"26\" height=\"26\" alt=\"Loading\"><\/div><input type=\"hidden\" name=\"trp-form-language\" value=\"en\"\/><\/form><\/div>  <!-- .wpforms-container -->\n\n\n<p class=\"has-text-align-center\">Pour plus d&rsquo;informations sur la gestion de vos donn\u00e9es personnelles, veuillez vous r\u00e9f\u00e9rer au site de la CNIL (cliquez sur le lien ci-dessous)<\/p>\n\n\n\n<div class=\"wp-block-buttons is-content-justification-center is-layout-flex wp-container-core-buttons-is-layout-1 wp-block-buttons-is-layout-flex\">\n<div class=\"wp-block-button\"><a class=\"wp-block-button__link has-text-align-center wp-element-button\" href=\"https:\/\/www.cnil.fr\/fr\">CNIL<\/a><\/div>\n<\/div>\n\n\n\n<div style=\"height:25px\" aria-hidden=\"true\" class=\"wp-block-spacer\"><\/div>\n\n\n<div class=\"wp-block-image\">\n<figure class=\"aligncenter size-full is-resized\"><a href=\"https:\/\/sudsejour.fr\/sudsejour-com-location-vacances-sud-france-hebergement-charte-experience-evenement-equite-sociale-sejour-insolite\/\"><img loading=\"lazy\" decoding=\"async\" width=\"449\" height=\"437\" src=\"https:\/\/sudsejour.fr\/wp-content\/uploads\/2024\/10\/Capture-decran-2024-10-07-204732.jpg\" alt=\"\" class=\"wp-image-59\" style=\"width:162px;height:auto\" srcset=\"https:\/\/sudsejour.fr\/wp-content\/uploads\/2024\/10\/Capture-decran-2024-10-07-204732.jpg 449w, https:\/\/sudsejour.fr\/wp-content\/uploads\/2024\/10\/Capture-decran-2024-10-07-204732-300x292.jpg 300w\" sizes=\"(max-width: 449px) 100vw, 449px\" \/><\/a><\/figure><\/div>\n\n\n<div style=\"height:100px\" aria-hidden=\"true\" class=\"wp-block-spacer\"><\/div>","protected":false},"excerpt":{"rendered":"<p>Vous souhaitez vous aussi faire d\u00e9couvrir notre belle r\u00e9gion ? En seulement quelques clics, devenez h\u00e9bergeur, et proposez votre bien immobilier sur notre plateforme, en remplissant le formulaire ci-dessous. Nous \u00e9tudierons au plus vite votre demande afin de revenir vers vous pour vous proposer la meilleure solution de s\u00e9jour pour [&hellip;]<\/p>","protected":false},"author":1,"featured_media":0,"parent":0,"menu_order":0,"comment_status":"closed","ping_status":"closed","template":"","meta":{"footnotes":""},"class_list":["post-28","page","type-page","status-publish","hentry"],"yoast_head":"<!-- This site is optimized with the Yoast SEO plugin v23.8 - https:\/\/yoast.com\/wordpress\/plugins\/seo\/ -->\n<title>Devenez h\u00e9bergeur - sudsejour<\/title>\n<meta name=\"description\" content=\"Vous aussi devenez h\u00e9bergeur ! Vous d\u00e9tenez un bien immobilier dans la r\u00e9gion PACA ? Faites nous le d\u00e9couvrir.\" \/>\n<meta name=\"robots\" content=\"index, follow, max-snippet:-1, max-image-preview:large, max-video-preview:-1\" \/>\n<link rel=\"canonical\" href=\"https:\/\/sudsejour.fr\/en\/devenez-hebergeur-proposer-votre-logement-dans-la-region\/\" \/>\n<meta property=\"og:locale\" content=\"en_US\" \/>\n<meta property=\"og:type\" content=\"article\" \/>\n<meta property=\"og:title\" content=\"Devenez h\u00e9bergeur - sudsejour\" \/>\n<meta property=\"og:description\" content=\"Vous aussi devenez h\u00e9bergeur ! Vous d\u00e9tenez un bien immobilier dans la r\u00e9gion PACA ? Faites nous le d\u00e9couvrir.\" \/>\n<meta property=\"og:url\" content=\"https:\/\/sudsejour.fr\/en\/devenez-hebergeur-proposer-votre-logement-dans-la-region\/\" \/>\n<meta property=\"og:site_name\" content=\"sudsejour\" \/>\n<meta property=\"article:modified_time\" content=\"2024-11-18T13:05:27+00:00\" \/>\n<meta property=\"og:image\" content=\"https:\/\/sudsejour.fr\/wp-content\/uploads\/2024\/10\/Capture-decran-2024-10-07-204732.jpg\" \/>\n<meta name=\"twitter:card\" content=\"summary_large_image\" \/>\n<meta name=\"twitter:label1\" content=\"Est. reading time\" \/>\n\t<meta name=\"twitter:data1\" content=\"2 minutes\" \/>\n<script type=\"application\/ld+json\" class=\"yoast-schema-graph\">{\"@context\":\"https:\/\/schema.org\",\"@graph\":[{\"@type\":\"WebPage\",\"@id\":\"https:\/\/sudsejour.fr\/devenez-hebergeur-proposer-votre-logement-dans-la-region\/\",\"url\":\"https:\/\/sudsejour.fr\/devenez-hebergeur-proposer-votre-logement-dans-la-region\/\",\"name\":\"Devenez h\u00e9bergeur - sudsejour\",\"isPartOf\":{\"@id\":\"https:\/\/sudsejour.fr\/en\/#website\"},\"primaryImageOfPage\":{\"@id\":\"https:\/\/sudsejour.fr\/devenez-hebergeur-proposer-votre-logement-dans-la-region\/#primaryimage\"},\"image\":{\"@id\":\"https:\/\/sudsejour.fr\/devenez-hebergeur-proposer-votre-logement-dans-la-region\/#primaryimage\"},\"thumbnailUrl\":\"https:\/\/sudsejour.fr\/wp-content\/uploads\/2024\/10\/Capture-decran-2024-10-07-204732.jpg\",\"datePublished\":\"2024-10-07T16:41:45+00:00\",\"dateModified\":\"2024-11-18T13:05:27+00:00\",\"description\":\"Vous aussi devenez h\u00e9bergeur ! Vous d\u00e9tenez un bien immobilier dans la r\u00e9gion PACA ? Faites nous le d\u00e9couvrir.\",\"breadcrumb\":{\"@id\":\"https:\/\/sudsejour.fr\/devenez-hebergeur-proposer-votre-logement-dans-la-region\/#breadcrumb\"},\"inLanguage\":\"en-US\",\"potentialAction\":[{\"@type\":\"ReadAction\",\"target\":[\"https:\/\/sudsejour.fr\/devenez-hebergeur-proposer-votre-logement-dans-la-region\/\"]}]},{\"@type\":\"ImageObject\",\"inLanguage\":\"en-US\",\"@id\":\"https:\/\/sudsejour.fr\/devenez-hebergeur-proposer-votre-logement-dans-la-region\/#primaryimage\",\"url\":\"https:\/\/sudsejour.fr\/wp-content\/uploads\/2024\/10\/Capture-decran-2024-10-07-204732.jpg\",\"contentUrl\":\"https:\/\/sudsejour.fr\/wp-content\/uploads\/2024\/10\/Capture-decran-2024-10-07-204732.jpg\"},{\"@type\":\"BreadcrumbList\",\"@id\":\"https:\/\/sudsejour.fr\/devenez-hebergeur-proposer-votre-logement-dans-la-region\/#breadcrumb\",\"itemListElement\":[{\"@type\":\"ListItem\",\"position\":1,\"name\":\"Accueil\",\"item\":\"https:\/\/sudsejour.fr\/en\/\"},{\"@type\":\"ListItem\",\"position\":2,\"name\":\"Devenez h\u00e9bergeur\"}]},{\"@type\":\"WebSite\",\"@id\":\"https:\/\/sudsejour.fr\/en\/#website\",\"url\":\"https:\/\/sudsejour.fr\/en\/\",\"name\":\"sudsejour\",\"description\":\"Explorez, r\u00eavez, s\u00e9journez !\",\"publisher\":{\"@id\":\"https:\/\/sudsejour.fr\/en\/#organization\"},\"potentialAction\":[{\"@type\":\"SearchAction\",\"target\":{\"@type\":\"EntryPoint\",\"urlTemplate\":\"https:\/\/sudsejour.fr\/en\/?s={search_term_string}\"},\"query-input\":{\"@type\":\"PropertyValueSpecification\",\"valueRequired\":true,\"valueName\":\"search_term_string\"}}],\"inLanguage\":\"en-US\"},{\"@type\":\"Organization\",\"@id\":\"https:\/\/sudsejour.fr\/en\/#organization\",\"name\":\"sudsejour\",\"url\":\"https:\/\/sudsejour.fr\/en\/\",\"logo\":{\"@type\":\"ImageObject\",\"inLanguage\":\"en-US\",\"@id\":\"https:\/\/sudsejour.fr\/en\/#\/schema\/logo\/image\/\",\"url\":\"https:\/\/sudsejour.fr\/wp-content\/uploads\/2024\/10\/Capture-decran-2024-10-07-204732.jpg\",\"contentUrl\":\"https:\/\/sudsejour.fr\/wp-content\/uploads\/2024\/10\/Capture-decran-2024-10-07-204732.jpg\",\"width\":449,\"height\":437,\"caption\":\"sudsejour\"},\"image\":{\"@id\":\"https:\/\/sudsejour.fr\/en\/#\/schema\/logo\/image\/\"}}]}<\/script>\n<!-- \/ Yoast SEO plugin. -->","yoast_head_json":{"title":"Devenez h\u00e9bergeur - sudsejour","description":"Vous aussi devenez h\u00e9bergeur ! Vous d\u00e9tenez un bien immobilier dans la r\u00e9gion PACA ? Faites nous le d\u00e9couvrir.","robots":{"index":"index","follow":"follow","max-snippet":"max-snippet:-1","max-image-preview":"max-image-preview:large","max-video-preview":"max-video-preview:-1"},"canonical":"https:\/\/sudsejour.fr\/en\/devenez-hebergeur-proposer-votre-logement-dans-la-region\/","og_locale":"en_US","og_type":"article","og_title":"Devenez h\u00e9bergeur - sudsejour","og_description":"Vous aussi devenez h\u00e9bergeur ! Vous d\u00e9tenez un bien immobilier dans la r\u00e9gion PACA ? Faites nous le d\u00e9couvrir.","og_url":"https:\/\/sudsejour.fr\/en\/devenez-hebergeur-proposer-votre-logement-dans-la-region\/","og_site_name":"sudsejour","article_modified_time":"2024-11-18T13:05:27+00:00","og_image":[{"url":"https:\/\/sudsejour.fr\/wp-content\/uploads\/2024\/10\/Capture-decran-2024-10-07-204732.jpg"}],"twitter_card":"summary_large_image","twitter_misc":{"Est. reading time":"2 minutes"},"schema":{"@context":"https:\/\/schema.org","@graph":[{"@type":"WebPage","@id":"https:\/\/sudsejour.fr\/devenez-hebergeur-proposer-votre-logement-dans-la-region\/","url":"https:\/\/sudsejour.fr\/devenez-hebergeur-proposer-votre-logement-dans-la-region\/","name":"Devenez h\u00e9bergeur - sudsejour","isPartOf":{"@id":"https:\/\/sudsejour.fr\/en\/#website"},"primaryImageOfPage":{"@id":"https:\/\/sudsejour.fr\/devenez-hebergeur-proposer-votre-logement-dans-la-region\/#primaryimage"},"image":{"@id":"https:\/\/sudsejour.fr\/devenez-hebergeur-proposer-votre-logement-dans-la-region\/#primaryimage"},"thumbnailUrl":"https:\/\/sudsejour.fr\/wp-content\/uploads\/2024\/10\/Capture-decran-2024-10-07-204732.jpg","datePublished":"2024-10-07T16:41:45+00:00","dateModified":"2024-11-18T13:05:27+00:00","description":"Vous aussi devenez h\u00e9bergeur ! Vous d\u00e9tenez un bien immobilier dans la r\u00e9gion PACA ? Faites nous le d\u00e9couvrir.","breadcrumb":{"@id":"https:\/\/sudsejour.fr\/devenez-hebergeur-proposer-votre-logement-dans-la-region\/#breadcrumb"},"inLanguage":"en-US","potentialAction":[{"@type":"ReadAction","target":["https:\/\/sudsejour.fr\/devenez-hebergeur-proposer-votre-logement-dans-la-region\/"]}]},{"@type":"ImageObject","inLanguage":"en-US","@id":"https:\/\/sudsejour.fr\/devenez-hebergeur-proposer-votre-logement-dans-la-region\/#primaryimage","url":"https:\/\/sudsejour.fr\/wp-content\/uploads\/2024\/10\/Capture-decran-2024-10-07-204732.jpg","contentUrl":"https:\/\/sudsejour.fr\/wp-content\/uploads\/2024\/10\/Capture-decran-2024-10-07-204732.jpg"},{"@type":"BreadcrumbList","@id":"https:\/\/sudsejour.fr\/devenez-hebergeur-proposer-votre-logement-dans-la-region\/#breadcrumb","itemListElement":[{"@type":"ListItem","position":1,"name":"Accueil","item":"https:\/\/sudsejour.fr\/en\/"},{"@type":"ListItem","position":2,"name":"Devenez h\u00e9bergeur"}]},{"@type":"WebSite","@id":"https:\/\/sudsejour.fr\/en\/#website","url":"https:\/\/sudsejour.fr\/en\/","name":"sudsejour","description":"Explorez, r\u00eavez, s\u00e9journez !","publisher":{"@id":"https:\/\/sudsejour.fr\/en\/#organization"},"potentialAction":[{"@type":"SearchAction","target":{"@type":"EntryPoint","urlTemplate":"https:\/\/sudsejour.fr\/en\/?s={search_term_string}"},"query-input":{"@type":"PropertyValueSpecification","valueRequired":true,"valueName":"search_term_string"}}],"inLanguage":"en-US"},{"@type":"Organization","@id":"https:\/\/sudsejour.fr\/en\/#organization","name":"sudsejour","url":"https:\/\/sudsejour.fr\/en\/","logo":{"@type":"ImageObject","inLanguage":"en-US","@id":"https:\/\/sudsejour.fr\/en\/#\/schema\/logo\/image\/","url":"https:\/\/sudsejour.fr\/wp-content\/uploads\/2024\/10\/Capture-decran-2024-10-07-204732.jpg","contentUrl":"https:\/\/sudsejour.fr\/wp-content\/uploads\/2024\/10\/Capture-decran-2024-10-07-204732.jpg","width":449,"height":437,"caption":"sudsejour"},"image":{"@id":"https:\/\/sudsejour.fr\/en\/#\/schema\/logo\/image\/"}}]}},"_links":{"self":[{"href":"https:\/\/sudsejour.fr\/en\/wp-json\/wp\/v2\/pages\/28"}],"collection":[{"href":"https:\/\/sudsejour.fr\/en\/wp-json\/wp\/v2\/pages"}],"about":[{"href":"https:\/\/sudsejour.fr\/en\/wp-json\/wp\/v2\/types\/page"}],"author":[{"embeddable":true,"href":"https:\/\/sudsejour.fr\/en\/wp-json\/wp\/v2\/users\/1"}],"replies":[{"embeddable":true,"href":"https:\/\/sudsejour.fr\/en\/wp-json\/wp\/v2\/comments?post=28"}],"version-history":[{"count":19,"href":"https:\/\/sudsejour.fr\/en\/wp-json\/wp\/v2\/pages\/28\/revisions"}],"predecessor-version":[{"id":818,"href":"https:\/\/sudsejour.fr\/en\/wp-json\/wp\/v2\/pages\/28\/revisions\/818"}],"wp:attachment":[{"href":"https:\/\/sudsejour.fr\/en\/wp-json\/wp\/v2\/media?parent=28"}],"curies":[{"name":"wp","href":"https:\/\/api.w.org\/{rel}","templated":true}]}}