{"id":413,"date":"2024-10-23T16:49:25","date_gmt":"2024-10-23T16:49:25","guid":{"rendered":"https:\/\/sudsejour.fr\/?page_id=413"},"modified":"2024-11-18T16:56:10","modified_gmt":"2024-11-18T16:56:10","slug":"reveil-en-front-de-mer-ile-soleil-pittoresque","status":"publish","type":"page","link":"https:\/\/sudsejour.fr\/en\/reveil-en-front-de-mer-ile-soleil-pittoresque\/","title":{"rendered":"R\u00e9veil en front de mer"},"content":{"rendered":"<p class=\"has-text-align-center\">Profitez d&rsquo;un r\u00e9veil en front de mer dans cette magnifique maison pleine de caract\u00e8re. Situ\u00e9e \u00e0 Saint-Jean-Cap-Ferrat, petite presqu&rsquo;\u00eele pittoresque o\u00f9 il est bon d&rsquo;y recharger ses batteries. Profitez d&rsquo;un r\u00e9veil en front de mer dans cette magnifique maison pleine de caract\u00e8re. Situ\u00e9e \u00e0 Saint-Jean-Cap-Ferrat, petite presqu&rsquo;\u00eele pittoresque, cette maison est le lieu id\u00e9al pour se ressourcer. D\u00e8s votre arriv\u00e9e, vous serez captiv\u00e9 par la beaut\u00e9 du lieu. La vue sur la mer M\u00e9diterran\u00e9e est imprenable, et chaque matin, vous vous r\u00e9veillerez avec les vagues qui viennent doucement s\u2019\u00e9craser contre le rivage.<\/p>\n\n\n\n<p class=\"has-text-align-center\">La maison, spacieuse et lumineuse, combine harmonieusement style moderne et charme proven\u00e7al. Les grandes baies vitr\u00e9es laissent entrer une lumi\u00e8re naturelle, cr\u00e9ant une atmosph\u00e8re chaleureuse. \u00c0 l\u2019ext\u00e9rieur, vous pourrez profiter d\u2019un jardin paysager et d\u2019une terrasse, id\u00e9ale pour des repas en plein air. Le jardin est un v\u00e9ritable coin de paradis, entour\u00e9 de palmiers et de fleurs, offrant une totale intimit\u00e9.<\/p>\n\n\n\n<p class=\"has-text-align-center\">En plus de la beaut\u00e9 de la maison, vous serez \u00e0 quelques pas des plages de sable fin et des criques cach\u00e9es, parfaites pour une baignade en toute tranquillit\u00e9. Vous pourrez \u00e9galement d\u00e9couvrir le sentier du littoral, qui offre des vues exceptionnelles sur la mer et la v\u00e9g\u00e9tation m\u00e9diterran\u00e9enne. Si vous pr\u00e9f\u00e9rez explorer la r\u00e9gion, le centre de Saint-Jean-Cap-Ferrat, avec ses charmantes boutiques et restaurants, est \u00e0 quelques minutes \u00e0 pied.<\/p>\n\n\n\n<p class=\"has-text-align-center\">Enfin, vous ne serez qu\u2019\u00e0 quelques kilom\u00e8tres de Nice et de Monaco, deux destinations id\u00e9ales pour des escapades culturelles ou des journ\u00e9es de shopping.<\/p>\n\n\n\n<div style=\"height:15px\" aria-hidden=\"true\" class=\"wp-block-spacer\"><\/div>\n\n\n\n<p class=\"has-text-align-center\"><strong>Tarif* :<\/strong> 180\u20ac la nuit <\/p>\n\n\n\n<div style=\"height:15px\" aria-hidden=\"true\" class=\"wp-block-spacer\"><\/div>\n\n\n\n<p>*Une r\u00e9duction de 5% s&rsquo;applique pour une r\u00e9servation \u00e0 la semaine<\/p>\n\n\n\n<div style=\"height:40px\" aria-hidden=\"true\" class=\"wp-block-spacer\"><\/div>\n\n\n\n<figure class=\"wp-block-gallery has-nested-images columns-default is-cropped wp-block-gallery-1 is-layout-flex wp-block-gallery-is-layout-flex\">\n<figure data-wp-context=\"{&quot;uploadedSrc&quot;:&quot;https:\\\/\\\/sudsejour.fr\\\/wp-content\\\/uploads\\\/2024\\\/10\\\/pexels-photo-8093107.webp&quot;,&quot;figureClassNames&quot;:&quot;wp-block-image size-large&quot;,&quot;figureStyles&quot;:null,&quot;imgClassNames&quot;:&quot;wp-image-459&quot;,&quot;imgStyles&quot;:null,&quot;targetWidth&quot;:800,&quot;targetHeight&quot;:530,&quot;scaleAttr&quot;:false,&quot;ariaLabel&quot;:&quot;Enlarge image&quot;,&quot;alt&quot;:&quot;&quot;}\" data-wp-interactive=\"core\/image\" class=\"wp-block-image size-large wp-lightbox-container\"><img loading=\"lazy\" decoding=\"async\" width=\"800\" height=\"530\" data-wp-init=\"callbacks.setButtonStyles\" data-wp-on-async--click=\"actions.showLightbox\" data-wp-on-async--load=\"callbacks.setButtonStyles\" data-wp-on-async-window--resize=\"callbacks.setButtonStyles\" data-id=\"459\" src=\"https:\/\/sudsejour.fr\/wp-content\/uploads\/2024\/10\/pexels-photo-8093107.webp\" alt=\"\" class=\"wp-image-459\" srcset=\"https:\/\/sudsejour.fr\/wp-content\/uploads\/2024\/10\/pexels-photo-8093107.webp 800w, https:\/\/sudsejour.fr\/wp-content\/uploads\/2024\/10\/pexels-photo-8093107-300x199.webp 300w, https:\/\/sudsejour.fr\/wp-content\/uploads\/2024\/10\/pexels-photo-8093107-768x509.webp 768w, https:\/\/sudsejour.fr\/wp-content\/uploads\/2024\/10\/pexels-photo-8093107-360x240.webp 360w\" sizes=\"(max-width: 800px) 100vw, 800px\" \/><button\n\t\t\tclass=\"lightbox-trigger\"\n\t\t\ttype=\"button\"\n\t\t\taria-haspopup=\"dialog\"\n\t\t\taria-label=\"Enlarge image\"\n\t\t\tdata-wp-init=\"callbacks.initTriggerButton\"\n\t\t\tdata-wp-on-async--click=\"actions.showLightbox\"\n\t\t\tdata-wp-style--right=\"context.imageButtonRight\"\n\t\t\tdata-wp-style--top=\"context.imageButtonTop\"\n\t\t>\n\t\t\t<svg xmlns=\"http:\/\/www.w3.org\/2000\/svg\" width=\"12\" height=\"12\" fill=\"none\" viewbox=\"0 0 12 12\">\n\t\t\t\t<path fill=\"#fff\" d=\"M2 0a2 2 0 0 0-2 2v2h1.5V2a.5.5 0 0 1 .5-.5h2V0H2Zm2 10.5H2a.5.5 0 0 1-.5-.5V8H0v2a2 2 0 0 0 2 2h2v-1.5ZM8 12v-1.5h2a.5.5 0 0 0 .5-.5V8H12v2a2 2 0 0 1-2 2H8Zm2-12a2 2 0 0 1 2 2v2h-1.5V2a.5.5 0 0 0-.5-.5H8V0h2Z\" \/>\n\t\t\t<\/svg>\n\t\t<\/button><\/figure>\n\n\n\n<figure data-wp-context=\"{&quot;uploadedSrc&quot;:&quot;https:\\\/\\\/sudsejour.fr\\\/wp-content\\\/uploads\\\/2024\\\/10\\\/istockphoto-1321598038-612x612-1.jpg&quot;,&quot;figureClassNames&quot;:&quot;wp-block-image size-large&quot;,&quot;figureStyles&quot;:null,&quot;imgClassNames&quot;:&quot;wp-image-461&quot;,&quot;imgStyles&quot;:null,&quot;targetWidth&quot;:612,&quot;targetHeight&quot;:408,&quot;scaleAttr&quot;:false,&quot;ariaLabel&quot;:&quot;Enlarge image&quot;,&quot;alt&quot;:&quot;&quot;}\" data-wp-interactive=\"core\/image\" class=\"wp-block-image size-large wp-lightbox-container\"><img loading=\"lazy\" decoding=\"async\" width=\"612\" height=\"408\" data-wp-init=\"callbacks.setButtonStyles\" data-wp-on-async--click=\"actions.showLightbox\" data-wp-on-async--load=\"callbacks.setButtonStyles\" data-wp-on-async-window--resize=\"callbacks.setButtonStyles\" data-id=\"461\" src=\"https:\/\/sudsejour.fr\/wp-content\/uploads\/2024\/10\/istockphoto-1321598038-612x612-1.jpg\" alt=\"\" class=\"wp-image-461\" srcset=\"https:\/\/sudsejour.fr\/wp-content\/uploads\/2024\/10\/istockphoto-1321598038-612x612-1.jpg 612w, https:\/\/sudsejour.fr\/wp-content\/uploads\/2024\/10\/istockphoto-1321598038-612x612-1-300x200.jpg 300w, https:\/\/sudsejour.fr\/wp-content\/uploads\/2024\/10\/istockphoto-1321598038-612x612-1-360x240.jpg 360w\" sizes=\"(max-width: 612px) 100vw, 612px\" \/><button\n\t\t\tclass=\"lightbox-trigger\"\n\t\t\ttype=\"button\"\n\t\t\taria-haspopup=\"dialog\"\n\t\t\taria-label=\"Enlarge image\"\n\t\t\tdata-wp-init=\"callbacks.initTriggerButton\"\n\t\t\tdata-wp-on-async--click=\"actions.showLightbox\"\n\t\t\tdata-wp-style--right=\"context.imageButtonRight\"\n\t\t\tdata-wp-style--top=\"context.imageButtonTop\"\n\t\t>\n\t\t\t<svg xmlns=\"http:\/\/www.w3.org\/2000\/svg\" width=\"12\" height=\"12\" fill=\"none\" viewbox=\"0 0 12 12\">\n\t\t\t\t<path fill=\"#fff\" d=\"M2 0a2 2 0 0 0-2 2v2h1.5V2a.5.5 0 0 1 .5-.5h2V0H2Zm2 10.5H2a.5.5 0 0 1-.5-.5V8H0v2a2 2 0 0 0 2 2h2v-1.5ZM8 12v-1.5h2a.5.5 0 0 0 .5-.5V8H12v2a2 2 0 0 1-2 2H8Zm2-12a2 2 0 0 1 2 2v2h-1.5V2a.5.5 0 0 0-.5-.5H8V0h2Z\" \/>\n\t\t\t<\/svg>\n\t\t<\/button><\/figure>\n\n\n\n<figure data-wp-context=\"{&quot;uploadedSrc&quot;:&quot;https:\\\/\\\/sudsejour.fr\\\/wp-content\\\/uploads\\\/2024\\\/10\\\/pexels-photo-6752175.webp&quot;,&quot;figureClassNames&quot;:&quot;wp-block-image size-large&quot;,&quot;figureStyles&quot;:null,&quot;imgClassNames&quot;:&quot;wp-image-462&quot;,&quot;imgStyles&quot;:null,&quot;targetWidth&quot;:800,&quot;targetHeight&quot;:533,&quot;scaleAttr&quot;:false,&quot;ariaLabel&quot;:&quot;Enlarge image&quot;,&quot;alt&quot;:&quot;&quot;}\" data-wp-interactive=\"core\/image\" class=\"wp-block-image size-large wp-lightbox-container\"><img loading=\"lazy\" decoding=\"async\" width=\"800\" height=\"533\" data-wp-init=\"callbacks.setButtonStyles\" data-wp-on-async--click=\"actions.showLightbox\" data-wp-on-async--load=\"callbacks.setButtonStyles\" data-wp-on-async-window--resize=\"callbacks.setButtonStyles\" data-id=\"462\" src=\"https:\/\/sudsejour.fr\/wp-content\/uploads\/2024\/10\/pexels-photo-6752175.webp\" alt=\"\" class=\"wp-image-462\" srcset=\"https:\/\/sudsejour.fr\/wp-content\/uploads\/2024\/10\/pexels-photo-6752175.webp 800w, https:\/\/sudsejour.fr\/wp-content\/uploads\/2024\/10\/pexels-photo-6752175-300x200.webp 300w, https:\/\/sudsejour.fr\/wp-content\/uploads\/2024\/10\/pexels-photo-6752175-768x512.webp 768w, https:\/\/sudsejour.fr\/wp-content\/uploads\/2024\/10\/pexels-photo-6752175-360x240.webp 360w\" sizes=\"(max-width: 800px) 100vw, 800px\" \/><button\n\t\t\tclass=\"lightbox-trigger\"\n\t\t\ttype=\"button\"\n\t\t\taria-haspopup=\"dialog\"\n\t\t\taria-label=\"Enlarge image\"\n\t\t\tdata-wp-init=\"callbacks.initTriggerButton\"\n\t\t\tdata-wp-on-async--click=\"actions.showLightbox\"\n\t\t\tdata-wp-style--right=\"context.imageButtonRight\"\n\t\t\tdata-wp-style--top=\"context.imageButtonTop\"\n\t\t>\n\t\t\t<svg xmlns=\"http:\/\/www.w3.org\/2000\/svg\" width=\"12\" height=\"12\" fill=\"none\" viewbox=\"0 0 12 12\">\n\t\t\t\t<path fill=\"#fff\" d=\"M2 0a2 2 0 0 0-2 2v2h1.5V2a.5.5 0 0 1 .5-.5h2V0H2Zm2 10.5H2a.5.5 0 0 1-.5-.5V8H0v2a2 2 0 0 0 2 2h2v-1.5ZM8 12v-1.5h2a.5.5 0 0 0 .5-.5V8H12v2a2 2 0 0 1-2 2H8Zm2-12a2 2 0 0 1 2 2v2h-1.5V2a.5.5 0 0 0-.5-.5H8V0h2Z\" \/>\n\t\t\t<\/svg>\n\t\t<\/button><\/figure>\n\n\n\n<figure class=\"wp-block-image size-large\"><a href=\"https:\/\/www.explorenicecotedazur.com\/saint-jean-cap-ferrat\/\"><img loading=\"lazy\" decoding=\"async\" width=\"800\" height=\"534\" data-id=\"460\" src=\"https:\/\/sudsejour.fr\/wp-content\/uploads\/2024\/10\/pexels-photo-12715501.jpeg\" alt=\"\" class=\"wp-image-460\" srcset=\"https:\/\/sudsejour.fr\/wp-content\/uploads\/2024\/10\/pexels-photo-12715501.jpeg 800w, https:\/\/sudsejour.fr\/wp-content\/uploads\/2024\/10\/pexels-photo-12715501-300x200.jpeg 300w, https:\/\/sudsejour.fr\/wp-content\/uploads\/2024\/10\/pexels-photo-12715501-768x513.jpeg 768w, https:\/\/sudsejour.fr\/wp-content\/uploads\/2024\/10\/pexels-photo-12715501-360x240.jpeg 360w\" sizes=\"(max-width: 800px) 100vw, 800px\" \/><\/a><\/figure>\n<\/figure>\n\n\n\n<div style=\"height:100px\" aria-hidden=\"true\" class=\"wp-block-spacer\"><\/div>","protected":false},"excerpt":{"rendered":"<p>Profitez d&rsquo;un r\u00e9veil en front de mer dans cette magnifique maison pleine de caract\u00e8re. Situ\u00e9e \u00e0 Saint-Jean-Cap-Ferrat, petite presqu&rsquo;\u00eele pittoresque o\u00f9 il est bon d&rsquo;y recharger ses batteries. Profitez d&rsquo;un r\u00e9veil en front de mer dans cette magnifique maison pleine de caract\u00e8re. Situ\u00e9e \u00e0 Saint-Jean-Cap-Ferrat, petite presqu&rsquo;\u00eele pittoresque, cette maison [&hellip;]<\/p>","protected":false},"author":1,"featured_media":0,"parent":0,"menu_order":0,"comment_status":"closed","ping_status":"closed","template":"","meta":{"footnotes":""},"class_list":["post-413","page","type-page","status-publish","hentry"],"yoast_head":"<!-- This site is optimized with the Yoast SEO plugin v23.8 - https:\/\/yoast.com\/wordpress\/plugins\/seo\/ -->\n<title>R\u00e9veil en front de mer - sudsejour<\/title>\n<meta name=\"description\" content=\"Profitez d&#039;un r\u00e9veil en front de mer dans cette magnifique maison pleine de caract\u00e8re. Situ\u00e9e \u00e0 Saint-Jean-Cap-Ferrat\" \/>\n<meta name=\"robots\" content=\"index, follow, max-snippet:-1, max-image-preview:large, max-video-preview:-1\" \/>\n<link rel=\"canonical\" href=\"https:\/\/sudsejour.fr\/en\/reveil-en-front-de-mer-ile-soleil-pittoresque\/\" \/>\n<meta property=\"og:locale\" content=\"en_US\" \/>\n<meta property=\"og:type\" content=\"article\" \/>\n<meta property=\"og:title\" content=\"R\u00e9veil en front de mer - sudsejour\" \/>\n<meta property=\"og:description\" content=\"Profitez d&#039;un r\u00e9veil en front de mer dans cette magnifique maison pleine de caract\u00e8re. Situ\u00e9e \u00e0 Saint-Jean-Cap-Ferrat\" \/>\n<meta property=\"og:url\" content=\"https:\/\/sudsejour.fr\/en\/reveil-en-front-de-mer-ile-soleil-pittoresque\/\" \/>\n<meta property=\"og:site_name\" content=\"sudsejour\" \/>\n<meta property=\"article:modified_time\" content=\"2024-11-18T16:56:10+00:00\" \/>\n<meta property=\"og:image\" content=\"https:\/\/sudsejour.fr\/wp-content\/uploads\/2024\/10\/pexels-photo-8093107.webp\" \/>\n\t<meta property=\"og:image:width\" content=\"800\" \/>\n\t<meta property=\"og:image:height\" content=\"530\" \/>\n\t<meta property=\"og:image:type\" content=\"image\/webp\" \/>\n<meta name=\"twitter:card\" content=\"summary_large_image\" \/>\n<meta name=\"twitter:label1\" content=\"Est. reading time\" \/>\n\t<meta name=\"twitter:data1\" content=\"3 minutes\" \/>\n<script type=\"application\/ld+json\" class=\"yoast-schema-graph\">{\"@context\":\"https:\/\/schema.org\",\"@graph\":[{\"@type\":\"WebPage\",\"@id\":\"https:\/\/sudsejour.fr\/reveil-en-front-de-mer-ile-soleil-pittoresque\/\",\"url\":\"https:\/\/sudsejour.fr\/reveil-en-front-de-mer-ile-soleil-pittoresque\/\",\"name\":\"R\u00e9veil en front de mer - sudsejour\",\"isPartOf\":{\"@id\":\"https:\/\/sudsejour.fr\/en\/#website\"},\"primaryImageOfPage\":{\"@id\":\"https:\/\/sudsejour.fr\/reveil-en-front-de-mer-ile-soleil-pittoresque\/#primaryimage\"},\"image\":{\"@id\":\"https:\/\/sudsejour.fr\/reveil-en-front-de-mer-ile-soleil-pittoresque\/#primaryimage\"},\"thumbnailUrl\":\"https:\/\/sudsejour.fr\/wp-content\/uploads\/2024\/10\/pexels-photo-8093107.webp\",\"datePublished\":\"2024-10-23T16:49:25+00:00\",\"dateModified\":\"2024-11-18T16:56:10+00:00\",\"description\":\"Profitez d'un r\u00e9veil en front de mer dans cette magnifique maison pleine de caract\u00e8re. Situ\u00e9e \u00e0 Saint-Jean-Cap-Ferrat\",\"breadcrumb\":{\"@id\":\"https:\/\/sudsejour.fr\/reveil-en-front-de-mer-ile-soleil-pittoresque\/#breadcrumb\"},\"inLanguage\":\"en-US\",\"potentialAction\":[{\"@type\":\"ReadAction\",\"target\":[\"https:\/\/sudsejour.fr\/reveil-en-front-de-mer-ile-soleil-pittoresque\/\"]}]},{\"@type\":\"ImageObject\",\"inLanguage\":\"en-US\",\"@id\":\"https:\/\/sudsejour.fr\/reveil-en-front-de-mer-ile-soleil-pittoresque\/#primaryimage\",\"url\":\"https:\/\/sudsejour.fr\/wp-content\/uploads\/2024\/10\/pexels-photo-8093107.webp\",\"contentUrl\":\"https:\/\/sudsejour.fr\/wp-content\/uploads\/2024\/10\/pexels-photo-8093107.webp\"},{\"@type\":\"BreadcrumbList\",\"@id\":\"https:\/\/sudsejour.fr\/reveil-en-front-de-mer-ile-soleil-pittoresque\/#breadcrumb\",\"itemListElement\":[{\"@type\":\"ListItem\",\"position\":1,\"name\":\"Accueil\",\"item\":\"https:\/\/sudsejour.fr\/en\/\"},{\"@type\":\"ListItem\",\"position\":2,\"name\":\"R\u00e9veil en front de mer\"}]},{\"@type\":\"WebSite\",\"@id\":\"https:\/\/sudsejour.fr\/en\/#website\",\"url\":\"https:\/\/sudsejour.fr\/en\/\",\"name\":\"sudsejour\",\"description\":\"Explorez, r\u00eavez, s\u00e9journez !\",\"publisher\":{\"@id\":\"https:\/\/sudsejour.fr\/en\/#organization\"},\"potentialAction\":[{\"@type\":\"SearchAction\",\"target\":{\"@type\":\"EntryPoint\",\"urlTemplate\":\"https:\/\/sudsejour.fr\/en\/?s={search_term_string}\"},\"query-input\":{\"@type\":\"PropertyValueSpecification\",\"valueRequired\":true,\"valueName\":\"search_term_string\"}}],\"inLanguage\":\"en-US\"},{\"@type\":\"Organization\",\"@id\":\"https:\/\/sudsejour.fr\/en\/#organization\",\"name\":\"sudsejour\",\"url\":\"https:\/\/sudsejour.fr\/en\/\",\"logo\":{\"@type\":\"ImageObject\",\"inLanguage\":\"en-US\",\"@id\":\"https:\/\/sudsejour.fr\/en\/#\/schema\/logo\/image\/\",\"url\":\"https:\/\/sudsejour.fr\/wp-content\/uploads\/2024\/10\/Capture-decran-2024-10-07-204732.jpg\",\"contentUrl\":\"https:\/\/sudsejour.fr\/wp-content\/uploads\/2024\/10\/Capture-decran-2024-10-07-204732.jpg\",\"width\":449,\"height\":437,\"caption\":\"sudsejour\"},\"image\":{\"@id\":\"https:\/\/sudsejour.fr\/en\/#\/schema\/logo\/image\/\"}}]}<\/script>\n<!-- \/ Yoast SEO plugin. -->","yoast_head_json":{"title":"R\u00e9veil en front de mer - sudsejour","description":"Profitez d'un r\u00e9veil en front de mer dans cette magnifique maison pleine de caract\u00e8re. Situ\u00e9e \u00e0 Saint-Jean-Cap-Ferrat","robots":{"index":"index","follow":"follow","max-snippet":"max-snippet:-1","max-image-preview":"max-image-preview:large","max-video-preview":"max-video-preview:-1"},"canonical":"https:\/\/sudsejour.fr\/en\/reveil-en-front-de-mer-ile-soleil-pittoresque\/","og_locale":"en_US","og_type":"article","og_title":"R\u00e9veil en front de mer - sudsejour","og_description":"Profitez d'un r\u00e9veil en front de mer dans cette magnifique maison pleine de caract\u00e8re. Situ\u00e9e \u00e0 Saint-Jean-Cap-Ferrat","og_url":"https:\/\/sudsejour.fr\/en\/reveil-en-front-de-mer-ile-soleil-pittoresque\/","og_site_name":"sudsejour","article_modified_time":"2024-11-18T16:56:10+00:00","og_image":[{"width":800,"height":530,"url":"https:\/\/sudsejour.fr\/wp-content\/uploads\/2024\/10\/pexels-photo-8093107.webp","type":"image\/webp"}],"twitter_card":"summary_large_image","twitter_misc":{"Est. reading time":"3 minutes"},"schema":{"@context":"https:\/\/schema.org","@graph":[{"@type":"WebPage","@id":"https:\/\/sudsejour.fr\/reveil-en-front-de-mer-ile-soleil-pittoresque\/","url":"https:\/\/sudsejour.fr\/reveil-en-front-de-mer-ile-soleil-pittoresque\/","name":"R\u00e9veil en front de mer - sudsejour","isPartOf":{"@id":"https:\/\/sudsejour.fr\/en\/#website"},"primaryImageOfPage":{"@id":"https:\/\/sudsejour.fr\/reveil-en-front-de-mer-ile-soleil-pittoresque\/#primaryimage"},"image":{"@id":"https:\/\/sudsejour.fr\/reveil-en-front-de-mer-ile-soleil-pittoresque\/#primaryimage"},"thumbnailUrl":"https:\/\/sudsejour.fr\/wp-content\/uploads\/2024\/10\/pexels-photo-8093107.webp","datePublished":"2024-10-23T16:49:25+00:00","dateModified":"2024-11-18T16:56:10+00:00","description":"Profitez d'un r\u00e9veil en front de mer dans cette magnifique maison pleine de caract\u00e8re. Situ\u00e9e \u00e0 Saint-Jean-Cap-Ferrat","breadcrumb":{"@id":"https:\/\/sudsejour.fr\/reveil-en-front-de-mer-ile-soleil-pittoresque\/#breadcrumb"},"inLanguage":"en-US","potentialAction":[{"@type":"ReadAction","target":["https:\/\/sudsejour.fr\/reveil-en-front-de-mer-ile-soleil-pittoresque\/"]}]},{"@type":"ImageObject","inLanguage":"en-US","@id":"https:\/\/sudsejour.fr\/reveil-en-front-de-mer-ile-soleil-pittoresque\/#primaryimage","url":"https:\/\/sudsejour.fr\/wp-content\/uploads\/2024\/10\/pexels-photo-8093107.webp","contentUrl":"https:\/\/sudsejour.fr\/wp-content\/uploads\/2024\/10\/pexels-photo-8093107.webp"},{"@type":"BreadcrumbList","@id":"https:\/\/sudsejour.fr\/reveil-en-front-de-mer-ile-soleil-pittoresque\/#breadcrumb","itemListElement":[{"@type":"ListItem","position":1,"name":"Accueil","item":"https:\/\/sudsejour.fr\/en\/"},{"@type":"ListItem","position":2,"name":"R\u00e9veil en front de mer"}]},{"@type":"WebSite","@id":"https:\/\/sudsejour.fr\/en\/#website","url":"https:\/\/sudsejour.fr\/en\/","name":"sudsejour","description":"Explorez, r\u00eavez, s\u00e9journez !","publisher":{"@id":"https:\/\/sudsejour.fr\/en\/#organization"},"potentialAction":[{"@type":"SearchAction","target":{"@type":"EntryPoint","urlTemplate":"https:\/\/sudsejour.fr\/en\/?s={search_term_string}"},"query-input":{"@type":"PropertyValueSpecification","valueRequired":true,"valueName":"search_term_string"}}],"inLanguage":"en-US"},{"@type":"Organization","@id":"https:\/\/sudsejour.fr\/en\/#organization","name":"sudsejour","url":"https:\/\/sudsejour.fr\/en\/","logo":{"@type":"ImageObject","inLanguage":"en-US","@id":"https:\/\/sudsejour.fr\/en\/#\/schema\/logo\/image\/","url":"https:\/\/sudsejour.fr\/wp-content\/uploads\/2024\/10\/Capture-decran-2024-10-07-204732.jpg","contentUrl":"https:\/\/sudsejour.fr\/wp-content\/uploads\/2024\/10\/Capture-decran-2024-10-07-204732.jpg","width":449,"height":437,"caption":"sudsejour"},"image":{"@id":"https:\/\/sudsejour.fr\/en\/#\/schema\/logo\/image\/"}}]}},"_links":{"self":[{"href":"https:\/\/sudsejour.fr\/en\/wp-json\/wp\/v2\/pages\/413"}],"collection":[{"href":"https:\/\/sudsejour.fr\/en\/wp-json\/wp\/v2\/pages"}],"about":[{"href":"https:\/\/sudsejour.fr\/en\/wp-json\/wp\/v2\/types\/page"}],"author":[{"embeddable":true,"href":"https:\/\/sudsejour.fr\/en\/wp-json\/wp\/v2\/users\/1"}],"replies":[{"embeddable":true,"href":"https:\/\/sudsejour.fr\/en\/wp-json\/wp\/v2\/comments?post=413"}],"version-history":[{"count":14,"href":"https:\/\/sudsejour.fr\/en\/wp-json\/wp\/v2\/pages\/413\/revisions"}],"predecessor-version":[{"id":916,"href":"https:\/\/sudsejour.fr\/en\/wp-json\/wp\/v2\/pages\/413\/revisions\/916"}],"wp:attachment":[{"href":"https:\/\/sudsejour.fr\/en\/wp-json\/wp\/v2\/media?parent=413"}],"curies":[{"name":"wp","href":"https:\/\/api.w.org\/{rel}","templated":true}]}}