{"id":443,"date":"2024-10-23T17:30:35","date_gmt":"2024-10-23T17:30:35","guid":{"rendered":"https:\/\/sudsejour.fr\/?page_id=443"},"modified":"2024-11-18T17:19:18","modified_gmt":"2024-11-18T17:19:18","slug":"detente-a-nice-spa-sauna-massage","status":"publish","type":"page","link":"https:\/\/sudsejour.fr\/en\/detente-a-nice-spa-sauna-massage\/","title":{"rendered":"D\u00e9tente \u00e0 Nice"},"content":{"rendered":"<p class=\"has-text-align-center\">D\u00e9couvrez notre site spa et sauna, pour un moment de d\u00e9tente \u00e0 Nice. D\u00e9couvrez notre site spa et sauna, pour un moment de d\u00e9tente \u00e0 Nice. Situ\u00e9 au c\u0153ur de la ville, cet espace vous invite \u00e0 vous ressourcer dans une atmosph\u00e8re de calme et de bien-\u00eatre. D\u00e8s votre arriv\u00e9e, vous serez accueilli par une ambiance apaisante, propice \u00e0 la relaxation. Vous pourrez profiter d\u2019un spa chauff\u00e9, o\u00f9 l&rsquo;eau cristalline et les jets massants vous offriront une sensation de relaxation profonde. Le sauna, quant \u00e0 lui, vous permettra de vous d\u00e9tendre tout en \u00e9liminant les toxines de votre corps.<\/p>\n\n\n\n<p class=\"has-text-align-center\">De plus, notre \u00e9quipe professionnelle est l\u00e0 pour vous guider et personnaliser votre exp\u00e9rience selon vos besoins. Vous pourrez choisir parmi une gamme de soins : massages relaxants, gommages du corps ou soins du visage, tous r\u00e9alis\u00e9s avec des produits de qualit\u00e9. Le spa est con\u00e7u pour vous offrir une v\u00e9ritable parenth\u00e8se de douceur et de bien-\u00eatre. Que ce soit pour une escapade en solo, en couple ou entre amis, cet espace est id\u00e9al pour se recentrer et \u00e9chapper \u00e0 l\u2019agitation du quotidien.<\/p>\n\n\n\n<p class=\"has-text-align-center\">\u00c0 la suite de votre s\u00e9ance, vous pourrez profiter de notre espace d\u00e9tente, o\u00f9 vous pourrez savourer une infusion chaude ou simplement vous relaxer en \u00e9coutant la musique douce qui vous entoure. Le cadre, avec sa d\u00e9coration moderne et \u00e9l\u00e9gante, contribue \u00e0 cr\u00e9er une ambiance zen et apaisante. Si vous le souhaitez, vous pourrez \u00e9galement b\u00e9n\u00e9ficier d\u2019un acc\u00e8s \u00e0 notre espace de relaxation ext\u00e9rieur, o\u00f9 vous pourrez profiter de la vue tout en continuant votre moment de tranquillit\u00e9.<\/p>\n\n\n\n<p class=\"has-text-align-center\">En somme, notre spa et sauna \u00e0 Nice sont l&rsquo;endroit parfait pour se d\u00e9tendre et se revitaliser.<\/p>\n\n\n\n<div style=\"height:15px\" aria-hidden=\"true\" class=\"wp-block-spacer\"><\/div>\n\n\n\n<div class=\"wp-block-group\"><div class=\"wp-block-group__inner-container is-layout-constrained wp-block-group-is-layout-constrained\">\n<p class=\"has-text-align-center\"><strong>Formule cadeau<\/strong> (spa + sauna + massage) : 95\u20ac<\/p>\n\n\n\n<p class=\"has-text-align-center\"><strong>Spa et sauna<\/strong> (1h30) : 50\u20ac (par personne)<\/p>\n\n\n\n<p class=\"has-text-align-center\"><strong>Massage<\/strong> (45min) : 50\u20ac (par personne)<\/p>\n<\/div><\/div>\n\n\n\n<div style=\"height:30px\" aria-hidden=\"true\" class=\"wp-block-spacer\"><\/div>\n\n\n\n<figure class=\"wp-block-gallery has-nested-images columns-default is-cropped wp-block-gallery-1 is-layout-flex wp-block-gallery-is-layout-flex\">\n<figure data-wp-context=\"{&quot;uploadedSrc&quot;:&quot;https:\\\/\\\/sudsejour.fr\\\/wp-content\\\/uploads\\\/2024\\\/10\\\/istockphoto-1325095289-612x612-1.jpg&quot;,&quot;figureClassNames&quot;:&quot;wp-block-image size-large&quot;,&quot;figureStyles&quot;:null,&quot;imgClassNames&quot;:&quot;wp-image-477&quot;,&quot;imgStyles&quot;:null,&quot;targetWidth&quot;:612,&quot;targetHeight&quot;:408,&quot;scaleAttr&quot;:false,&quot;ariaLabel&quot;:&quot;Enlarge image&quot;,&quot;alt&quot;:&quot;&quot;}\" data-wp-interactive=\"core\/image\" class=\"wp-block-image size-large wp-lightbox-container\"><img loading=\"lazy\" decoding=\"async\" width=\"612\" height=\"408\" data-wp-init=\"callbacks.setButtonStyles\" data-wp-on-async--click=\"actions.showLightbox\" data-wp-on-async--load=\"callbacks.setButtonStyles\" data-wp-on-async-window--resize=\"callbacks.setButtonStyles\" data-id=\"477\" src=\"https:\/\/sudsejour.fr\/wp-content\/uploads\/2024\/10\/istockphoto-1325095289-612x612-1.jpg\" alt=\"\" class=\"wp-image-477\" srcset=\"https:\/\/sudsejour.fr\/wp-content\/uploads\/2024\/10\/istockphoto-1325095289-612x612-1.jpg 612w, https:\/\/sudsejour.fr\/wp-content\/uploads\/2024\/10\/istockphoto-1325095289-612x612-1-300x200.jpg 300w, https:\/\/sudsejour.fr\/wp-content\/uploads\/2024\/10\/istockphoto-1325095289-612x612-1-360x240.jpg 360w\" sizes=\"(max-width: 612px) 100vw, 612px\" \/><button\n\t\t\tclass=\"lightbox-trigger\"\n\t\t\ttype=\"button\"\n\t\t\taria-haspopup=\"dialog\"\n\t\t\taria-label=\"Enlarge image\"\n\t\t\tdata-wp-init=\"callbacks.initTriggerButton\"\n\t\t\tdata-wp-on-async--click=\"actions.showLightbox\"\n\t\t\tdata-wp-style--right=\"context.imageButtonRight\"\n\t\t\tdata-wp-style--top=\"context.imageButtonTop\"\n\t\t>\n\t\t\t<svg xmlns=\"http:\/\/www.w3.org\/2000\/svg\" width=\"12\" height=\"12\" fill=\"none\" viewbox=\"0 0 12 12\">\n\t\t\t\t<path fill=\"#fff\" d=\"M2 0a2 2 0 0 0-2 2v2h1.5V2a.5.5 0 0 1 .5-.5h2V0H2Zm2 10.5H2a.5.5 0 0 1-.5-.5V8H0v2a2 2 0 0 0 2 2h2v-1.5ZM8 12v-1.5h2a.5.5 0 0 0 .5-.5V8H12v2a2 2 0 0 1-2 2H8Zm2-12a2 2 0 0 1 2 2v2h-1.5V2a.5.5 0 0 0-.5-.5H8V0h2Z\" \/>\n\t\t\t<\/svg>\n\t\t<\/button><\/figure>\n\n\n\n<figure data-wp-context=\"{&quot;uploadedSrc&quot;:&quot;https:\\\/\\\/sudsejour.fr\\\/wp-content\\\/uploads\\\/2024\\\/10\\\/pexels-photo-6667425.webp&quot;,&quot;figureClassNames&quot;:&quot;wp-block-image size-large&quot;,&quot;figureStyles&quot;:null,&quot;imgClassNames&quot;:&quot;wp-image-478&quot;,&quot;imgStyles&quot;:null,&quot;targetWidth&quot;:800,&quot;targetHeight&quot;:534,&quot;scaleAttr&quot;:false,&quot;ariaLabel&quot;:&quot;Enlarge image&quot;,&quot;alt&quot;:&quot;&quot;}\" data-wp-interactive=\"core\/image\" class=\"wp-block-image size-large wp-lightbox-container\"><img loading=\"lazy\" decoding=\"async\" width=\"800\" height=\"534\" data-wp-init=\"callbacks.setButtonStyles\" data-wp-on-async--click=\"actions.showLightbox\" data-wp-on-async--load=\"callbacks.setButtonStyles\" data-wp-on-async-window--resize=\"callbacks.setButtonStyles\" data-id=\"478\" src=\"https:\/\/sudsejour.fr\/wp-content\/uploads\/2024\/10\/pexels-photo-6667425.webp\" alt=\"\" class=\"wp-image-478\" srcset=\"https:\/\/sudsejour.fr\/wp-content\/uploads\/2024\/10\/pexels-photo-6667425.webp 800w, https:\/\/sudsejour.fr\/wp-content\/uploads\/2024\/10\/pexels-photo-6667425-300x200.webp 300w, https:\/\/sudsejour.fr\/wp-content\/uploads\/2024\/10\/pexels-photo-6667425-768x513.webp 768w, https:\/\/sudsejour.fr\/wp-content\/uploads\/2024\/10\/pexels-photo-6667425-360x240.webp 360w\" sizes=\"(max-width: 800px) 100vw, 800px\" \/><button\n\t\t\tclass=\"lightbox-trigger\"\n\t\t\ttype=\"button\"\n\t\t\taria-haspopup=\"dialog\"\n\t\t\taria-label=\"Enlarge image\"\n\t\t\tdata-wp-init=\"callbacks.initTriggerButton\"\n\t\t\tdata-wp-on-async--click=\"actions.showLightbox\"\n\t\t\tdata-wp-style--right=\"context.imageButtonRight\"\n\t\t\tdata-wp-style--top=\"context.imageButtonTop\"\n\t\t>\n\t\t\t<svg xmlns=\"http:\/\/www.w3.org\/2000\/svg\" width=\"12\" height=\"12\" fill=\"none\" viewbox=\"0 0 12 12\">\n\t\t\t\t<path fill=\"#fff\" d=\"M2 0a2 2 0 0 0-2 2v2h1.5V2a.5.5 0 0 1 .5-.5h2V0H2Zm2 10.5H2a.5.5 0 0 1-.5-.5V8H0v2a2 2 0 0 0 2 2h2v-1.5ZM8 12v-1.5h2a.5.5 0 0 0 .5-.5V8H12v2a2 2 0 0 1-2 2H8Zm2-12a2 2 0 0 1 2 2v2h-1.5V2a.5.5 0 0 0-.5-.5H8V0h2Z\" \/>\n\t\t\t<\/svg>\n\t\t<\/button><\/figure>\n\n\n\n<figure data-wp-context=\"{&quot;uploadedSrc&quot;:&quot;https:\\\/\\\/sudsejour.fr\\\/wp-content\\\/uploads\\\/2024\\\/10\\\/pexels-photo-8092430.webp&quot;,&quot;figureClassNames&quot;:&quot;wp-block-image size-large&quot;,&quot;figureStyles&quot;:null,&quot;imgClassNames&quot;:&quot;wp-image-479&quot;,&quot;imgStyles&quot;:null,&quot;targetWidth&quot;:800,&quot;targetHeight&quot;:534,&quot;scaleAttr&quot;:false,&quot;ariaLabel&quot;:&quot;Enlarge image&quot;,&quot;alt&quot;:&quot;&quot;}\" data-wp-interactive=\"core\/image\" class=\"wp-block-image size-large wp-lightbox-container\"><img loading=\"lazy\" decoding=\"async\" width=\"800\" height=\"534\" data-wp-init=\"callbacks.setButtonStyles\" data-wp-on-async--click=\"actions.showLightbox\" data-wp-on-async--load=\"callbacks.setButtonStyles\" data-wp-on-async-window--resize=\"callbacks.setButtonStyles\" data-id=\"479\" src=\"https:\/\/sudsejour.fr\/wp-content\/uploads\/2024\/10\/pexels-photo-8092430.webp\" alt=\"\" class=\"wp-image-479\" srcset=\"https:\/\/sudsejour.fr\/wp-content\/uploads\/2024\/10\/pexels-photo-8092430.webp 800w, https:\/\/sudsejour.fr\/wp-content\/uploads\/2024\/10\/pexels-photo-8092430-300x200.webp 300w, https:\/\/sudsejour.fr\/wp-content\/uploads\/2024\/10\/pexels-photo-8092430-768x513.webp 768w, https:\/\/sudsejour.fr\/wp-content\/uploads\/2024\/10\/pexels-photo-8092430-360x240.webp 360w\" sizes=\"(max-width: 800px) 100vw, 800px\" \/><button\n\t\t\tclass=\"lightbox-trigger\"\n\t\t\ttype=\"button\"\n\t\t\taria-haspopup=\"dialog\"\n\t\t\taria-label=\"Enlarge image\"\n\t\t\tdata-wp-init=\"callbacks.initTriggerButton\"\n\t\t\tdata-wp-on-async--click=\"actions.showLightbox\"\n\t\t\tdata-wp-style--right=\"context.imageButtonRight\"\n\t\t\tdata-wp-style--top=\"context.imageButtonTop\"\n\t\t>\n\t\t\t<svg xmlns=\"http:\/\/www.w3.org\/2000\/svg\" width=\"12\" height=\"12\" fill=\"none\" viewbox=\"0 0 12 12\">\n\t\t\t\t<path fill=\"#fff\" d=\"M2 0a2 2 0 0 0-2 2v2h1.5V2a.5.5 0 0 1 .5-.5h2V0H2Zm2 10.5H2a.5.5 0 0 1-.5-.5V8H0v2a2 2 0 0 0 2 2h2v-1.5ZM8 12v-1.5h2a.5.5 0 0 0 .5-.5V8H12v2a2 2 0 0 1-2 2H8Zm2-12a2 2 0 0 1 2 2v2h-1.5V2a.5.5 0 0 0-.5-.5H8V0h2Z\" \/>\n\t\t\t<\/svg>\n\t\t<\/button><\/figure>\n\n\n\n<figure data-wp-context=\"{&quot;uploadedSrc&quot;:&quot;https:\\\/\\\/sudsejour.fr\\\/wp-content\\\/uploads\\\/2024\\\/10\\\/pexels-photo-14929512.jpeg&quot;,&quot;figureClassNames&quot;:&quot;wp-block-image size-large&quot;,&quot;figureStyles&quot;:null,&quot;imgClassNames&quot;:&quot;wp-image-482&quot;,&quot;imgStyles&quot;:null,&quot;targetWidth&quot;:800,&quot;targetHeight&quot;:450,&quot;scaleAttr&quot;:false,&quot;ariaLabel&quot;:&quot;Enlarge image&quot;,&quot;alt&quot;:&quot;&quot;}\" data-wp-interactive=\"core\/image\" class=\"wp-block-image size-large wp-lightbox-container\"><img loading=\"lazy\" decoding=\"async\" width=\"800\" height=\"450\" data-wp-init=\"callbacks.setButtonStyles\" data-wp-on-async--click=\"actions.showLightbox\" data-wp-on-async--load=\"callbacks.setButtonStyles\" data-wp-on-async-window--resize=\"callbacks.setButtonStyles\" data-id=\"482\" src=\"https:\/\/sudsejour.fr\/wp-content\/uploads\/2024\/10\/pexels-photo-14929512.jpeg\" alt=\"\" class=\"wp-image-482\" srcset=\"https:\/\/sudsejour.fr\/wp-content\/uploads\/2024\/10\/pexels-photo-14929512.jpeg 800w, https:\/\/sudsejour.fr\/wp-content\/uploads\/2024\/10\/pexels-photo-14929512-300x169.jpeg 300w, https:\/\/sudsejour.fr\/wp-content\/uploads\/2024\/10\/pexels-photo-14929512-768x432.jpeg 768w\" sizes=\"(max-width: 800px) 100vw, 800px\" \/><button\n\t\t\tclass=\"lightbox-trigger\"\n\t\t\ttype=\"button\"\n\t\t\taria-haspopup=\"dialog\"\n\t\t\taria-label=\"Enlarge image\"\n\t\t\tdata-wp-init=\"callbacks.initTriggerButton\"\n\t\t\tdata-wp-on-async--click=\"actions.showLightbox\"\n\t\t\tdata-wp-style--right=\"context.imageButtonRight\"\n\t\t\tdata-wp-style--top=\"context.imageButtonTop\"\n\t\t>\n\t\t\t<svg xmlns=\"http:\/\/www.w3.org\/2000\/svg\" width=\"12\" height=\"12\" fill=\"none\" viewbox=\"0 0 12 12\">\n\t\t\t\t<path fill=\"#fff\" d=\"M2 0a2 2 0 0 0-2 2v2h1.5V2a.5.5 0 0 1 .5-.5h2V0H2Zm2 10.5H2a.5.5 0 0 1-.5-.5V8H0v2a2 2 0 0 0 2 2h2v-1.5ZM8 12v-1.5h2a.5.5 0 0 0 .5-.5V8H12v2a2 2 0 0 1-2 2H8Zm2-12a2 2 0 0 1 2 2v2h-1.5V2a.5.5 0 0 0-.5-.5H8V0h2Z\" \/>\n\t\t\t<\/svg>\n\t\t<\/button><\/figure>\n<\/figure>","protected":false},"excerpt":{"rendered":"<p>D\u00e9couvrez notre site spa et sauna, pour un moment de d\u00e9tente \u00e0 Nice. D\u00e9couvrez notre site spa et sauna, pour un moment de d\u00e9tente \u00e0 Nice. Situ\u00e9 au c\u0153ur de la ville, cet espace vous invite \u00e0 vous ressourcer dans une atmosph\u00e8re de calme et de bien-\u00eatre. D\u00e8s votre arriv\u00e9e, [&hellip;]<\/p>","protected":false},"author":1,"featured_media":0,"parent":0,"menu_order":0,"comment_status":"closed","ping_status":"closed","template":"","meta":{"footnotes":""},"class_list":["post-443","page","type-page","status-publish","hentry"],"yoast_head":"<!-- This site is optimized with the Yoast SEO plugin v23.8 - https:\/\/yoast.com\/wordpress\/plugins\/seo\/ -->\n<title>D\u00e9tente \u00e0 Nice - sudsejour<\/title>\n<meta name=\"description\" content=\"D\u00e9couvrez notre site spa et sauna, pour un moment de d\u00e9tente \u00e0 Nice. Situ\u00e9 en plein c\u0153ur de la ville, il est facilement accessible.\" \/>\n<meta name=\"robots\" content=\"index, follow, max-snippet:-1, max-image-preview:large, max-video-preview:-1\" \/>\n<link rel=\"canonical\" href=\"https:\/\/sudsejour.fr\/en\/detente-a-nice-spa-sauna-massage\/\" \/>\n<meta property=\"og:locale\" content=\"en_US\" \/>\n<meta property=\"og:type\" content=\"article\" \/>\n<meta property=\"og:title\" content=\"D\u00e9tente \u00e0 Nice - sudsejour\" \/>\n<meta property=\"og:description\" content=\"D\u00e9couvrez notre site spa et sauna, pour un moment de d\u00e9tente \u00e0 Nice. Situ\u00e9 en plein c\u0153ur de la ville, il est facilement accessible.\" \/>\n<meta property=\"og:url\" content=\"https:\/\/sudsejour.fr\/en\/detente-a-nice-spa-sauna-massage\/\" \/>\n<meta property=\"og:site_name\" content=\"sudsejour\" \/>\n<meta property=\"article:modified_time\" content=\"2024-11-18T17:19:18+00:00\" \/>\n<meta property=\"og:image\" content=\"https:\/\/sudsejour.fr\/wp-content\/uploads\/2024\/10\/istockphoto-1325095289-612x612-1.jpg\" \/>\n\t<meta property=\"og:image:width\" content=\"612\" \/>\n\t<meta property=\"og:image:height\" content=\"408\" \/>\n\t<meta property=\"og:image:type\" content=\"image\/jpeg\" \/>\n<meta name=\"twitter:card\" content=\"summary_large_image\" \/>\n<meta name=\"twitter:label1\" content=\"Est. reading time\" \/>\n\t<meta name=\"twitter:data1\" content=\"3 minutes\" \/>\n<script type=\"application\/ld+json\" class=\"yoast-schema-graph\">{\"@context\":\"https:\/\/schema.org\",\"@graph\":[{\"@type\":\"WebPage\",\"@id\":\"https:\/\/sudsejour.fr\/detente-a-nice-spa-sauna-massage\/\",\"url\":\"https:\/\/sudsejour.fr\/detente-a-nice-spa-sauna-massage\/\",\"name\":\"D\u00e9tente \u00e0 Nice - sudsejour\",\"isPartOf\":{\"@id\":\"https:\/\/sudsejour.fr\/en\/#website\"},\"primaryImageOfPage\":{\"@id\":\"https:\/\/sudsejour.fr\/detente-a-nice-spa-sauna-massage\/#primaryimage\"},\"image\":{\"@id\":\"https:\/\/sudsejour.fr\/detente-a-nice-spa-sauna-massage\/#primaryimage\"},\"thumbnailUrl\":\"https:\/\/sudsejour.fr\/wp-content\/uploads\/2024\/10\/istockphoto-1325095289-612x612-1.jpg\",\"datePublished\":\"2024-10-23T17:30:35+00:00\",\"dateModified\":\"2024-11-18T17:19:18+00:00\",\"description\":\"D\u00e9couvrez notre site spa et sauna, pour un moment de d\u00e9tente \u00e0 Nice. Situ\u00e9 en plein c\u0153ur de la ville, il est facilement accessible.\",\"breadcrumb\":{\"@id\":\"https:\/\/sudsejour.fr\/detente-a-nice-spa-sauna-massage\/#breadcrumb\"},\"inLanguage\":\"en-US\",\"potentialAction\":[{\"@type\":\"ReadAction\",\"target\":[\"https:\/\/sudsejour.fr\/detente-a-nice-spa-sauna-massage\/\"]}]},{\"@type\":\"ImageObject\",\"inLanguage\":\"en-US\",\"@id\":\"https:\/\/sudsejour.fr\/detente-a-nice-spa-sauna-massage\/#primaryimage\",\"url\":\"https:\/\/sudsejour.fr\/wp-content\/uploads\/2024\/10\/istockphoto-1325095289-612x612-1.jpg\",\"contentUrl\":\"https:\/\/sudsejour.fr\/wp-content\/uploads\/2024\/10\/istockphoto-1325095289-612x612-1.jpg\"},{\"@type\":\"BreadcrumbList\",\"@id\":\"https:\/\/sudsejour.fr\/detente-a-nice-spa-sauna-massage\/#breadcrumb\",\"itemListElement\":[{\"@type\":\"ListItem\",\"position\":1,\"name\":\"Accueil\",\"item\":\"https:\/\/sudsejour.fr\/en\/\"},{\"@type\":\"ListItem\",\"position\":2,\"name\":\"D\u00e9tente \u00e0 Nice\"}]},{\"@type\":\"WebSite\",\"@id\":\"https:\/\/sudsejour.fr\/en\/#website\",\"url\":\"https:\/\/sudsejour.fr\/en\/\",\"name\":\"sudsejour\",\"description\":\"Explorez, r\u00eavez, s\u00e9journez !\",\"publisher\":{\"@id\":\"https:\/\/sudsejour.fr\/en\/#organization\"},\"potentialAction\":[{\"@type\":\"SearchAction\",\"target\":{\"@type\":\"EntryPoint\",\"urlTemplate\":\"https:\/\/sudsejour.fr\/en\/?s={search_term_string}\"},\"query-input\":{\"@type\":\"PropertyValueSpecification\",\"valueRequired\":true,\"valueName\":\"search_term_string\"}}],\"inLanguage\":\"en-US\"},{\"@type\":\"Organization\",\"@id\":\"https:\/\/sudsejour.fr\/en\/#organization\",\"name\":\"sudsejour\",\"url\":\"https:\/\/sudsejour.fr\/en\/\",\"logo\":{\"@type\":\"ImageObject\",\"inLanguage\":\"en-US\",\"@id\":\"https:\/\/sudsejour.fr\/en\/#\/schema\/logo\/image\/\",\"url\":\"https:\/\/sudsejour.fr\/wp-content\/uploads\/2024\/10\/Capture-decran-2024-10-07-204732.jpg\",\"contentUrl\":\"https:\/\/sudsejour.fr\/wp-content\/uploads\/2024\/10\/Capture-decran-2024-10-07-204732.jpg\",\"width\":449,\"height\":437,\"caption\":\"sudsejour\"},\"image\":{\"@id\":\"https:\/\/sudsejour.fr\/en\/#\/schema\/logo\/image\/\"}}]}<\/script>\n<!-- \/ Yoast SEO plugin. -->","yoast_head_json":{"title":"D\u00e9tente \u00e0 Nice - sudsejour","description":"D\u00e9couvrez notre site spa et sauna, pour un moment de d\u00e9tente \u00e0 Nice. Situ\u00e9 en plein c\u0153ur de la ville, il est facilement accessible.","robots":{"index":"index","follow":"follow","max-snippet":"max-snippet:-1","max-image-preview":"max-image-preview:large","max-video-preview":"max-video-preview:-1"},"canonical":"https:\/\/sudsejour.fr\/en\/detente-a-nice-spa-sauna-massage\/","og_locale":"en_US","og_type":"article","og_title":"D\u00e9tente \u00e0 Nice - sudsejour","og_description":"D\u00e9couvrez notre site spa et sauna, pour un moment de d\u00e9tente \u00e0 Nice. Situ\u00e9 en plein c\u0153ur de la ville, il est facilement accessible.","og_url":"https:\/\/sudsejour.fr\/en\/detente-a-nice-spa-sauna-massage\/","og_site_name":"sudsejour","article_modified_time":"2024-11-18T17:19:18+00:00","og_image":[{"width":612,"height":408,"url":"https:\/\/sudsejour.fr\/wp-content\/uploads\/2024\/10\/istockphoto-1325095289-612x612-1.jpg","type":"image\/jpeg"}],"twitter_card":"summary_large_image","twitter_misc":{"Est. reading time":"3 minutes"},"schema":{"@context":"https:\/\/schema.org","@graph":[{"@type":"WebPage","@id":"https:\/\/sudsejour.fr\/detente-a-nice-spa-sauna-massage\/","url":"https:\/\/sudsejour.fr\/detente-a-nice-spa-sauna-massage\/","name":"D\u00e9tente \u00e0 Nice - sudsejour","isPartOf":{"@id":"https:\/\/sudsejour.fr\/en\/#website"},"primaryImageOfPage":{"@id":"https:\/\/sudsejour.fr\/detente-a-nice-spa-sauna-massage\/#primaryimage"},"image":{"@id":"https:\/\/sudsejour.fr\/detente-a-nice-spa-sauna-massage\/#primaryimage"},"thumbnailUrl":"https:\/\/sudsejour.fr\/wp-content\/uploads\/2024\/10\/istockphoto-1325095289-612x612-1.jpg","datePublished":"2024-10-23T17:30:35+00:00","dateModified":"2024-11-18T17:19:18+00:00","description":"D\u00e9couvrez notre site spa et sauna, pour un moment de d\u00e9tente \u00e0 Nice. Situ\u00e9 en plein c\u0153ur de la ville, il est facilement accessible.","breadcrumb":{"@id":"https:\/\/sudsejour.fr\/detente-a-nice-spa-sauna-massage\/#breadcrumb"},"inLanguage":"en-US","potentialAction":[{"@type":"ReadAction","target":["https:\/\/sudsejour.fr\/detente-a-nice-spa-sauna-massage\/"]}]},{"@type":"ImageObject","inLanguage":"en-US","@id":"https:\/\/sudsejour.fr\/detente-a-nice-spa-sauna-massage\/#primaryimage","url":"https:\/\/sudsejour.fr\/wp-content\/uploads\/2024\/10\/istockphoto-1325095289-612x612-1.jpg","contentUrl":"https:\/\/sudsejour.fr\/wp-content\/uploads\/2024\/10\/istockphoto-1325095289-612x612-1.jpg"},{"@type":"BreadcrumbList","@id":"https:\/\/sudsejour.fr\/detente-a-nice-spa-sauna-massage\/#breadcrumb","itemListElement":[{"@type":"ListItem","position":1,"name":"Accueil","item":"https:\/\/sudsejour.fr\/en\/"},{"@type":"ListItem","position":2,"name":"D\u00e9tente \u00e0 Nice"}]},{"@type":"WebSite","@id":"https:\/\/sudsejour.fr\/en\/#website","url":"https:\/\/sudsejour.fr\/en\/","name":"sudsejour","description":"Explorez, r\u00eavez, s\u00e9journez !","publisher":{"@id":"https:\/\/sudsejour.fr\/en\/#organization"},"potentialAction":[{"@type":"SearchAction","target":{"@type":"EntryPoint","urlTemplate":"https:\/\/sudsejour.fr\/en\/?s={search_term_string}"},"query-input":{"@type":"PropertyValueSpecification","valueRequired":true,"valueName":"search_term_string"}}],"inLanguage":"en-US"},{"@type":"Organization","@id":"https:\/\/sudsejour.fr\/en\/#organization","name":"sudsejour","url":"https:\/\/sudsejour.fr\/en\/","logo":{"@type":"ImageObject","inLanguage":"en-US","@id":"https:\/\/sudsejour.fr\/en\/#\/schema\/logo\/image\/","url":"https:\/\/sudsejour.fr\/wp-content\/uploads\/2024\/10\/Capture-decran-2024-10-07-204732.jpg","contentUrl":"https:\/\/sudsejour.fr\/wp-content\/uploads\/2024\/10\/Capture-decran-2024-10-07-204732.jpg","width":449,"height":437,"caption":"sudsejour"},"image":{"@id":"https:\/\/sudsejour.fr\/en\/#\/schema\/logo\/image\/"}}]}},"_links":{"self":[{"href":"https:\/\/sudsejour.fr\/en\/wp-json\/wp\/v2\/pages\/443"}],"collection":[{"href":"https:\/\/sudsejour.fr\/en\/wp-json\/wp\/v2\/pages"}],"about":[{"href":"https:\/\/sudsejour.fr\/en\/wp-json\/wp\/v2\/types\/page"}],"author":[{"embeddable":true,"href":"https:\/\/sudsejour.fr\/en\/wp-json\/wp\/v2\/users\/1"}],"replies":[{"embeddable":true,"href":"https:\/\/sudsejour.fr\/en\/wp-json\/wp\/v2\/comments?post=443"}],"version-history":[{"count":15,"href":"https:\/\/sudsejour.fr\/en\/wp-json\/wp\/v2\/pages\/443\/revisions"}],"predecessor-version":[{"id":930,"href":"https:\/\/sudsejour.fr\/en\/wp-json\/wp\/v2\/pages\/443\/revisions\/930"}],"wp:attachment":[{"href":"https:\/\/sudsejour.fr\/en\/wp-json\/wp\/v2\/media?parent=443"}],"curies":[{"name":"wp","href":"https:\/\/api.w.org\/{rel}","templated":true}]}}