{"id":445,"date":"2024-10-23T17:32:04","date_gmt":"2024-10-23T17:32:04","guid":{"rendered":"https:\/\/sudsejour.fr\/?page_id=445"},"modified":"2024-11-18T12:30:36","modified_gmt":"2024-11-18T12:30:36","slug":"detente-a-cannes-spa-sauna-massage","status":"publish","type":"page","link":"https:\/\/sudsejour.fr\/en\/detente-a-cannes-spa-sauna-massage\/","title":{"rendered":"D\u00e9tente \u00e0 Cannes"},"content":{"rendered":"<p class=\"has-text-align-center\">La d\u00e9tente \u00e0 Cannes passe aussi par le bien \u00eatre ! Venez profiter des nombreuses activit\u00e9s que proposent nos partenaires, <\/p>\n\n\n\n<div class=\"wp-block-group\"><div class=\"wp-block-group__inner-container is-layout-constrained wp-block-group-is-layout-constrained\">\n<p class=\"has-text-align-center\"><strong>Spa et sauna<\/strong> (1h45) : 60\u20ac (par personne)<\/p>\n\n\n\n<p class=\"has-text-align-center\"><strong>Massage <\/strong>(45min) : 45\u20ac (par personne)<\/p>\n\n\n\n<p>Pour plus d&rsquo;info veuillez vous rediriger ici : <a href=\"https:\/\/www.hotelsbarriere.com\/cannes\/le-majestic\/experiences\/spa-diane-barriere\">Spa \u00e0 Cannes &#8211; H\u00f4tel Le Majestic | H\u00f4tels Barri\u00e8re<\/a><\/p>\n<\/div><\/div>\n\n\n\n<div style=\"height:40px\" aria-hidden=\"true\" class=\"wp-block-spacer\"><\/div>\n\n\n\n<figure class=\"wp-block-gallery has-nested-images columns-default is-cropped wp-block-gallery-1 is-layout-flex wp-block-gallery-is-layout-flex\">\n<figure data-wp-context=\"{&quot;uploadedSrc&quot;:&quot;https:\\\/\\\/sudsejour.fr\\\/wp-content\\\/uploads\\\/2024\\\/10\\\/pexels-photo-3736520.webp&quot;,&quot;figureClassNames&quot;:&quot;wp-block-image size-large&quot;,&quot;figureStyles&quot;:null,&quot;imgClassNames&quot;:&quot;wp-image-490&quot;,&quot;imgStyles&quot;:null,&quot;targetWidth&quot;:800,&quot;targetHeight&quot;:1200,&quot;scaleAttr&quot;:false,&quot;ariaLabel&quot;:&quot;Enlarge image&quot;,&quot;alt&quot;:&quot;&quot;}\" data-wp-interactive=\"core\/image\" class=\"wp-block-image size-large wp-lightbox-container\"><img loading=\"lazy\" decoding=\"async\" width=\"683\" height=\"1024\" data-wp-init=\"callbacks.setButtonStyles\" data-wp-on-async--click=\"actions.showLightbox\" data-wp-on-async--load=\"callbacks.setButtonStyles\" data-wp-on-async-window--resize=\"callbacks.setButtonStyles\" data-id=\"490\" src=\"https:\/\/sudsejour.fr\/wp-content\/uploads\/2024\/10\/pexels-photo-3736520-683x1024.webp\" alt=\"\" class=\"wp-image-490\" srcset=\"https:\/\/sudsejour.fr\/wp-content\/uploads\/2024\/10\/pexels-photo-3736520-683x1024.webp 683w, https:\/\/sudsejour.fr\/wp-content\/uploads\/2024\/10\/pexels-photo-3736520-200x300.webp 200w, https:\/\/sudsejour.fr\/wp-content\/uploads\/2024\/10\/pexels-photo-3736520-768x1152.webp 768w, https:\/\/sudsejour.fr\/wp-content\/uploads\/2024\/10\/pexels-photo-3736520.webp 800w\" sizes=\"(max-width: 683px) 100vw, 683px\" \/><button\n\t\t\tclass=\"lightbox-trigger\"\n\t\t\ttype=\"button\"\n\t\t\taria-haspopup=\"dialog\"\n\t\t\taria-label=\"Enlarge image\"\n\t\t\tdata-wp-init=\"callbacks.initTriggerButton\"\n\t\t\tdata-wp-on-async--click=\"actions.showLightbox\"\n\t\t\tdata-wp-style--right=\"context.imageButtonRight\"\n\t\t\tdata-wp-style--top=\"context.imageButtonTop\"\n\t\t>\n\t\t\t<svg xmlns=\"http:\/\/www.w3.org\/2000\/svg\" width=\"12\" height=\"12\" fill=\"none\" viewbox=\"0 0 12 12\">\n\t\t\t\t<path fill=\"#fff\" d=\"M2 0a2 2 0 0 0-2 2v2h1.5V2a.5.5 0 0 1 .5-.5h2V0H2Zm2 10.5H2a.5.5 0 0 1-.5-.5V8H0v2a2 2 0 0 0 2 2h2v-1.5ZM8 12v-1.5h2a.5.5 0 0 0 .5-.5V8H12v2a2 2 0 0 1-2 2H8Zm2-12a2 2 0 0 1 2 2v2h-1.5V2a.5.5 0 0 0-.5-.5H8V0h2Z\" \/>\n\t\t\t<\/svg>\n\t\t<\/button><\/figure>\n\n\n\n<figure data-wp-context=\"{&quot;uploadedSrc&quot;:&quot;https:\\\/\\\/sudsejour.fr\\\/wp-content\\\/uploads\\\/2024\\\/10\\\/pexels-photo-6560308.jpeg&quot;,&quot;figureClassNames&quot;:&quot;wp-block-image size-large&quot;,&quot;figureStyles&quot;:null,&quot;imgClassNames&quot;:&quot;wp-image-491&quot;,&quot;imgStyles&quot;:null,&quot;targetWidth&quot;:800,&quot;targetHeight&quot;:533,&quot;scaleAttr&quot;:false,&quot;ariaLabel&quot;:&quot;Enlarge image&quot;,&quot;alt&quot;:&quot;&quot;}\" data-wp-interactive=\"core\/image\" class=\"wp-block-image size-large wp-lightbox-container\"><img loading=\"lazy\" decoding=\"async\" width=\"800\" height=\"533\" data-wp-init=\"callbacks.setButtonStyles\" data-wp-on-async--click=\"actions.showLightbox\" data-wp-on-async--load=\"callbacks.setButtonStyles\" data-wp-on-async-window--resize=\"callbacks.setButtonStyles\" data-id=\"491\" src=\"https:\/\/sudsejour.fr\/wp-content\/uploads\/2024\/10\/pexels-photo-6560308.jpeg\" alt=\"\" class=\"wp-image-491\" srcset=\"https:\/\/sudsejour.fr\/wp-content\/uploads\/2024\/10\/pexels-photo-6560308.jpeg 800w, https:\/\/sudsejour.fr\/wp-content\/uploads\/2024\/10\/pexels-photo-6560308-300x200.jpeg 300w, https:\/\/sudsejour.fr\/wp-content\/uploads\/2024\/10\/pexels-photo-6560308-768x512.jpeg 768w, https:\/\/sudsejour.fr\/wp-content\/uploads\/2024\/10\/pexels-photo-6560308-360x240.jpeg 360w\" sizes=\"(max-width: 800px) 100vw, 800px\" \/><button\n\t\t\tclass=\"lightbox-trigger\"\n\t\t\ttype=\"button\"\n\t\t\taria-haspopup=\"dialog\"\n\t\t\taria-label=\"Enlarge image\"\n\t\t\tdata-wp-init=\"callbacks.initTriggerButton\"\n\t\t\tdata-wp-on-async--click=\"actions.showLightbox\"\n\t\t\tdata-wp-style--right=\"context.imageButtonRight\"\n\t\t\tdata-wp-style--top=\"context.imageButtonTop\"\n\t\t>\n\t\t\t<svg xmlns=\"http:\/\/www.w3.org\/2000\/svg\" width=\"12\" height=\"12\" fill=\"none\" viewbox=\"0 0 12 12\">\n\t\t\t\t<path fill=\"#fff\" d=\"M2 0a2 2 0 0 0-2 2v2h1.5V2a.5.5 0 0 1 .5-.5h2V0H2Zm2 10.5H2a.5.5 0 0 1-.5-.5V8H0v2a2 2 0 0 0 2 2h2v-1.5ZM8 12v-1.5h2a.5.5 0 0 0 .5-.5V8H12v2a2 2 0 0 1-2 2H8Zm2-12a2 2 0 0 1 2 2v2h-1.5V2a.5.5 0 0 0-.5-.5H8V0h2Z\" \/>\n\t\t\t<\/svg>\n\t\t<\/button><\/figure>\n\n\n\n<figure data-wp-context=\"{&quot;uploadedSrc&quot;:&quot;https:\\\/\\\/sudsejour.fr\\\/wp-content\\\/uploads\\\/2024\\\/10\\\/pexels-photo-6667474.jpeg&quot;,&quot;figureClassNames&quot;:&quot;wp-block-image size-large&quot;,&quot;figureStyles&quot;:null,&quot;imgClassNames&quot;:&quot;wp-image-492&quot;,&quot;imgStyles&quot;:null,&quot;targetWidth&quot;:800,&quot;targetHeight&quot;:534,&quot;scaleAttr&quot;:false,&quot;ariaLabel&quot;:&quot;Enlarge image&quot;,&quot;alt&quot;:&quot;&quot;}\" data-wp-interactive=\"core\/image\" class=\"wp-block-image size-large wp-lightbox-container\"><img loading=\"lazy\" decoding=\"async\" width=\"800\" height=\"534\" data-wp-init=\"callbacks.setButtonStyles\" data-wp-on-async--click=\"actions.showLightbox\" data-wp-on-async--load=\"callbacks.setButtonStyles\" data-wp-on-async-window--resize=\"callbacks.setButtonStyles\" data-id=\"492\" src=\"https:\/\/sudsejour.fr\/wp-content\/uploads\/2024\/10\/pexels-photo-6667474.jpeg\" alt=\"\" class=\"wp-image-492\" srcset=\"https:\/\/sudsejour.fr\/wp-content\/uploads\/2024\/10\/pexels-photo-6667474.jpeg 800w, https:\/\/sudsejour.fr\/wp-content\/uploads\/2024\/10\/pexels-photo-6667474-300x200.jpeg 300w, https:\/\/sudsejour.fr\/wp-content\/uploads\/2024\/10\/pexels-photo-6667474-768x513.jpeg 768w, https:\/\/sudsejour.fr\/wp-content\/uploads\/2024\/10\/pexels-photo-6667474-360x240.jpeg 360w\" sizes=\"(max-width: 800px) 100vw, 800px\" \/><button\n\t\t\tclass=\"lightbox-trigger\"\n\t\t\ttype=\"button\"\n\t\t\taria-haspopup=\"dialog\"\n\t\t\taria-label=\"Enlarge image\"\n\t\t\tdata-wp-init=\"callbacks.initTriggerButton\"\n\t\t\tdata-wp-on-async--click=\"actions.showLightbox\"\n\t\t\tdata-wp-style--right=\"context.imageButtonRight\"\n\t\t\tdata-wp-style--top=\"context.imageButtonTop\"\n\t\t>\n\t\t\t<svg xmlns=\"http:\/\/www.w3.org\/2000\/svg\" width=\"12\" height=\"12\" fill=\"none\" viewbox=\"0 0 12 12\">\n\t\t\t\t<path fill=\"#fff\" d=\"M2 0a2 2 0 0 0-2 2v2h1.5V2a.5.5 0 0 1 .5-.5h2V0H2Zm2 10.5H2a.5.5 0 0 1-.5-.5V8H0v2a2 2 0 0 0 2 2h2v-1.5ZM8 12v-1.5h2a.5.5 0 0 0 .5-.5V8H12v2a2 2 0 0 1-2 2H8Zm2-12a2 2 0 0 1 2 2v2h-1.5V2a.5.5 0 0 0-.5-.5H8V0h2Z\" \/>\n\t\t\t<\/svg>\n\t\t<\/button><\/figure>\n\n\n\n<figure data-wp-context=\"{&quot;uploadedSrc&quot;:&quot;https:\\\/\\\/sudsejour.fr\\\/wp-content\\\/uploads\\\/2024\\\/10\\\/pexels-photo-7031713.jpeg&quot;,&quot;figureClassNames&quot;:&quot;wp-block-image size-large&quot;,&quot;figureStyles&quot;:null,&quot;imgClassNames&quot;:&quot;wp-image-489&quot;,&quot;imgStyles&quot;:null,&quot;targetWidth&quot;:800,&quot;targetHeight&quot;:534,&quot;scaleAttr&quot;:false,&quot;ariaLabel&quot;:&quot;Enlarge image&quot;,&quot;alt&quot;:&quot;&quot;}\" data-wp-interactive=\"core\/image\" class=\"wp-block-image size-large wp-lightbox-container\"><img loading=\"lazy\" decoding=\"async\" width=\"800\" height=\"534\" data-wp-init=\"callbacks.setButtonStyles\" data-wp-on-async--click=\"actions.showLightbox\" data-wp-on-async--load=\"callbacks.setButtonStyles\" data-wp-on-async-window--resize=\"callbacks.setButtonStyles\" data-id=\"489\" src=\"https:\/\/sudsejour.fr\/wp-content\/uploads\/2024\/10\/pexels-photo-7031713.jpeg\" alt=\"\" class=\"wp-image-489\" srcset=\"https:\/\/sudsejour.fr\/wp-content\/uploads\/2024\/10\/pexels-photo-7031713.jpeg 800w, https:\/\/sudsejour.fr\/wp-content\/uploads\/2024\/10\/pexels-photo-7031713-300x200.jpeg 300w, https:\/\/sudsejour.fr\/wp-content\/uploads\/2024\/10\/pexels-photo-7031713-768x513.jpeg 768w, https:\/\/sudsejour.fr\/wp-content\/uploads\/2024\/10\/pexels-photo-7031713-360x240.jpeg 360w\" sizes=\"(max-width: 800px) 100vw, 800px\" \/><button\n\t\t\tclass=\"lightbox-trigger\"\n\t\t\ttype=\"button\"\n\t\t\taria-haspopup=\"dialog\"\n\t\t\taria-label=\"Enlarge image\"\n\t\t\tdata-wp-init=\"callbacks.initTriggerButton\"\n\t\t\tdata-wp-on-async--click=\"actions.showLightbox\"\n\t\t\tdata-wp-style--right=\"context.imageButtonRight\"\n\t\t\tdata-wp-style--top=\"context.imageButtonTop\"\n\t\t>\n\t\t\t<svg xmlns=\"http:\/\/www.w3.org\/2000\/svg\" width=\"12\" height=\"12\" fill=\"none\" viewbox=\"0 0 12 12\">\n\t\t\t\t<path fill=\"#fff\" d=\"M2 0a2 2 0 0 0-2 2v2h1.5V2a.5.5 0 0 1 .5-.5h2V0H2Zm2 10.5H2a.5.5 0 0 1-.5-.5V8H0v2a2 2 0 0 0 2 2h2v-1.5ZM8 12v-1.5h2a.5.5 0 0 0 .5-.5V8H12v2a2 2 0 0 1-2 2H8Zm2-12a2 2 0 0 1 2 2v2h-1.5V2a.5.5 0 0 0-.5-.5H8V0h2Z\" \/>\n\t\t\t<\/svg>\n\t\t<\/button><figcaption class=\"wp-element-caption\">Un vrai moment de d\u00e9tente \u00e0 Cannes<\/figcaption><\/figure>\n<\/figure>\n\n\n\n<div style=\"height:100px\" aria-hidden=\"true\" class=\"wp-block-spacer\"><\/div>","protected":false},"excerpt":{"rendered":"<p>La d\u00e9tente \u00e0 Cannes passe aussi par le bien \u00eatre ! Venez profiter des nombreuses activit\u00e9s que proposent nos partenaires, Spa et sauna (1h45) : 60\u20ac (par personne) Massage (45min) : 45\u20ac (par personne) Pour plus d&rsquo;info veuillez vous rediriger ici : Spa \u00e0 Cannes &#8211; H\u00f4tel Le Majestic | [&hellip;]<\/p>","protected":false},"author":1,"featured_media":0,"parent":0,"menu_order":0,"comment_status":"closed","ping_status":"closed","template":"","meta":{"footnotes":""},"class_list":["post-445","page","type-page","status-publish","hentry"],"yoast_head":"<!-- This site is optimized with the Yoast SEO plugin v23.8 - https:\/\/yoast.com\/wordpress\/plugins\/seo\/ -->\n<title>D\u00e9tente \u00e0 Cannes - sudsejour<\/title>\n<meta name=\"description\" content=\"Vivez un moment de d\u00e9tente \u00e0 Cannes, dans l&#039;un de nos nombreux spa de la ville ! En famille, entre amis ou seul, venez vous d\u00e9tendre.\" \/>\n<meta name=\"robots\" content=\"index, follow, max-snippet:-1, max-image-preview:large, max-video-preview:-1\" \/>\n<link rel=\"canonical\" href=\"https:\/\/sudsejour.fr\/en\/detente-a-cannes-spa-sauna-massage\/\" \/>\n<meta property=\"og:locale\" content=\"en_US\" \/>\n<meta property=\"og:type\" content=\"article\" \/>\n<meta property=\"og:title\" content=\"D\u00e9tente \u00e0 Cannes - sudsejour\" \/>\n<meta property=\"og:description\" content=\"Vivez un moment de d\u00e9tente \u00e0 Cannes, dans l&#039;un de nos nombreux spa de la ville ! En famille, entre amis ou seul, venez vous d\u00e9tendre.\" \/>\n<meta property=\"og:url\" content=\"https:\/\/sudsejour.fr\/en\/detente-a-cannes-spa-sauna-massage\/\" \/>\n<meta property=\"og:site_name\" content=\"sudsejour\" \/>\n<meta property=\"article:modified_time\" content=\"2024-11-18T12:30:36+00:00\" \/>\n<meta property=\"og:image\" content=\"https:\/\/sudsejour.fr\/wp-content\/uploads\/2024\/10\/pexels-photo-3736520.webp\" \/>\n\t<meta property=\"og:image:width\" content=\"800\" \/>\n\t<meta property=\"og:image:height\" content=\"1200\" \/>\n\t<meta property=\"og:image:type\" content=\"image\/webp\" \/>\n<meta name=\"twitter:card\" content=\"summary_large_image\" \/>\n<meta name=\"twitter:label1\" content=\"Est. reading time\" \/>\n\t<meta name=\"twitter:data1\" content=\"2 minutes\" \/>\n<script type=\"application\/ld+json\" class=\"yoast-schema-graph\">{\"@context\":\"https:\/\/schema.org\",\"@graph\":[{\"@type\":\"WebPage\",\"@id\":\"https:\/\/sudsejour.fr\/detente-a-cannes-spa-sauna-massage\/\",\"url\":\"https:\/\/sudsejour.fr\/detente-a-cannes-spa-sauna-massage\/\",\"name\":\"D\u00e9tente \u00e0 Cannes - sudsejour\",\"isPartOf\":{\"@id\":\"https:\/\/sudsejour.fr\/en\/#website\"},\"primaryImageOfPage\":{\"@id\":\"https:\/\/sudsejour.fr\/detente-a-cannes-spa-sauna-massage\/#primaryimage\"},\"image\":{\"@id\":\"https:\/\/sudsejour.fr\/detente-a-cannes-spa-sauna-massage\/#primaryimage\"},\"thumbnailUrl\":\"https:\/\/sudsejour.fr\/wp-content\/uploads\/2024\/10\/pexels-photo-3736520-683x1024.webp\",\"datePublished\":\"2024-10-23T17:32:04+00:00\",\"dateModified\":\"2024-11-18T12:30:36+00:00\",\"description\":\"Vivez un moment de d\u00e9tente \u00e0 Cannes, dans l'un de nos nombreux spa de la ville ! En famille, entre amis ou seul, venez vous d\u00e9tendre.\",\"breadcrumb\":{\"@id\":\"https:\/\/sudsejour.fr\/detente-a-cannes-spa-sauna-massage\/#breadcrumb\"},\"inLanguage\":\"en-US\",\"potentialAction\":[{\"@type\":\"ReadAction\",\"target\":[\"https:\/\/sudsejour.fr\/detente-a-cannes-spa-sauna-massage\/\"]}]},{\"@type\":\"ImageObject\",\"inLanguage\":\"en-US\",\"@id\":\"https:\/\/sudsejour.fr\/detente-a-cannes-spa-sauna-massage\/#primaryimage\",\"url\":\"https:\/\/sudsejour.fr\/wp-content\/uploads\/2024\/10\/pexels-photo-3736520-683x1024.webp\",\"contentUrl\":\"https:\/\/sudsejour.fr\/wp-content\/uploads\/2024\/10\/pexels-photo-3736520-683x1024.webp\"},{\"@type\":\"BreadcrumbList\",\"@id\":\"https:\/\/sudsejour.fr\/detente-a-cannes-spa-sauna-massage\/#breadcrumb\",\"itemListElement\":[{\"@type\":\"ListItem\",\"position\":1,\"name\":\"Accueil\",\"item\":\"https:\/\/sudsejour.fr\/en\/\"},{\"@type\":\"ListItem\",\"position\":2,\"name\":\"D\u00e9tente \u00e0 Cannes\"}]},{\"@type\":\"WebSite\",\"@id\":\"https:\/\/sudsejour.fr\/en\/#website\",\"url\":\"https:\/\/sudsejour.fr\/en\/\",\"name\":\"sudsejour\",\"description\":\"Explorez, r\u00eavez, s\u00e9journez !\",\"publisher\":{\"@id\":\"https:\/\/sudsejour.fr\/en\/#organization\"},\"potentialAction\":[{\"@type\":\"SearchAction\",\"target\":{\"@type\":\"EntryPoint\",\"urlTemplate\":\"https:\/\/sudsejour.fr\/en\/?s={search_term_string}\"},\"query-input\":{\"@type\":\"PropertyValueSpecification\",\"valueRequired\":true,\"valueName\":\"search_term_string\"}}],\"inLanguage\":\"en-US\"},{\"@type\":\"Organization\",\"@id\":\"https:\/\/sudsejour.fr\/en\/#organization\",\"name\":\"sudsejour\",\"url\":\"https:\/\/sudsejour.fr\/en\/\",\"logo\":{\"@type\":\"ImageObject\",\"inLanguage\":\"en-US\",\"@id\":\"https:\/\/sudsejour.fr\/en\/#\/schema\/logo\/image\/\",\"url\":\"https:\/\/sudsejour.fr\/wp-content\/uploads\/2024\/10\/Capture-decran-2024-10-07-204732.jpg\",\"contentUrl\":\"https:\/\/sudsejour.fr\/wp-content\/uploads\/2024\/10\/Capture-decran-2024-10-07-204732.jpg\",\"width\":449,\"height\":437,\"caption\":\"sudsejour\"},\"image\":{\"@id\":\"https:\/\/sudsejour.fr\/en\/#\/schema\/logo\/image\/\"}}]}<\/script>\n<!-- \/ Yoast SEO plugin. -->","yoast_head_json":{"title":"D\u00e9tente \u00e0 Cannes - sudsejour","description":"Vivez un moment de d\u00e9tente \u00e0 Cannes, dans l'un de nos nombreux spa de la ville ! En famille, entre amis ou seul, venez vous d\u00e9tendre.","robots":{"index":"index","follow":"follow","max-snippet":"max-snippet:-1","max-image-preview":"max-image-preview:large","max-video-preview":"max-video-preview:-1"},"canonical":"https:\/\/sudsejour.fr\/en\/detente-a-cannes-spa-sauna-massage\/","og_locale":"en_US","og_type":"article","og_title":"D\u00e9tente \u00e0 Cannes - sudsejour","og_description":"Vivez un moment de d\u00e9tente \u00e0 Cannes, dans l'un de nos nombreux spa de la ville ! En famille, entre amis ou seul, venez vous d\u00e9tendre.","og_url":"https:\/\/sudsejour.fr\/en\/detente-a-cannes-spa-sauna-massage\/","og_site_name":"sudsejour","article_modified_time":"2024-11-18T12:30:36+00:00","og_image":[{"width":800,"height":1200,"url":"https:\/\/sudsejour.fr\/wp-content\/uploads\/2024\/10\/pexels-photo-3736520.webp","type":"image\/webp"}],"twitter_card":"summary_large_image","twitter_misc":{"Est. reading time":"2 minutes"},"schema":{"@context":"https:\/\/schema.org","@graph":[{"@type":"WebPage","@id":"https:\/\/sudsejour.fr\/detente-a-cannes-spa-sauna-massage\/","url":"https:\/\/sudsejour.fr\/detente-a-cannes-spa-sauna-massage\/","name":"D\u00e9tente \u00e0 Cannes - sudsejour","isPartOf":{"@id":"https:\/\/sudsejour.fr\/en\/#website"},"primaryImageOfPage":{"@id":"https:\/\/sudsejour.fr\/detente-a-cannes-spa-sauna-massage\/#primaryimage"},"image":{"@id":"https:\/\/sudsejour.fr\/detente-a-cannes-spa-sauna-massage\/#primaryimage"},"thumbnailUrl":"https:\/\/sudsejour.fr\/wp-content\/uploads\/2024\/10\/pexels-photo-3736520-683x1024.webp","datePublished":"2024-10-23T17:32:04+00:00","dateModified":"2024-11-18T12:30:36+00:00","description":"Vivez un moment de d\u00e9tente \u00e0 Cannes, dans l'un de nos nombreux spa de la ville ! En famille, entre amis ou seul, venez vous d\u00e9tendre.","breadcrumb":{"@id":"https:\/\/sudsejour.fr\/detente-a-cannes-spa-sauna-massage\/#breadcrumb"},"inLanguage":"en-US","potentialAction":[{"@type":"ReadAction","target":["https:\/\/sudsejour.fr\/detente-a-cannes-spa-sauna-massage\/"]}]},{"@type":"ImageObject","inLanguage":"en-US","@id":"https:\/\/sudsejour.fr\/detente-a-cannes-spa-sauna-massage\/#primaryimage","url":"https:\/\/sudsejour.fr\/wp-content\/uploads\/2024\/10\/pexels-photo-3736520-683x1024.webp","contentUrl":"https:\/\/sudsejour.fr\/wp-content\/uploads\/2024\/10\/pexels-photo-3736520-683x1024.webp"},{"@type":"BreadcrumbList","@id":"https:\/\/sudsejour.fr\/detente-a-cannes-spa-sauna-massage\/#breadcrumb","itemListElement":[{"@type":"ListItem","position":1,"name":"Accueil","item":"https:\/\/sudsejour.fr\/en\/"},{"@type":"ListItem","position":2,"name":"D\u00e9tente \u00e0 Cannes"}]},{"@type":"WebSite","@id":"https:\/\/sudsejour.fr\/en\/#website","url":"https:\/\/sudsejour.fr\/en\/","name":"sudsejour","description":"Explorez, r\u00eavez, s\u00e9journez !","publisher":{"@id":"https:\/\/sudsejour.fr\/en\/#organization"},"potentialAction":[{"@type":"SearchAction","target":{"@type":"EntryPoint","urlTemplate":"https:\/\/sudsejour.fr\/en\/?s={search_term_string}"},"query-input":{"@type":"PropertyValueSpecification","valueRequired":true,"valueName":"search_term_string"}}],"inLanguage":"en-US"},{"@type":"Organization","@id":"https:\/\/sudsejour.fr\/en\/#organization","name":"sudsejour","url":"https:\/\/sudsejour.fr\/en\/","logo":{"@type":"ImageObject","inLanguage":"en-US","@id":"https:\/\/sudsejour.fr\/en\/#\/schema\/logo\/image\/","url":"https:\/\/sudsejour.fr\/wp-content\/uploads\/2024\/10\/Capture-decran-2024-10-07-204732.jpg","contentUrl":"https:\/\/sudsejour.fr\/wp-content\/uploads\/2024\/10\/Capture-decran-2024-10-07-204732.jpg","width":449,"height":437,"caption":"sudsejour"},"image":{"@id":"https:\/\/sudsejour.fr\/en\/#\/schema\/logo\/image\/"}}]}},"_links":{"self":[{"href":"https:\/\/sudsejour.fr\/en\/wp-json\/wp\/v2\/pages\/445"}],"collection":[{"href":"https:\/\/sudsejour.fr\/en\/wp-json\/wp\/v2\/pages"}],"about":[{"href":"https:\/\/sudsejour.fr\/en\/wp-json\/wp\/v2\/types\/page"}],"author":[{"embeddable":true,"href":"https:\/\/sudsejour.fr\/en\/wp-json\/wp\/v2\/users\/1"}],"replies":[{"embeddable":true,"href":"https:\/\/sudsejour.fr\/en\/wp-json\/wp\/v2\/comments?post=445"}],"version-history":[{"count":11,"href":"https:\/\/sudsejour.fr\/en\/wp-json\/wp\/v2\/pages\/445\/revisions"}],"predecessor-version":[{"id":799,"href":"https:\/\/sudsejour.fr\/en\/wp-json\/wp\/v2\/pages\/445\/revisions\/799"}],"wp:attachment":[{"href":"https:\/\/sudsejour.fr\/en\/wp-json\/wp\/v2\/media?parent=445"}],"curies":[{"name":"wp","href":"https:\/\/api.w.org\/{rel}","templated":true}]}}