{"id":496,"date":"2024-10-23T17:59:44","date_gmt":"2024-10-23T17:59:44","guid":{"rendered":"https:\/\/sudsejour.fr\/?page_id=496"},"modified":"2024-11-19T18:05:22","modified_gmt":"2024-11-19T18:05:22","slug":"seuls-face-a-la-nature-parc-national-mercantour-randonnees","status":"publish","type":"page","link":"https:\/\/sudsejour.fr\/en\/seuls-face-a-la-nature-parc-national-mercantour-randonnees\/","title":{"rendered":"Seuls face \u00e0 la nature"},"content":{"rendered":"<p class=\"has-text-align-center\">Si pour vous la ville et le tourisme de masse n&rsquo;est pas votre p\u00e9ch\u00e9 mignon, nous avons la solution ! Posez vos bagages dans le Parc national du Mercantour, c&rsquo;est l&rsquo;occasion de vous reconnecter avec la nature, loin de la pollution urbaine, seuls face \u00e0 la nature.  Si le bruit et la foule des grandes villes vous oppressent, le Parc national du Mercantour est la r\u00e9ponse parfaite. Ici, la nature domine, pr\u00e9serv\u00e9e et intacte. D\u00e8s votre arriv\u00e9e, vous serez immerg\u00e9s dans un cadre idyllique, loin de la civilisation. Les montagnes majestueuses, couvertes de for\u00eats denses, vous entoureront. Un sentiment de libert\u00e9 vous envahira. Les sentiers de randonn\u00e9e, adapt\u00e9s \u00e0 tous les niveaux, vous guideront \u00e0 travers des paysages grandioses. Au fil des \u00e9tapes, vous d\u00e9couvrirez des vall\u00e9es secr\u00e8tes, des cascades spectaculaires et des lacs cristallins.<\/p>\n\n\n\n<h4 class=\"wp-block-heading has-text-align-center\">Faune et flore<\/h4>\n\n\n\n<p>En chemin, vous serez t\u00e9moin de la diversit\u00e9 de la faune et de la flore. Les marmottes seront aper\u00e7ues en train de gambader sur les pentes. Les aigles royaux, majestueux, planeront dans les cieux. Les fleurs alpines, color\u00e9es et d\u00e9licates, se d\u00e9voileront au fil des saisons. Chaque d\u00e9tour offrira une nouvelle d\u00e9couverte, chaque instant sera une immersion totale seuls face \u00e0 la nature.<\/p>\n\n\n\n<p>La tranquillit\u00e9 des lieux sera palpable, le bruit du monde ext\u00e9rieur totalement effac\u00e9. Les nuits seront douces et silencieuses. Sous un ciel sans pollution lumineuse, les \u00e9toiles scintilleront avec une intensit\u00e9 rare. \u00c0 l\u2019aube, un calme absolu r\u00e9gnera, seulement interrompu par le chant des oiseaux.<\/p>\n\n\n\n<p class=\"has-text-align-center\">Les petits villages de montagne, pittoresques et authentiques, seront facilement accessibles. Vous y d\u00e9gusterez des plats locaux, pr\u00e9par\u00e9s avec des produits frais et du terroir. Ainsi, chaque moment pass\u00e9 ici vous permettra de vous ressourcer, loin de la fr\u00e9n\u00e9sie urbaine. Enfin, ce s\u00e9jour dans le Mercantour sera une v\u00e9ritable parenth\u00e8se de s\u00e9r\u00e9nit\u00e9 et de beaut\u00e9.<\/p>\n\n\n\n<div style=\"height:15px\" aria-hidden=\"true\" class=\"wp-block-spacer\"><\/div>\n\n\n\n<p class=\"has-text-align-center\"><strong>Tarif* :<\/strong> 120\u20ac la nuit<\/p>\n\n\n\n<div style=\"height:15px\" aria-hidden=\"true\" class=\"wp-block-spacer\"><\/div>\n\n\n\n<p>*Une r\u00e9duction s&rsquo;applique pour une r\u00e9servation \u00e0 la semaine<\/p>\n\n\n\n<div style=\"height:15px\" aria-hidden=\"true\" class=\"wp-block-spacer\"><\/div>\n\n\n\n<figure class=\"wp-block-gallery has-nested-images columns-default is-cropped wp-block-gallery-1 is-layout-flex wp-block-gallery-is-layout-flex\">\n<figure data-wp-context=\"{&quot;uploadedSrc&quot;:&quot;https:\\\/\\\/sudsejour.fr\\\/wp-content\\\/uploads\\\/2024\\\/10\\\/istockphoto-1133765996-612x612-1.jpg&quot;,&quot;figureClassNames&quot;:&quot;wp-block-image size-large&quot;,&quot;figureStyles&quot;:null,&quot;imgClassNames&quot;:&quot;wp-image-505&quot;,&quot;imgStyles&quot;:null,&quot;targetWidth&quot;:612,&quot;targetHeight&quot;:459,&quot;scaleAttr&quot;:false,&quot;ariaLabel&quot;:&quot;Enlarge image&quot;,&quot;alt&quot;:&quot;&quot;}\" data-wp-interactive=\"core\/image\" class=\"wp-block-image size-large wp-lightbox-container\"><img loading=\"lazy\" decoding=\"async\" width=\"612\" height=\"459\" data-wp-init=\"callbacks.setButtonStyles\" data-wp-on-async--click=\"actions.showLightbox\" data-wp-on-async--load=\"callbacks.setButtonStyles\" data-wp-on-async-window--resize=\"callbacks.setButtonStyles\" data-id=\"505\" src=\"https:\/\/sudsejour.fr\/wp-content\/uploads\/2024\/10\/istockphoto-1133765996-612x612-1.jpg\" alt=\"\" class=\"wp-image-505\" srcset=\"https:\/\/sudsejour.fr\/wp-content\/uploads\/2024\/10\/istockphoto-1133765996-612x612-1.jpg 612w, https:\/\/sudsejour.fr\/wp-content\/uploads\/2024\/10\/istockphoto-1133765996-612x612-1-300x225.jpg 300w\" sizes=\"(max-width: 612px) 100vw, 612px\" \/><button\n\t\t\tclass=\"lightbox-trigger\"\n\t\t\ttype=\"button\"\n\t\t\taria-haspopup=\"dialog\"\n\t\t\taria-label=\"Enlarge image\"\n\t\t\tdata-wp-init=\"callbacks.initTriggerButton\"\n\t\t\tdata-wp-on-async--click=\"actions.showLightbox\"\n\t\t\tdata-wp-style--right=\"context.imageButtonRight\"\n\t\t\tdata-wp-style--top=\"context.imageButtonTop\"\n\t\t>\n\t\t\t<svg xmlns=\"http:\/\/www.w3.org\/2000\/svg\" width=\"12\" height=\"12\" fill=\"none\" viewbox=\"0 0 12 12\">\n\t\t\t\t<path fill=\"#fff\" d=\"M2 0a2 2 0 0 0-2 2v2h1.5V2a.5.5 0 0 1 .5-.5h2V0H2Zm2 10.5H2a.5.5 0 0 1-.5-.5V8H0v2a2 2 0 0 0 2 2h2v-1.5ZM8 12v-1.5h2a.5.5 0 0 0 .5-.5V8H12v2a2 2 0 0 1-2 2H8Zm2-12a2 2 0 0 1 2 2v2h-1.5V2a.5.5 0 0 0-.5-.5H8V0h2Z\" \/>\n\t\t\t<\/svg>\n\t\t<\/button><\/figure>\n\n\n\n<figure data-wp-context=\"{&quot;uploadedSrc&quot;:&quot;https:\\\/\\\/sudsejour.fr\\\/wp-content\\\/uploads\\\/2024\\\/10\\\/free-photo-of-montagnes-monument-lac-voyager.jpeg&quot;,&quot;figureClassNames&quot;:&quot;wp-block-image size-large&quot;,&quot;figureStyles&quot;:null,&quot;imgClassNames&quot;:&quot;wp-image-503&quot;,&quot;imgStyles&quot;:null,&quot;targetWidth&quot;:563,&quot;targetHeight&quot;:750,&quot;scaleAttr&quot;:false,&quot;ariaLabel&quot;:&quot;Enlarge image&quot;,&quot;alt&quot;:&quot;&quot;}\" data-wp-interactive=\"core\/image\" class=\"wp-block-image size-large wp-lightbox-container\"><img loading=\"lazy\" decoding=\"async\" width=\"563\" height=\"750\" data-wp-init=\"callbacks.setButtonStyles\" data-wp-on-async--click=\"actions.showLightbox\" data-wp-on-async--load=\"callbacks.setButtonStyles\" data-wp-on-async-window--resize=\"callbacks.setButtonStyles\" data-id=\"503\" src=\"https:\/\/sudsejour.fr\/wp-content\/uploads\/2024\/10\/free-photo-of-montagnes-monument-lac-voyager.jpeg\" alt=\"\" class=\"wp-image-503\" srcset=\"https:\/\/sudsejour.fr\/wp-content\/uploads\/2024\/10\/free-photo-of-montagnes-monument-lac-voyager.jpeg 563w, https:\/\/sudsejour.fr\/wp-content\/uploads\/2024\/10\/free-photo-of-montagnes-monument-lac-voyager-225x300.jpeg 225w\" sizes=\"(max-width: 563px) 100vw, 563px\" \/><button\n\t\t\tclass=\"lightbox-trigger\"\n\t\t\ttype=\"button\"\n\t\t\taria-haspopup=\"dialog\"\n\t\t\taria-label=\"Enlarge image\"\n\t\t\tdata-wp-init=\"callbacks.initTriggerButton\"\n\t\t\tdata-wp-on-async--click=\"actions.showLightbox\"\n\t\t\tdata-wp-style--right=\"context.imageButtonRight\"\n\t\t\tdata-wp-style--top=\"context.imageButtonTop\"\n\t\t>\n\t\t\t<svg xmlns=\"http:\/\/www.w3.org\/2000\/svg\" width=\"12\" height=\"12\" fill=\"none\" viewbox=\"0 0 12 12\">\n\t\t\t\t<path fill=\"#fff\" d=\"M2 0a2 2 0 0 0-2 2v2h1.5V2a.5.5 0 0 1 .5-.5h2V0H2Zm2 10.5H2a.5.5 0 0 1-.5-.5V8H0v2a2 2 0 0 0 2 2h2v-1.5ZM8 12v-1.5h2a.5.5 0 0 0 .5-.5V8H12v2a2 2 0 0 1-2 2H8Zm2-12a2 2 0 0 1 2 2v2h-1.5V2a.5.5 0 0 0-.5-.5H8V0h2Z\" \/>\n\t\t\t<\/svg>\n\t\t<\/button><\/figure>\n\n\n\n<figure data-wp-context=\"{&quot;uploadedSrc&quot;:&quot;https:\\\/\\\/sudsejour.fr\\\/wp-content\\\/uploads\\\/2024\\\/10\\\/istockphoto-951070312-612x612-1.jpg&quot;,&quot;figureClassNames&quot;:&quot;wp-block-image size-large&quot;,&quot;figureStyles&quot;:null,&quot;imgClassNames&quot;:&quot;wp-image-506&quot;,&quot;imgStyles&quot;:null,&quot;targetWidth&quot;:612,&quot;targetHeight&quot;:408,&quot;scaleAttr&quot;:false,&quot;ariaLabel&quot;:&quot;Enlarge image&quot;,&quot;alt&quot;:&quot;&quot;}\" data-wp-interactive=\"core\/image\" class=\"wp-block-image size-large wp-lightbox-container\"><img loading=\"lazy\" decoding=\"async\" width=\"612\" height=\"408\" data-wp-init=\"callbacks.setButtonStyles\" data-wp-on-async--click=\"actions.showLightbox\" data-wp-on-async--load=\"callbacks.setButtonStyles\" data-wp-on-async-window--resize=\"callbacks.setButtonStyles\" data-id=\"506\" src=\"https:\/\/sudsejour.fr\/wp-content\/uploads\/2024\/10\/istockphoto-951070312-612x612-1.jpg\" alt=\"\" class=\"wp-image-506\" srcset=\"https:\/\/sudsejour.fr\/wp-content\/uploads\/2024\/10\/istockphoto-951070312-612x612-1.jpg 612w, https:\/\/sudsejour.fr\/wp-content\/uploads\/2024\/10\/istockphoto-951070312-612x612-1-300x200.jpg 300w, https:\/\/sudsejour.fr\/wp-content\/uploads\/2024\/10\/istockphoto-951070312-612x612-1-360x240.jpg 360w\" sizes=\"(max-width: 612px) 100vw, 612px\" \/><button\n\t\t\tclass=\"lightbox-trigger\"\n\t\t\ttype=\"button\"\n\t\t\taria-haspopup=\"dialog\"\n\t\t\taria-label=\"Enlarge image\"\n\t\t\tdata-wp-init=\"callbacks.initTriggerButton\"\n\t\t\tdata-wp-on-async--click=\"actions.showLightbox\"\n\t\t\tdata-wp-style--right=\"context.imageButtonRight\"\n\t\t\tdata-wp-style--top=\"context.imageButtonTop\"\n\t\t>\n\t\t\t<svg xmlns=\"http:\/\/www.w3.org\/2000\/svg\" width=\"12\" height=\"12\" fill=\"none\" viewbox=\"0 0 12 12\">\n\t\t\t\t<path fill=\"#fff\" d=\"M2 0a2 2 0 0 0-2 2v2h1.5V2a.5.5 0 0 1 .5-.5h2V0H2Zm2 10.5H2a.5.5 0 0 1-.5-.5V8H0v2a2 2 0 0 0 2 2h2v-1.5ZM8 12v-1.5h2a.5.5 0 0 0 .5-.5V8H12v2a2 2 0 0 1-2 2H8Zm2-12a2 2 0 0 1 2 2v2h-1.5V2a.5.5 0 0 0-.5-.5H8V0h2Z\" \/>\n\t\t\t<\/svg>\n\t\t<\/button><\/figure>\n\n\n\n<figure data-wp-context=\"{&quot;uploadedSrc&quot;:&quot;https:\\\/\\\/sudsejour.fr\\\/wp-content\\\/uploads\\\/2024\\\/10\\\/pexels-photo-2217364.jpeg&quot;,&quot;figureClassNames&quot;:&quot;wp-block-image size-large&quot;,&quot;figureStyles&quot;:null,&quot;imgClassNames&quot;:&quot;wp-image-507&quot;,&quot;imgStyles&quot;:null,&quot;targetWidth&quot;:1127,&quot;targetHeight&quot;:750,&quot;scaleAttr&quot;:false,&quot;ariaLabel&quot;:&quot;Enlarge image&quot;,&quot;alt&quot;:&quot;&quot;}\" data-wp-interactive=\"core\/image\" class=\"wp-block-image size-large wp-lightbox-container\"><img loading=\"lazy\" decoding=\"async\" width=\"1024\" height=\"681\" data-wp-init=\"callbacks.setButtonStyles\" data-wp-on-async--click=\"actions.showLightbox\" data-wp-on-async--load=\"callbacks.setButtonStyles\" data-wp-on-async-window--resize=\"callbacks.setButtonStyles\" data-id=\"507\" src=\"https:\/\/sudsejour.fr\/wp-content\/uploads\/2024\/10\/pexels-photo-2217364-1024x681.jpeg\" alt=\"\" class=\"wp-image-507\" srcset=\"https:\/\/sudsejour.fr\/wp-content\/uploads\/2024\/10\/pexels-photo-2217364-1024x681.jpeg 1024w, https:\/\/sudsejour.fr\/wp-content\/uploads\/2024\/10\/pexels-photo-2217364-300x200.jpeg 300w, https:\/\/sudsejour.fr\/wp-content\/uploads\/2024\/10\/pexels-photo-2217364-768x511.jpeg 768w, https:\/\/sudsejour.fr\/wp-content\/uploads\/2024\/10\/pexels-photo-2217364-360x240.jpeg 360w, https:\/\/sudsejour.fr\/wp-content\/uploads\/2024\/10\/pexels-photo-2217364.jpeg 1127w\" sizes=\"(max-width: 1024px) 100vw, 1024px\" \/><button\n\t\t\tclass=\"lightbox-trigger\"\n\t\t\ttype=\"button\"\n\t\t\taria-haspopup=\"dialog\"\n\t\t\taria-label=\"Enlarge image\"\n\t\t\tdata-wp-init=\"callbacks.initTriggerButton\"\n\t\t\tdata-wp-on-async--click=\"actions.showLightbox\"\n\t\t\tdata-wp-style--right=\"context.imageButtonRight\"\n\t\t\tdata-wp-style--top=\"context.imageButtonTop\"\n\t\t>\n\t\t\t<svg xmlns=\"http:\/\/www.w3.org\/2000\/svg\" width=\"12\" height=\"12\" fill=\"none\" viewbox=\"0 0 12 12\">\n\t\t\t\t<path fill=\"#fff\" d=\"M2 0a2 2 0 0 0-2 2v2h1.5V2a.5.5 0 0 1 .5-.5h2V0H2Zm2 10.5H2a.5.5 0 0 1-.5-.5V8H0v2a2 2 0 0 0 2 2h2v-1.5ZM8 12v-1.5h2a.5.5 0 0 0 .5-.5V8H12v2a2 2 0 0 1-2 2H8Zm2-12a2 2 0 0 1 2 2v2h-1.5V2a.5.5 0 0 0-.5-.5H8V0h2Z\" \/>\n\t\t\t<\/svg>\n\t\t<\/button><\/figure>\n\n\n\n<figure data-wp-context=\"{&quot;uploadedSrc&quot;:&quot;https:\\\/\\\/sudsejour.fr\\\/wp-content\\\/uploads\\\/2024\\\/10\\\/free-photo-of-maisons-lit-chambre-a-coucher-chambre.jpeg&quot;,&quot;figureClassNames&quot;:&quot;wp-block-image size-large&quot;,&quot;figureStyles&quot;:null,&quot;imgClassNames&quot;:&quot;wp-image-504&quot;,&quot;imgStyles&quot;:null,&quot;targetWidth&quot;:500,&quot;targetHeight&quot;:750,&quot;scaleAttr&quot;:false,&quot;ariaLabel&quot;:&quot;Enlarge image&quot;,&quot;alt&quot;:&quot;&quot;}\" data-wp-interactive=\"core\/image\" class=\"wp-block-image size-large wp-lightbox-container\"><img loading=\"lazy\" decoding=\"async\" width=\"500\" height=\"750\" data-wp-init=\"callbacks.setButtonStyles\" data-wp-on-async--click=\"actions.showLightbox\" data-wp-on-async--load=\"callbacks.setButtonStyles\" data-wp-on-async-window--resize=\"callbacks.setButtonStyles\" data-id=\"504\" src=\"https:\/\/sudsejour.fr\/wp-content\/uploads\/2024\/10\/free-photo-of-maisons-lit-chambre-a-coucher-chambre.jpeg\" alt=\"\" class=\"wp-image-504\" srcset=\"https:\/\/sudsejour.fr\/wp-content\/uploads\/2024\/10\/free-photo-of-maisons-lit-chambre-a-coucher-chambre.jpeg 500w, https:\/\/sudsejour.fr\/wp-content\/uploads\/2024\/10\/free-photo-of-maisons-lit-chambre-a-coucher-chambre-200x300.jpeg 200w\" sizes=\"(max-width: 500px) 100vw, 500px\" \/><button\n\t\t\tclass=\"lightbox-trigger\"\n\t\t\ttype=\"button\"\n\t\t\taria-haspopup=\"dialog\"\n\t\t\taria-label=\"Enlarge image\"\n\t\t\tdata-wp-init=\"callbacks.initTriggerButton\"\n\t\t\tdata-wp-on-async--click=\"actions.showLightbox\"\n\t\t\tdata-wp-style--right=\"context.imageButtonRight\"\n\t\t\tdata-wp-style--top=\"context.imageButtonTop\"\n\t\t>\n\t\t\t<svg xmlns=\"http:\/\/www.w3.org\/2000\/svg\" width=\"12\" height=\"12\" fill=\"none\" viewbox=\"0 0 12 12\">\n\t\t\t\t<path fill=\"#fff\" d=\"M2 0a2 2 0 0 0-2 2v2h1.5V2a.5.5 0 0 1 .5-.5h2V0H2Zm2 10.5H2a.5.5 0 0 1-.5-.5V8H0v2a2 2 0 0 0 2 2h2v-1.5ZM8 12v-1.5h2a.5.5 0 0 0 .5-.5V8H12v2a2 2 0 0 1-2 2H8Zm2-12a2 2 0 0 1 2 2v2h-1.5V2a.5.5 0 0 0-.5-.5H8V0h2Z\" \/>\n\t\t\t<\/svg>\n\t\t<\/button><\/figure>\n<\/figure>\n\n\n\n<div style=\"height:100px\" aria-hidden=\"true\" class=\"wp-block-spacer\"><\/div>","protected":false},"excerpt":{"rendered":"<p>Si pour vous la ville et le tourisme de masse n&rsquo;est pas votre p\u00e9ch\u00e9 mignon, nous avons la solution ! Posez vos bagages dans le Parc national du Mercantour, c&rsquo;est l&rsquo;occasion de vous reconnecter avec la nature, loin de la pollution urbaine, seuls face \u00e0 la nature. Si le bruit [&hellip;]<\/p>","protected":false},"author":1,"featured_media":0,"parent":0,"menu_order":0,"comment_status":"closed","ping_status":"closed","template":"","meta":{"footnotes":""},"class_list":["post-496","page","type-page","status-publish","hentry"],"yoast_head":"<!-- This site is optimized with the Yoast SEO plugin v23.8 - https:\/\/yoast.com\/wordpress\/plugins\/seo\/ -->\n<title>Seuls face \u00e0 la nature - sudsejour<\/title>\n<meta name=\"description\" content=\"Si pour vous la ville n&#039;est pas votre p\u00e9ch\u00e9 mignon, nous avons la solution ! Posez vous seuls face \u00e0 la nature dans le Mercantour !\" \/>\n<meta name=\"robots\" content=\"index, follow, max-snippet:-1, max-image-preview:large, max-video-preview:-1\" \/>\n<link rel=\"canonical\" href=\"https:\/\/sudsejour.fr\/en\/seuls-face-a-la-nature-parc-national-mercantour-randonnees\/\" \/>\n<meta property=\"og:locale\" content=\"en_US\" \/>\n<meta property=\"og:type\" content=\"article\" \/>\n<meta property=\"og:title\" content=\"Seuls face \u00e0 la nature - sudsejour\" \/>\n<meta property=\"og:description\" content=\"Si pour vous la ville n&#039;est pas votre p\u00e9ch\u00e9 mignon, nous avons la solution ! Posez vous seuls face \u00e0 la nature dans le Mercantour !\" \/>\n<meta property=\"og:url\" content=\"https:\/\/sudsejour.fr\/en\/seuls-face-a-la-nature-parc-national-mercantour-randonnees\/\" \/>\n<meta property=\"og:site_name\" content=\"sudsejour\" \/>\n<meta property=\"article:modified_time\" content=\"2024-11-19T18:05:22+00:00\" \/>\n<meta property=\"og:image\" content=\"https:\/\/sudsejour.fr\/wp-content\/uploads\/2024\/10\/istockphoto-1133765996-612x612-1.jpg\" \/>\n\t<meta property=\"og:image:width\" content=\"612\" \/>\n\t<meta property=\"og:image:height\" content=\"459\" \/>\n\t<meta property=\"og:image:type\" content=\"image\/jpeg\" \/>\n<meta name=\"twitter:card\" content=\"summary_large_image\" \/>\n<meta name=\"twitter:label1\" content=\"Est. reading time\" \/>\n\t<meta name=\"twitter:data1\" content=\"3 minutes\" \/>\n<script type=\"application\/ld+json\" class=\"yoast-schema-graph\">{\"@context\":\"https:\/\/schema.org\",\"@graph\":[{\"@type\":\"WebPage\",\"@id\":\"https:\/\/sudsejour.fr\/seuls-face-a-la-nature-parc-national-mercantour-randonnees\/\",\"url\":\"https:\/\/sudsejour.fr\/seuls-face-a-la-nature-parc-national-mercantour-randonnees\/\",\"name\":\"Seuls face \u00e0 la nature - sudsejour\",\"isPartOf\":{\"@id\":\"https:\/\/sudsejour.fr\/en\/#website\"},\"primaryImageOfPage\":{\"@id\":\"https:\/\/sudsejour.fr\/seuls-face-a-la-nature-parc-national-mercantour-randonnees\/#primaryimage\"},\"image\":{\"@id\":\"https:\/\/sudsejour.fr\/seuls-face-a-la-nature-parc-national-mercantour-randonnees\/#primaryimage\"},\"thumbnailUrl\":\"https:\/\/sudsejour.fr\/wp-content\/uploads\/2024\/10\/istockphoto-1133765996-612x612-1.jpg\",\"datePublished\":\"2024-10-23T17:59:44+00:00\",\"dateModified\":\"2024-11-19T18:05:22+00:00\",\"description\":\"Si pour vous la ville n'est pas votre p\u00e9ch\u00e9 mignon, nous avons la solution ! Posez vous seuls face \u00e0 la nature dans le Mercantour !\",\"breadcrumb\":{\"@id\":\"https:\/\/sudsejour.fr\/seuls-face-a-la-nature-parc-national-mercantour-randonnees\/#breadcrumb\"},\"inLanguage\":\"en-US\",\"potentialAction\":[{\"@type\":\"ReadAction\",\"target\":[\"https:\/\/sudsejour.fr\/seuls-face-a-la-nature-parc-national-mercantour-randonnees\/\"]}]},{\"@type\":\"ImageObject\",\"inLanguage\":\"en-US\",\"@id\":\"https:\/\/sudsejour.fr\/seuls-face-a-la-nature-parc-national-mercantour-randonnees\/#primaryimage\",\"url\":\"https:\/\/sudsejour.fr\/wp-content\/uploads\/2024\/10\/istockphoto-1133765996-612x612-1.jpg\",\"contentUrl\":\"https:\/\/sudsejour.fr\/wp-content\/uploads\/2024\/10\/istockphoto-1133765996-612x612-1.jpg\"},{\"@type\":\"BreadcrumbList\",\"@id\":\"https:\/\/sudsejour.fr\/seuls-face-a-la-nature-parc-national-mercantour-randonnees\/#breadcrumb\",\"itemListElement\":[{\"@type\":\"ListItem\",\"position\":1,\"name\":\"Accueil\",\"item\":\"https:\/\/sudsejour.fr\/en\/\"},{\"@type\":\"ListItem\",\"position\":2,\"name\":\"Seuls face \u00e0 la nature\"}]},{\"@type\":\"WebSite\",\"@id\":\"https:\/\/sudsejour.fr\/en\/#website\",\"url\":\"https:\/\/sudsejour.fr\/en\/\",\"name\":\"sudsejour\",\"description\":\"Explorez, r\u00eavez, s\u00e9journez !\",\"publisher\":{\"@id\":\"https:\/\/sudsejour.fr\/en\/#organization\"},\"potentialAction\":[{\"@type\":\"SearchAction\",\"target\":{\"@type\":\"EntryPoint\",\"urlTemplate\":\"https:\/\/sudsejour.fr\/en\/?s={search_term_string}\"},\"query-input\":{\"@type\":\"PropertyValueSpecification\",\"valueRequired\":true,\"valueName\":\"search_term_string\"}}],\"inLanguage\":\"en-US\"},{\"@type\":\"Organization\",\"@id\":\"https:\/\/sudsejour.fr\/en\/#organization\",\"name\":\"sudsejour\",\"url\":\"https:\/\/sudsejour.fr\/en\/\",\"logo\":{\"@type\":\"ImageObject\",\"inLanguage\":\"en-US\",\"@id\":\"https:\/\/sudsejour.fr\/en\/#\/schema\/logo\/image\/\",\"url\":\"https:\/\/sudsejour.fr\/wp-content\/uploads\/2024\/10\/Capture-decran-2024-10-07-204732.jpg\",\"contentUrl\":\"https:\/\/sudsejour.fr\/wp-content\/uploads\/2024\/10\/Capture-decran-2024-10-07-204732.jpg\",\"width\":449,\"height\":437,\"caption\":\"sudsejour\"},\"image\":{\"@id\":\"https:\/\/sudsejour.fr\/en\/#\/schema\/logo\/image\/\"}}]}<\/script>\n<!-- \/ Yoast SEO plugin. -->","yoast_head_json":{"title":"Seuls face \u00e0 la nature - sudsejour","description":"Si pour vous la ville n'est pas votre p\u00e9ch\u00e9 mignon, nous avons la solution ! Posez vous seuls face \u00e0 la nature dans le Mercantour !","robots":{"index":"index","follow":"follow","max-snippet":"max-snippet:-1","max-image-preview":"max-image-preview:large","max-video-preview":"max-video-preview:-1"},"canonical":"https:\/\/sudsejour.fr\/en\/seuls-face-a-la-nature-parc-national-mercantour-randonnees\/","og_locale":"en_US","og_type":"article","og_title":"Seuls face \u00e0 la nature - sudsejour","og_description":"Si pour vous la ville n'est pas votre p\u00e9ch\u00e9 mignon, nous avons la solution ! Posez vous seuls face \u00e0 la nature dans le Mercantour !","og_url":"https:\/\/sudsejour.fr\/en\/seuls-face-a-la-nature-parc-national-mercantour-randonnees\/","og_site_name":"sudsejour","article_modified_time":"2024-11-19T18:05:22+00:00","og_image":[{"width":612,"height":459,"url":"https:\/\/sudsejour.fr\/wp-content\/uploads\/2024\/10\/istockphoto-1133765996-612x612-1.jpg","type":"image\/jpeg"}],"twitter_card":"summary_large_image","twitter_misc":{"Est. reading time":"3 minutes"},"schema":{"@context":"https:\/\/schema.org","@graph":[{"@type":"WebPage","@id":"https:\/\/sudsejour.fr\/seuls-face-a-la-nature-parc-national-mercantour-randonnees\/","url":"https:\/\/sudsejour.fr\/seuls-face-a-la-nature-parc-national-mercantour-randonnees\/","name":"Seuls face \u00e0 la nature - sudsejour","isPartOf":{"@id":"https:\/\/sudsejour.fr\/en\/#website"},"primaryImageOfPage":{"@id":"https:\/\/sudsejour.fr\/seuls-face-a-la-nature-parc-national-mercantour-randonnees\/#primaryimage"},"image":{"@id":"https:\/\/sudsejour.fr\/seuls-face-a-la-nature-parc-national-mercantour-randonnees\/#primaryimage"},"thumbnailUrl":"https:\/\/sudsejour.fr\/wp-content\/uploads\/2024\/10\/istockphoto-1133765996-612x612-1.jpg","datePublished":"2024-10-23T17:59:44+00:00","dateModified":"2024-11-19T18:05:22+00:00","description":"Si pour vous la ville n'est pas votre p\u00e9ch\u00e9 mignon, nous avons la solution ! Posez vous seuls face \u00e0 la nature dans le Mercantour !","breadcrumb":{"@id":"https:\/\/sudsejour.fr\/seuls-face-a-la-nature-parc-national-mercantour-randonnees\/#breadcrumb"},"inLanguage":"en-US","potentialAction":[{"@type":"ReadAction","target":["https:\/\/sudsejour.fr\/seuls-face-a-la-nature-parc-national-mercantour-randonnees\/"]}]},{"@type":"ImageObject","inLanguage":"en-US","@id":"https:\/\/sudsejour.fr\/seuls-face-a-la-nature-parc-national-mercantour-randonnees\/#primaryimage","url":"https:\/\/sudsejour.fr\/wp-content\/uploads\/2024\/10\/istockphoto-1133765996-612x612-1.jpg","contentUrl":"https:\/\/sudsejour.fr\/wp-content\/uploads\/2024\/10\/istockphoto-1133765996-612x612-1.jpg"},{"@type":"BreadcrumbList","@id":"https:\/\/sudsejour.fr\/seuls-face-a-la-nature-parc-national-mercantour-randonnees\/#breadcrumb","itemListElement":[{"@type":"ListItem","position":1,"name":"Accueil","item":"https:\/\/sudsejour.fr\/en\/"},{"@type":"ListItem","position":2,"name":"Seuls face \u00e0 la nature"}]},{"@type":"WebSite","@id":"https:\/\/sudsejour.fr\/en\/#website","url":"https:\/\/sudsejour.fr\/en\/","name":"sudsejour","description":"Explorez, r\u00eavez, s\u00e9journez !","publisher":{"@id":"https:\/\/sudsejour.fr\/en\/#organization"},"potentialAction":[{"@type":"SearchAction","target":{"@type":"EntryPoint","urlTemplate":"https:\/\/sudsejour.fr\/en\/?s={search_term_string}"},"query-input":{"@type":"PropertyValueSpecification","valueRequired":true,"valueName":"search_term_string"}}],"inLanguage":"en-US"},{"@type":"Organization","@id":"https:\/\/sudsejour.fr\/en\/#organization","name":"sudsejour","url":"https:\/\/sudsejour.fr\/en\/","logo":{"@type":"ImageObject","inLanguage":"en-US","@id":"https:\/\/sudsejour.fr\/en\/#\/schema\/logo\/image\/","url":"https:\/\/sudsejour.fr\/wp-content\/uploads\/2024\/10\/Capture-decran-2024-10-07-204732.jpg","contentUrl":"https:\/\/sudsejour.fr\/wp-content\/uploads\/2024\/10\/Capture-decran-2024-10-07-204732.jpg","width":449,"height":437,"caption":"sudsejour"},"image":{"@id":"https:\/\/sudsejour.fr\/en\/#\/schema\/logo\/image\/"}}]}},"_links":{"self":[{"href":"https:\/\/sudsejour.fr\/en\/wp-json\/wp\/v2\/pages\/496"}],"collection":[{"href":"https:\/\/sudsejour.fr\/en\/wp-json\/wp\/v2\/pages"}],"about":[{"href":"https:\/\/sudsejour.fr\/en\/wp-json\/wp\/v2\/types\/page"}],"author":[{"embeddable":true,"href":"https:\/\/sudsejour.fr\/en\/wp-json\/wp\/v2\/users\/1"}],"replies":[{"embeddable":true,"href":"https:\/\/sudsejour.fr\/en\/wp-json\/wp\/v2\/comments?post=496"}],"version-history":[{"count":12,"href":"https:\/\/sudsejour.fr\/en\/wp-json\/wp\/v2\/pages\/496\/revisions"}],"predecessor-version":[{"id":953,"href":"https:\/\/sudsejour.fr\/en\/wp-json\/wp\/v2\/pages\/496\/revisions\/953"}],"wp:attachment":[{"href":"https:\/\/sudsejour.fr\/en\/wp-json\/wp\/v2\/media?parent=496"}],"curies":[{"name":"wp","href":"https:\/\/api.w.org\/{rel}","templated":true}]}}