{"id":512,"date":"2024-10-23T18:09:47","date_gmt":"2024-10-23T18:09:47","guid":{"rendered":"https:\/\/sudsejour.fr\/?page_id=512"},"modified":"2024-11-18T15:34:48","modified_gmt":"2024-11-18T15:34:48","slug":"fan-darchitecture-moderne-monaco-menton-plage","status":"publish","type":"page","link":"https:\/\/sudsejour.fr\/en\/fan-darchitecture-moderne-monaco-menton-plage\/","title":{"rendered":"Fan d&rsquo;architecture moderne"},"content":{"rendered":"<p class=\"has-text-align-center\">Envie de vous impr\u00e9gner de la vie sur la c\u00f4te d&rsquo;azur parce que vous \u00eates fan d&rsquo;architecture moderne ? Louez cette magnifique maison \u00e0 l&rsquo;architecture moderne et \u00e0 quelques pas de la plage du Larvotto ! A la fois proche du centre de Monaco et de Menton, vous saurez \u00eatre servis en terme d&rsquo;activit\u00e9s ! Profitez de visiter cette ville embl\u00e9matique afin de faire une pause dans le temps.<\/p>\n\n\n\n<p class=\"has-text-align-center\">Cette maison offre un cadre de vie exceptionnel. Son design moderne et \u00e9pur\u00e9 vous s\u00e9duira imm\u00e9diatement. De grandes baies vitr\u00e9es laissent entrer la lumi\u00e8re naturelle. Vous pourrez profiter d&rsquo;une vue imprenable sur la mer. \u00c0 l&rsquo;int\u00e9rieur, les espaces sont spacieux et \u00e9l\u00e9gants. La d\u00e9coration allie confort et sobri\u00e9t\u00e9. Un jardin intime et une terrasse vous attendent pour vos moments de d\u00e9tente. La plage du Larvotto est \u00e0 quelques pas seulement. Vous pourrez vous y rendre \u00e0 pied pour une baignade rafra\u00eechissante. Le soir, fl\u00e2nez dans les ruelles de Monaco ou partez \u00e0 la d\u00e9couverte de Menton. Entre culture, shopping et restaurants raffin\u00e9s, les options ne manquent pas. Vous serez \u00e0 la crois\u00e9e des chemins entre luxe et authenticit\u00e9 pour tout fan d&rsquo;architecture moderne.<\/p>\n\n\n\n<p class=\"has-text-align-center\">La maison est id\u00e9alement situ\u00e9e pour explorer la r\u00e9gion. \u00c0 quelques minutes de route, vous trouverez les jardins exotiques de Monaco et le Mus\u00e9e oc\u00e9anographique. Les amateurs d&rsquo;art appr\u00e9cieront les nombreuses galeries et expositions. Pour les sportifs, plusieurs clubs de tennis et de golf sont \u00e0 proximit\u00e9. La ville de Menton, avec ses ruelles pittoresques, ses march\u00e9s locaux et ses plages tranquilles, est parfaite pour une escapade relaxante. En soir\u00e9e, la cuisine m\u00e9diterran\u00e9enne vous ravira dans les restaurants locaux. Que vous soyez en qu\u00eate de d\u00e9tente ou d&rsquo;aventure, cette maison vous offre un cadre de vie parfait.<\/p>\n\n\n\n<div style=\"height:15px\" aria-hidden=\"true\" class=\"wp-block-spacer\"><\/div>\n\n\n\n<p class=\"has-text-align-center\">Tarif : 210\u20ac la nuit<\/p>\n\n\n\n<div style=\"height:15px\" aria-hidden=\"true\" class=\"wp-block-spacer\"><\/div>\n\n\n\n<figure class=\"wp-block-gallery has-nested-images columns-default is-cropped wp-block-gallery-1 is-layout-flex wp-block-gallery-is-layout-flex\">\n<figure data-wp-context=\"{&quot;uploadedSrc&quot;:&quot;https:\\\/\\\/sudsejour.fr\\\/wp-content\\\/uploads\\\/2024\\\/10\\\/pexels-photo-1571459.jpeg&quot;,&quot;figureClassNames&quot;:&quot;wp-block-image size-large&quot;,&quot;figureStyles&quot;:null,&quot;imgClassNames&quot;:&quot;wp-image-517&quot;,&quot;imgStyles&quot;:null,&quot;targetWidth&quot;:800,&quot;targetHeight&quot;:522,&quot;scaleAttr&quot;:false,&quot;ariaLabel&quot;:&quot;Enlarge image&quot;,&quot;alt&quot;:&quot;&quot;}\" data-wp-interactive=\"core\/image\" class=\"wp-block-image size-large wp-lightbox-container\"><img loading=\"lazy\" decoding=\"async\" width=\"800\" height=\"522\" data-wp-init=\"callbacks.setButtonStyles\" data-wp-on-async--click=\"actions.showLightbox\" data-wp-on-async--load=\"callbacks.setButtonStyles\" data-wp-on-async-window--resize=\"callbacks.setButtonStyles\" data-id=\"517\" src=\"https:\/\/sudsejour.fr\/wp-content\/uploads\/2024\/10\/pexels-photo-1571459.jpeg\" alt=\"\" class=\"wp-image-517\" srcset=\"https:\/\/sudsejour.fr\/wp-content\/uploads\/2024\/10\/pexels-photo-1571459.jpeg 800w, https:\/\/sudsejour.fr\/wp-content\/uploads\/2024\/10\/pexels-photo-1571459-300x196.jpeg 300w, https:\/\/sudsejour.fr\/wp-content\/uploads\/2024\/10\/pexels-photo-1571459-768x501.jpeg 768w\" sizes=\"(max-width: 800px) 100vw, 800px\" \/><button\n\t\t\tclass=\"lightbox-trigger\"\n\t\t\ttype=\"button\"\n\t\t\taria-haspopup=\"dialog\"\n\t\t\taria-label=\"Enlarge image\"\n\t\t\tdata-wp-init=\"callbacks.initTriggerButton\"\n\t\t\tdata-wp-on-async--click=\"actions.showLightbox\"\n\t\t\tdata-wp-style--right=\"context.imageButtonRight\"\n\t\t\tdata-wp-style--top=\"context.imageButtonTop\"\n\t\t>\n\t\t\t<svg xmlns=\"http:\/\/www.w3.org\/2000\/svg\" width=\"12\" height=\"12\" fill=\"none\" viewbox=\"0 0 12 12\">\n\t\t\t\t<path fill=\"#fff\" d=\"M2 0a2 2 0 0 0-2 2v2h1.5V2a.5.5 0 0 1 .5-.5h2V0H2Zm2 10.5H2a.5.5 0 0 1-.5-.5V8H0v2a2 2 0 0 0 2 2h2v-1.5ZM8 12v-1.5h2a.5.5 0 0 0 .5-.5V8H12v2a2 2 0 0 1-2 2H8Zm2-12a2 2 0 0 1 2 2v2h-1.5V2a.5.5 0 0 0-.5-.5H8V0h2Z\" \/>\n\t\t\t<\/svg>\n\t\t<\/button><\/figure>\n\n\n\n<figure data-wp-context=\"{&quot;uploadedSrc&quot;:&quot;https:\\\/\\\/sudsejour.fr\\\/wp-content\\\/uploads\\\/2024\\\/10\\\/pexels-photo-533157.webp&quot;,&quot;figureClassNames&quot;:&quot;wp-block-image size-full&quot;,&quot;figureStyles&quot;:null,&quot;imgClassNames&quot;:&quot;wp-image-523&quot;,&quot;imgStyles&quot;:null,&quot;targetWidth&quot;:500,&quot;targetHeight&quot;:750,&quot;scaleAttr&quot;:false,&quot;ariaLabel&quot;:&quot;Enlarge image&quot;,&quot;alt&quot;:&quot;&quot;}\" data-wp-interactive=\"core\/image\" class=\"wp-block-image size-full wp-lightbox-container\"><img loading=\"lazy\" decoding=\"async\" width=\"500\" height=\"750\" data-wp-init=\"callbacks.setButtonStyles\" data-wp-on-async--click=\"actions.showLightbox\" data-wp-on-async--load=\"callbacks.setButtonStyles\" data-wp-on-async-window--resize=\"callbacks.setButtonStyles\" data-id=\"523\" src=\"https:\/\/sudsejour.fr\/wp-content\/uploads\/2024\/10\/pexels-photo-533157.webp\" alt=\"\" class=\"wp-image-523\" srcset=\"https:\/\/sudsejour.fr\/wp-content\/uploads\/2024\/10\/pexels-photo-533157.webp 500w, https:\/\/sudsejour.fr\/wp-content\/uploads\/2024\/10\/pexels-photo-533157-200x300.webp 200w\" sizes=\"(max-width: 500px) 100vw, 500px\" \/><button\n\t\t\tclass=\"lightbox-trigger\"\n\t\t\ttype=\"button\"\n\t\t\taria-haspopup=\"dialog\"\n\t\t\taria-label=\"Enlarge image\"\n\t\t\tdata-wp-init=\"callbacks.initTriggerButton\"\n\t\t\tdata-wp-on-async--click=\"actions.showLightbox\"\n\t\t\tdata-wp-style--right=\"context.imageButtonRight\"\n\t\t\tdata-wp-style--top=\"context.imageButtonTop\"\n\t\t>\n\t\t\t<svg xmlns=\"http:\/\/www.w3.org\/2000\/svg\" width=\"12\" height=\"12\" fill=\"none\" viewbox=\"0 0 12 12\">\n\t\t\t\t<path fill=\"#fff\" d=\"M2 0a2 2 0 0 0-2 2v2h1.5V2a.5.5 0 0 1 .5-.5h2V0H2Zm2 10.5H2a.5.5 0 0 1-.5-.5V8H0v2a2 2 0 0 0 2 2h2v-1.5ZM8 12v-1.5h2a.5.5 0 0 0 .5-.5V8H12v2a2 2 0 0 1-2 2H8Zm2-12a2 2 0 0 1 2 2v2h-1.5V2a.5.5 0 0 0-.5-.5H8V0h2Z\" \/>\n\t\t\t<\/svg>\n\t\t<\/button><\/figure>\n\n\n\n<figure data-wp-context=\"{&quot;uploadedSrc&quot;:&quot;https:\\\/\\\/sudsejour.fr\\\/wp-content\\\/uploads\\\/2024\\\/10\\\/pexels-photo-1457847.webp&quot;,&quot;figureClassNames&quot;:&quot;wp-block-image size-large&quot;,&quot;figureStyles&quot;:null,&quot;imgClassNames&quot;:&quot;wp-image-519&quot;,&quot;imgStyles&quot;:null,&quot;targetWidth&quot;:800,&quot;targetHeight&quot;:1080,&quot;scaleAttr&quot;:false,&quot;ariaLabel&quot;:&quot;Enlarge image&quot;,&quot;alt&quot;:&quot;&quot;}\" data-wp-interactive=\"core\/image\" class=\"wp-block-image size-large wp-lightbox-container\"><img loading=\"lazy\" decoding=\"async\" width=\"759\" height=\"1024\" data-wp-init=\"callbacks.setButtonStyles\" data-wp-on-async--click=\"actions.showLightbox\" data-wp-on-async--load=\"callbacks.setButtonStyles\" data-wp-on-async-window--resize=\"callbacks.setButtonStyles\" data-id=\"519\" src=\"https:\/\/sudsejour.fr\/wp-content\/uploads\/2024\/10\/pexels-photo-1457847-759x1024.webp\" alt=\"\" class=\"wp-image-519\" srcset=\"https:\/\/sudsejour.fr\/wp-content\/uploads\/2024\/10\/pexels-photo-1457847-759x1024.webp 759w, https:\/\/sudsejour.fr\/wp-content\/uploads\/2024\/10\/pexels-photo-1457847-222x300.webp 222w, https:\/\/sudsejour.fr\/wp-content\/uploads\/2024\/10\/pexels-photo-1457847-768x1037.webp 768w, https:\/\/sudsejour.fr\/wp-content\/uploads\/2024\/10\/pexels-photo-1457847.webp 800w\" sizes=\"(max-width: 759px) 100vw, 759px\" \/><button\n\t\t\tclass=\"lightbox-trigger\"\n\t\t\ttype=\"button\"\n\t\t\taria-haspopup=\"dialog\"\n\t\t\taria-label=\"Enlarge image\"\n\t\t\tdata-wp-init=\"callbacks.initTriggerButton\"\n\t\t\tdata-wp-on-async--click=\"actions.showLightbox\"\n\t\t\tdata-wp-style--right=\"context.imageButtonRight\"\n\t\t\tdata-wp-style--top=\"context.imageButtonTop\"\n\t\t>\n\t\t\t<svg xmlns=\"http:\/\/www.w3.org\/2000\/svg\" width=\"12\" height=\"12\" fill=\"none\" viewbox=\"0 0 12 12\">\n\t\t\t\t<path fill=\"#fff\" d=\"M2 0a2 2 0 0 0-2 2v2h1.5V2a.5.5 0 0 1 .5-.5h2V0H2Zm2 10.5H2a.5.5 0 0 1-.5-.5V8H0v2a2 2 0 0 0 2 2h2v-1.5ZM8 12v-1.5h2a.5.5 0 0 0 .5-.5V8H12v2a2 2 0 0 1-2 2H8Zm2-12a2 2 0 0 1 2 2v2h-1.5V2a.5.5 0 0 0-.5-.5H8V0h2Z\" \/>\n\t\t\t<\/svg>\n\t\t<\/button><\/figure>\n\n\n\n<figure class=\"wp-block-image size-large\"><a href=\"https:\/\/www.monte-carlo.mc\/fr\/visites\/office-tourisme-monaco\/\"><img loading=\"lazy\" decoding=\"async\" width=\"1024\" height=\"683\" data-id=\"520\" src=\"https:\/\/sudsejour.fr\/wp-content\/uploads\/2024\/10\/m-1024x683.jpeg\" alt=\"\" class=\"wp-image-520\" srcset=\"https:\/\/sudsejour.fr\/wp-content\/uploads\/2024\/10\/m-1024x683.jpeg 1024w, https:\/\/sudsejour.fr\/wp-content\/uploads\/2024\/10\/m-300x200.jpeg 300w, https:\/\/sudsejour.fr\/wp-content\/uploads\/2024\/10\/m-768x512.jpeg 768w, https:\/\/sudsejour.fr\/wp-content\/uploads\/2024\/10\/m-360x240.jpeg 360w, https:\/\/sudsejour.fr\/wp-content\/uploads\/2024\/10\/m.jpeg 1125w\" sizes=\"(max-width: 1024px) 100vw, 1024px\" \/><\/a><\/figure>\n<\/figure>\n\n\n\n<div style=\"height:100px\" aria-hidden=\"true\" class=\"wp-block-spacer\"><\/div>\n\n\n\n<p><\/p>","protected":false},"excerpt":{"rendered":"<p>Envie de vous impr\u00e9gner de la vie sur la c\u00f4te d&rsquo;azur parce que vous \u00eates fan d&rsquo;architecture moderne ? Louez cette magnifique maison \u00e0 l&rsquo;architecture moderne et \u00e0 quelques pas de la plage du Larvotto ! A la fois proche du centre de Monaco et de Menton, vous saurez \u00eatre [&hellip;]<\/p>","protected":false},"author":1,"featured_media":0,"parent":0,"menu_order":0,"comment_status":"closed","ping_status":"closed","template":"","meta":{"footnotes":""},"class_list":["post-512","page","type-page","status-publish","hentry"],"yoast_head":"<!-- This site is optimized with the Yoast SEO plugin v23.8 - https:\/\/yoast.com\/wordpress\/plugins\/seo\/ -->\n<title>Fan d&#039;architecture moderne - sudsejour<\/title>\n<meta name=\"description\" content=\"Vous \u00eates fan d&#039;architecture moderne ? Louez cette magnifique maison avec vue et piscine face \u00e0 la mer, pour se magnifiques sunset.\" \/>\n<meta name=\"robots\" content=\"index, follow, max-snippet:-1, max-image-preview:large, max-video-preview:-1\" \/>\n<link rel=\"canonical\" href=\"https:\/\/sudsejour.fr\/en\/fan-darchitecture-moderne-monaco-menton-plage\/\" \/>\n<meta property=\"og:locale\" content=\"en_US\" \/>\n<meta property=\"og:type\" content=\"article\" \/>\n<meta property=\"og:title\" content=\"Fan d&#039;architecture moderne - sudsejour\" \/>\n<meta property=\"og:description\" content=\"Vous \u00eates fan d&#039;architecture moderne ? Louez cette magnifique maison avec vue et piscine face \u00e0 la mer, pour se magnifiques sunset.\" \/>\n<meta property=\"og:url\" content=\"https:\/\/sudsejour.fr\/en\/fan-darchitecture-moderne-monaco-menton-plage\/\" \/>\n<meta property=\"og:site_name\" content=\"sudsejour\" \/>\n<meta property=\"article:modified_time\" content=\"2024-11-18T15:34:48+00:00\" \/>\n<meta property=\"og:image\" content=\"https:\/\/sudsejour.fr\/wp-content\/uploads\/2024\/10\/pexels-photo-1571459.jpeg\" \/>\n\t<meta property=\"og:image:width\" content=\"800\" \/>\n\t<meta property=\"og:image:height\" content=\"522\" \/>\n\t<meta property=\"og:image:type\" content=\"image\/jpeg\" \/>\n<meta name=\"twitter:card\" content=\"summary_large_image\" \/>\n<meta name=\"twitter:label1\" content=\"Est. reading time\" \/>\n\t<meta name=\"twitter:data1\" content=\"3 minutes\" \/>\n<script type=\"application\/ld+json\" class=\"yoast-schema-graph\">{\"@context\":\"https:\/\/schema.org\",\"@graph\":[{\"@type\":\"WebPage\",\"@id\":\"https:\/\/sudsejour.fr\/fan-darchitecture-moderne-monaco-menton-plage\/\",\"url\":\"https:\/\/sudsejour.fr\/fan-darchitecture-moderne-monaco-menton-plage\/\",\"name\":\"Fan d'architecture moderne - sudsejour\",\"isPartOf\":{\"@id\":\"https:\/\/sudsejour.fr\/en\/#website\"},\"primaryImageOfPage\":{\"@id\":\"https:\/\/sudsejour.fr\/fan-darchitecture-moderne-monaco-menton-plage\/#primaryimage\"},\"image\":{\"@id\":\"https:\/\/sudsejour.fr\/fan-darchitecture-moderne-monaco-menton-plage\/#primaryimage\"},\"thumbnailUrl\":\"https:\/\/sudsejour.fr\/wp-content\/uploads\/2024\/10\/pexels-photo-1571459.jpeg\",\"datePublished\":\"2024-10-23T18:09:47+00:00\",\"dateModified\":\"2024-11-18T15:34:48+00:00\",\"description\":\"Vous \u00eates fan d'architecture moderne ? Louez cette magnifique maison avec vue et piscine face \u00e0 la mer, pour se magnifiques sunset.\",\"breadcrumb\":{\"@id\":\"https:\/\/sudsejour.fr\/fan-darchitecture-moderne-monaco-menton-plage\/#breadcrumb\"},\"inLanguage\":\"en-US\",\"potentialAction\":[{\"@type\":\"ReadAction\",\"target\":[\"https:\/\/sudsejour.fr\/fan-darchitecture-moderne-monaco-menton-plage\/\"]}]},{\"@type\":\"ImageObject\",\"inLanguage\":\"en-US\",\"@id\":\"https:\/\/sudsejour.fr\/fan-darchitecture-moderne-monaco-menton-plage\/#primaryimage\",\"url\":\"https:\/\/sudsejour.fr\/wp-content\/uploads\/2024\/10\/pexels-photo-1571459.jpeg\",\"contentUrl\":\"https:\/\/sudsejour.fr\/wp-content\/uploads\/2024\/10\/pexels-photo-1571459.jpeg\"},{\"@type\":\"BreadcrumbList\",\"@id\":\"https:\/\/sudsejour.fr\/fan-darchitecture-moderne-monaco-menton-plage\/#breadcrumb\",\"itemListElement\":[{\"@type\":\"ListItem\",\"position\":1,\"name\":\"Accueil\",\"item\":\"https:\/\/sudsejour.fr\/en\/\"},{\"@type\":\"ListItem\",\"position\":2,\"name\":\"Fan d&#8217;architecture moderne\"}]},{\"@type\":\"WebSite\",\"@id\":\"https:\/\/sudsejour.fr\/en\/#website\",\"url\":\"https:\/\/sudsejour.fr\/en\/\",\"name\":\"sudsejour\",\"description\":\"Explorez, r\u00eavez, s\u00e9journez !\",\"publisher\":{\"@id\":\"https:\/\/sudsejour.fr\/en\/#organization\"},\"potentialAction\":[{\"@type\":\"SearchAction\",\"target\":{\"@type\":\"EntryPoint\",\"urlTemplate\":\"https:\/\/sudsejour.fr\/en\/?s={search_term_string}\"},\"query-input\":{\"@type\":\"PropertyValueSpecification\",\"valueRequired\":true,\"valueName\":\"search_term_string\"}}],\"inLanguage\":\"en-US\"},{\"@type\":\"Organization\",\"@id\":\"https:\/\/sudsejour.fr\/en\/#organization\",\"name\":\"sudsejour\",\"url\":\"https:\/\/sudsejour.fr\/en\/\",\"logo\":{\"@type\":\"ImageObject\",\"inLanguage\":\"en-US\",\"@id\":\"https:\/\/sudsejour.fr\/en\/#\/schema\/logo\/image\/\",\"url\":\"https:\/\/sudsejour.fr\/wp-content\/uploads\/2024\/10\/Capture-decran-2024-10-07-204732.jpg\",\"contentUrl\":\"https:\/\/sudsejour.fr\/wp-content\/uploads\/2024\/10\/Capture-decran-2024-10-07-204732.jpg\",\"width\":449,\"height\":437,\"caption\":\"sudsejour\"},\"image\":{\"@id\":\"https:\/\/sudsejour.fr\/en\/#\/schema\/logo\/image\/\"}}]}<\/script>\n<!-- \/ Yoast SEO plugin. -->","yoast_head_json":{"title":"Fan d'architecture moderne - sudsejour","description":"Vous \u00eates fan d'architecture moderne ? Louez cette magnifique maison avec vue et piscine face \u00e0 la mer, pour se magnifiques sunset.","robots":{"index":"index","follow":"follow","max-snippet":"max-snippet:-1","max-image-preview":"max-image-preview:large","max-video-preview":"max-video-preview:-1"},"canonical":"https:\/\/sudsejour.fr\/en\/fan-darchitecture-moderne-monaco-menton-plage\/","og_locale":"en_US","og_type":"article","og_title":"Fan d'architecture moderne - sudsejour","og_description":"Vous \u00eates fan d'architecture moderne ? Louez cette magnifique maison avec vue et piscine face \u00e0 la mer, pour se magnifiques sunset.","og_url":"https:\/\/sudsejour.fr\/en\/fan-darchitecture-moderne-monaco-menton-plage\/","og_site_name":"sudsejour","article_modified_time":"2024-11-18T15:34:48+00:00","og_image":[{"width":800,"height":522,"url":"https:\/\/sudsejour.fr\/wp-content\/uploads\/2024\/10\/pexels-photo-1571459.jpeg","type":"image\/jpeg"}],"twitter_card":"summary_large_image","twitter_misc":{"Est. reading time":"3 minutes"},"schema":{"@context":"https:\/\/schema.org","@graph":[{"@type":"WebPage","@id":"https:\/\/sudsejour.fr\/fan-darchitecture-moderne-monaco-menton-plage\/","url":"https:\/\/sudsejour.fr\/fan-darchitecture-moderne-monaco-menton-plage\/","name":"Fan d'architecture moderne - sudsejour","isPartOf":{"@id":"https:\/\/sudsejour.fr\/en\/#website"},"primaryImageOfPage":{"@id":"https:\/\/sudsejour.fr\/fan-darchitecture-moderne-monaco-menton-plage\/#primaryimage"},"image":{"@id":"https:\/\/sudsejour.fr\/fan-darchitecture-moderne-monaco-menton-plage\/#primaryimage"},"thumbnailUrl":"https:\/\/sudsejour.fr\/wp-content\/uploads\/2024\/10\/pexels-photo-1571459.jpeg","datePublished":"2024-10-23T18:09:47+00:00","dateModified":"2024-11-18T15:34:48+00:00","description":"Vous \u00eates fan d'architecture moderne ? Louez cette magnifique maison avec vue et piscine face \u00e0 la mer, pour se magnifiques sunset.","breadcrumb":{"@id":"https:\/\/sudsejour.fr\/fan-darchitecture-moderne-monaco-menton-plage\/#breadcrumb"},"inLanguage":"en-US","potentialAction":[{"@type":"ReadAction","target":["https:\/\/sudsejour.fr\/fan-darchitecture-moderne-monaco-menton-plage\/"]}]},{"@type":"ImageObject","inLanguage":"en-US","@id":"https:\/\/sudsejour.fr\/fan-darchitecture-moderne-monaco-menton-plage\/#primaryimage","url":"https:\/\/sudsejour.fr\/wp-content\/uploads\/2024\/10\/pexels-photo-1571459.jpeg","contentUrl":"https:\/\/sudsejour.fr\/wp-content\/uploads\/2024\/10\/pexels-photo-1571459.jpeg"},{"@type":"BreadcrumbList","@id":"https:\/\/sudsejour.fr\/fan-darchitecture-moderne-monaco-menton-plage\/#breadcrumb","itemListElement":[{"@type":"ListItem","position":1,"name":"Accueil","item":"https:\/\/sudsejour.fr\/en\/"},{"@type":"ListItem","position":2,"name":"Fan d&#8217;architecture moderne"}]},{"@type":"WebSite","@id":"https:\/\/sudsejour.fr\/en\/#website","url":"https:\/\/sudsejour.fr\/en\/","name":"sudsejour","description":"Explorez, r\u00eavez, s\u00e9journez !","publisher":{"@id":"https:\/\/sudsejour.fr\/en\/#organization"},"potentialAction":[{"@type":"SearchAction","target":{"@type":"EntryPoint","urlTemplate":"https:\/\/sudsejour.fr\/en\/?s={search_term_string}"},"query-input":{"@type":"PropertyValueSpecification","valueRequired":true,"valueName":"search_term_string"}}],"inLanguage":"en-US"},{"@type":"Organization","@id":"https:\/\/sudsejour.fr\/en\/#organization","name":"sudsejour","url":"https:\/\/sudsejour.fr\/en\/","logo":{"@type":"ImageObject","inLanguage":"en-US","@id":"https:\/\/sudsejour.fr\/en\/#\/schema\/logo\/image\/","url":"https:\/\/sudsejour.fr\/wp-content\/uploads\/2024\/10\/Capture-decran-2024-10-07-204732.jpg","contentUrl":"https:\/\/sudsejour.fr\/wp-content\/uploads\/2024\/10\/Capture-decran-2024-10-07-204732.jpg","width":449,"height":437,"caption":"sudsejour"},"image":{"@id":"https:\/\/sudsejour.fr\/en\/#\/schema\/logo\/image\/"}}]}},"_links":{"self":[{"href":"https:\/\/sudsejour.fr\/en\/wp-json\/wp\/v2\/pages\/512"}],"collection":[{"href":"https:\/\/sudsejour.fr\/en\/wp-json\/wp\/v2\/pages"}],"about":[{"href":"https:\/\/sudsejour.fr\/en\/wp-json\/wp\/v2\/types\/page"}],"author":[{"embeddable":true,"href":"https:\/\/sudsejour.fr\/en\/wp-json\/wp\/v2\/users\/1"}],"replies":[{"embeddable":true,"href":"https:\/\/sudsejour.fr\/en\/wp-json\/wp\/v2\/comments?post=512"}],"version-history":[{"count":9,"href":"https:\/\/sudsejour.fr\/en\/wp-json\/wp\/v2\/pages\/512\/revisions"}],"predecessor-version":[{"id":880,"href":"https:\/\/sudsejour.fr\/en\/wp-json\/wp\/v2\/pages\/512\/revisions\/880"}],"wp:attachment":[{"href":"https:\/\/sudsejour.fr\/en\/wp-json\/wp\/v2\/media?parent=512"}],"curies":[{"name":"wp","href":"https:\/\/api.w.org\/{rel}","templated":true}]}}