{"id":619,"date":"2024-10-25T04:39:59","date_gmt":"2024-10-25T04:39:59","guid":{"rendered":"https:\/\/sudsejour.fr\/?page_id=619"},"modified":"2024-11-19T18:15:08","modified_gmt":"2024-11-19T18:15:08","slug":"vivre-comme-la-famille-ingalls-maison-nature","status":"publish","type":"page","link":"https:\/\/sudsejour.fr\/en\/vivre-comme-la-famille-ingalls-maison-nature\/","title":{"rendered":"Vivre comme la famille Ingalls"},"content":{"rendered":"<p class=\"has-text-align-center\">Cette magnifique demeure ne vous inspire rien ? La petite maison dans la prairie bien s\u00fbr ! Si vous \u00eates fan de cette s\u00e9rie ou juste des amoureux de la nature, nous sommes persuad\u00e9s que vivre comme la famille Ingalls vous intrigue. Situ\u00e9e dans un joli bosquet, berc\u00e9 par les chants des oiseaux et le passage des animaux de la ferme. Voil\u00e0 une superbe fa\u00e7on de faire d\u00e9couvrir \u00e0 vos enfants leur environnement naturel ! Ici, tout est fait pour une reconnexion avec la nature. <\/p>\n\n\n\n<p class=\"has-text-align-center\">La maison, simple et accueillante, vous rappellera les charmes d\u2019antan. De surcro\u00eet, les pi\u00e8ces d\u00e9cor\u00e9es avec soin, m\u00ealent confort moderne et esprit champ\u00eatre. Les grandes fen\u00eatres vous offriront une vue imprenable sur le paysage environnant. \u00c0 l&rsquo;ext\u00e9rieur, un jardin spacieux sera \u00e0 explorer. Des potagers, soigneusement entretenus, vous permettront de go\u00fbter aux l\u00e9gumes frais cultiv\u00e9s sur place. Vous pourrez aussi vous adonner \u00e0 la cueillette des fruits en saison.<\/p>\n\n\n\n<h4 class=\"wp-block-heading has-text-align-center\">La vie au c\u0153ur de la nature<\/h4>\n\n\n\n<p>La vie \u00e0 la ferme fascine les enfants. Des animaux, comme des poules, des ch\u00e8vres ou des lapins, seront \u00e0 observer et \u00e0 nourrir. Chaque matin, les rires des petits r\u00e9sonneront autour de la maison. Un poulailler sera \u00e0 visiter, et les enfants pourront m\u00eame participer \u00e0 la collecte des \u0153ufs frais.<\/p>\n\n\n\n<p>Au gr\u00e9 des saisons, le paysage se transformera. En automne, les feuilles tomberont, offrant un tapis de couleurs. L\u2019hiver, une couverture de neige recouvrira le terrain, invitant \u00e0 la promenade. Le printemps, quant \u00e0 lui, apportera la floraison des arbres fruitiers et des fleurs sauvages.<\/p>\n\n\n\n<p>Le soir, la maison sera envelopp\u00e9e de calme. Le cr\u00e9puscule marquera le moment id\u00e9al pour se d\u00e9tendre pr\u00e8s du feu de chemin\u00e9e. Ainsi, vous vivrez une exp\u00e9rience unique, rythm\u00e9e par les saisons et la vie \u00e0 la campagne. Enfin chaque instant sera une occasion de Vivre comme la famille Ingalls.<\/p>\n\n\n\n<div style=\"height:15px\" aria-hidden=\"true\" class=\"wp-block-spacer\"><\/div>\n\n\n\n<p class=\"has-text-align-center\">Tarif : 135\u20ac la nuit<\/p>\n\n\n\n<div style=\"height:40px\" aria-hidden=\"true\" class=\"wp-block-spacer\"><\/div>\n\n\n\n<figure class=\"wp-block-gallery has-nested-images columns-default is-cropped wp-block-gallery-1 is-layout-flex wp-block-gallery-is-layout-flex\">\n<figure data-wp-context=\"{&quot;uploadedSrc&quot;:&quot;https:\\\/\\\/sudsejour.fr\\\/wp-content\\\/uploads\\\/2024\\\/10\\\/pexels-photo-5240582.jpeg&quot;,&quot;figureClassNames&quot;:&quot;wp-block-image size-large&quot;,&quot;figureStyles&quot;:null,&quot;imgClassNames&quot;:&quot;wp-image-623&quot;,&quot;imgStyles&quot;:null,&quot;targetWidth&quot;:800,&quot;targetHeight&quot;:533,&quot;scaleAttr&quot;:false,&quot;ariaLabel&quot;:&quot;Enlarge image&quot;,&quot;alt&quot;:&quot;&quot;}\" data-wp-interactive=\"core\/image\" class=\"wp-block-image size-large wp-lightbox-container\"><img loading=\"lazy\" decoding=\"async\" width=\"800\" height=\"533\" data-wp-init=\"callbacks.setButtonStyles\" data-wp-on-async--click=\"actions.showLightbox\" data-wp-on-async--load=\"callbacks.setButtonStyles\" data-wp-on-async-window--resize=\"callbacks.setButtonStyles\" data-id=\"623\" src=\"https:\/\/sudsejour.fr\/wp-content\/uploads\/2024\/10\/pexels-photo-5240582.jpeg\" alt=\"\" class=\"wp-image-623\" srcset=\"https:\/\/sudsejour.fr\/wp-content\/uploads\/2024\/10\/pexels-photo-5240582.jpeg 800w, https:\/\/sudsejour.fr\/wp-content\/uploads\/2024\/10\/pexels-photo-5240582-300x200.jpeg 300w, https:\/\/sudsejour.fr\/wp-content\/uploads\/2024\/10\/pexels-photo-5240582-768x512.jpeg 768w, https:\/\/sudsejour.fr\/wp-content\/uploads\/2024\/10\/pexels-photo-5240582-360x240.jpeg 360w\" sizes=\"(max-width: 800px) 100vw, 800px\" \/><button\n\t\t\tclass=\"lightbox-trigger\"\n\t\t\ttype=\"button\"\n\t\t\taria-haspopup=\"dialog\"\n\t\t\taria-label=\"Enlarge image\"\n\t\t\tdata-wp-init=\"callbacks.initTriggerButton\"\n\t\t\tdata-wp-on-async--click=\"actions.showLightbox\"\n\t\t\tdata-wp-style--right=\"context.imageButtonRight\"\n\t\t\tdata-wp-style--top=\"context.imageButtonTop\"\n\t\t>\n\t\t\t<svg xmlns=\"http:\/\/www.w3.org\/2000\/svg\" width=\"12\" height=\"12\" fill=\"none\" viewbox=\"0 0 12 12\">\n\t\t\t\t<path fill=\"#fff\" d=\"M2 0a2 2 0 0 0-2 2v2h1.5V2a.5.5 0 0 1 .5-.5h2V0H2Zm2 10.5H2a.5.5 0 0 1-.5-.5V8H0v2a2 2 0 0 0 2 2h2v-1.5ZM8 12v-1.5h2a.5.5 0 0 0 .5-.5V8H12v2a2 2 0 0 1-2 2H8Zm2-12a2 2 0 0 1 2 2v2h-1.5V2a.5.5 0 0 0-.5-.5H8V0h2Z\" \/>\n\t\t\t<\/svg>\n\t\t<\/button><\/figure>\n\n\n\n<figure data-wp-context=\"{&quot;uploadedSrc&quot;:&quot;https:\\\/\\\/sudsejour.fr\\\/wp-content\\\/uploads\\\/2024\\\/10\\\/pexels-photo-29057172.jpeg&quot;,&quot;figureClassNames&quot;:&quot;wp-block-image size-full&quot;,&quot;figureStyles&quot;:null,&quot;imgClassNames&quot;:&quot;wp-image-627&quot;,&quot;imgStyles&quot;:null,&quot;targetWidth&quot;:800,&quot;targetHeight&quot;:600,&quot;scaleAttr&quot;:false,&quot;ariaLabel&quot;:&quot;Enlarge image&quot;,&quot;alt&quot;:&quot;&quot;}\" data-wp-interactive=\"core\/image\" class=\"wp-block-image size-full wp-lightbox-container\"><img loading=\"lazy\" decoding=\"async\" width=\"800\" height=\"600\" data-wp-init=\"callbacks.setButtonStyles\" data-wp-on-async--click=\"actions.showLightbox\" data-wp-on-async--load=\"callbacks.setButtonStyles\" data-wp-on-async-window--resize=\"callbacks.setButtonStyles\" data-id=\"627\" src=\"https:\/\/sudsejour.fr\/wp-content\/uploads\/2024\/10\/pexels-photo-29057172.jpeg\" alt=\"\" class=\"wp-image-627\" srcset=\"https:\/\/sudsejour.fr\/wp-content\/uploads\/2024\/10\/pexels-photo-29057172.jpeg 800w, https:\/\/sudsejour.fr\/wp-content\/uploads\/2024\/10\/pexels-photo-29057172-300x225.jpeg 300w, https:\/\/sudsejour.fr\/wp-content\/uploads\/2024\/10\/pexels-photo-29057172-768x576.jpeg 768w\" sizes=\"(max-width: 800px) 100vw, 800px\" \/><button\n\t\t\tclass=\"lightbox-trigger\"\n\t\t\ttype=\"button\"\n\t\t\taria-haspopup=\"dialog\"\n\t\t\taria-label=\"Enlarge image\"\n\t\t\tdata-wp-init=\"callbacks.initTriggerButton\"\n\t\t\tdata-wp-on-async--click=\"actions.showLightbox\"\n\t\t\tdata-wp-style--right=\"context.imageButtonRight\"\n\t\t\tdata-wp-style--top=\"context.imageButtonTop\"\n\t\t>\n\t\t\t<svg xmlns=\"http:\/\/www.w3.org\/2000\/svg\" width=\"12\" height=\"12\" fill=\"none\" viewbox=\"0 0 12 12\">\n\t\t\t\t<path fill=\"#fff\" d=\"M2 0a2 2 0 0 0-2 2v2h1.5V2a.5.5 0 0 1 .5-.5h2V0H2Zm2 10.5H2a.5.5 0 0 1-.5-.5V8H0v2a2 2 0 0 0 2 2h2v-1.5ZM8 12v-1.5h2a.5.5 0 0 0 .5-.5V8H12v2a2 2 0 0 1-2 2H8Zm2-12a2 2 0 0 1 2 2v2h-1.5V2a.5.5 0 0 0-.5-.5H8V0h2Z\" \/>\n\t\t\t<\/svg>\n\t\t<\/button><\/figure>\n\n\n\n<figure data-wp-context=\"{&quot;uploadedSrc&quot;:&quot;https:\\\/\\\/sudsejour.fr\\\/wp-content\\\/uploads\\\/2024\\\/10\\\/pexels-photo-8100784.jpeg&quot;,&quot;figureClassNames&quot;:&quot;wp-block-image size-large&quot;,&quot;figureStyles&quot;:null,&quot;imgClassNames&quot;:&quot;wp-image-628&quot;,&quot;imgStyles&quot;:null,&quot;targetWidth&quot;:800,&quot;targetHeight&quot;:533,&quot;scaleAttr&quot;:false,&quot;ariaLabel&quot;:&quot;Enlarge image&quot;,&quot;alt&quot;:&quot;&quot;}\" data-wp-interactive=\"core\/image\" class=\"wp-block-image size-large wp-lightbox-container\"><img loading=\"lazy\" decoding=\"async\" width=\"800\" height=\"533\" data-wp-init=\"callbacks.setButtonStyles\" data-wp-on-async--click=\"actions.showLightbox\" data-wp-on-async--load=\"callbacks.setButtonStyles\" data-wp-on-async-window--resize=\"callbacks.setButtonStyles\" data-id=\"628\" src=\"https:\/\/sudsejour.fr\/wp-content\/uploads\/2024\/10\/pexels-photo-8100784.jpeg\" alt=\"\" class=\"wp-image-628\" srcset=\"https:\/\/sudsejour.fr\/wp-content\/uploads\/2024\/10\/pexels-photo-8100784.jpeg 800w, https:\/\/sudsejour.fr\/wp-content\/uploads\/2024\/10\/pexels-photo-8100784-300x200.jpeg 300w, https:\/\/sudsejour.fr\/wp-content\/uploads\/2024\/10\/pexels-photo-8100784-768x512.jpeg 768w, https:\/\/sudsejour.fr\/wp-content\/uploads\/2024\/10\/pexels-photo-8100784-360x240.jpeg 360w\" sizes=\"(max-width: 800px) 100vw, 800px\" \/><button\n\t\t\tclass=\"lightbox-trigger\"\n\t\t\ttype=\"button\"\n\t\t\taria-haspopup=\"dialog\"\n\t\t\taria-label=\"Enlarge image\"\n\t\t\tdata-wp-init=\"callbacks.initTriggerButton\"\n\t\t\tdata-wp-on-async--click=\"actions.showLightbox\"\n\t\t\tdata-wp-style--right=\"context.imageButtonRight\"\n\t\t\tdata-wp-style--top=\"context.imageButtonTop\"\n\t\t>\n\t\t\t<svg xmlns=\"http:\/\/www.w3.org\/2000\/svg\" width=\"12\" height=\"12\" fill=\"none\" viewbox=\"0 0 12 12\">\n\t\t\t\t<path fill=\"#fff\" d=\"M2 0a2 2 0 0 0-2 2v2h1.5V2a.5.5 0 0 1 .5-.5h2V0H2Zm2 10.5H2a.5.5 0 0 1-.5-.5V8H0v2a2 2 0 0 0 2 2h2v-1.5ZM8 12v-1.5h2a.5.5 0 0 0 .5-.5V8H12v2a2 2 0 0 1-2 2H8Zm2-12a2 2 0 0 1 2 2v2h-1.5V2a.5.5 0 0 0-.5-.5H8V0h2Z\" \/>\n\t\t\t<\/svg>\n\t\t<\/button><\/figure>\n\n\n\n<figure data-wp-context=\"{&quot;uploadedSrc&quot;:&quot;https:\\\/\\\/sudsejour.fr\\\/wp-content\\\/uploads\\\/2024\\\/10\\\/free-photo-of-chambre-confortable-avec-vue-sur-la-foret.jpeg&quot;,&quot;figureClassNames&quot;:&quot;wp-block-image size-large&quot;,&quot;figureStyles&quot;:null,&quot;imgClassNames&quot;:&quot;wp-image-625&quot;,&quot;imgStyles&quot;:null,&quot;targetWidth&quot;:800,&quot;targetHeight&quot;:1199,&quot;scaleAttr&quot;:false,&quot;ariaLabel&quot;:&quot;Enlarge image&quot;,&quot;alt&quot;:&quot;&quot;}\" data-wp-interactive=\"core\/image\" class=\"wp-block-image size-large wp-lightbox-container\"><img loading=\"lazy\" decoding=\"async\" width=\"683\" height=\"1024\" data-wp-init=\"callbacks.setButtonStyles\" data-wp-on-async--click=\"actions.showLightbox\" data-wp-on-async--load=\"callbacks.setButtonStyles\" data-wp-on-async-window--resize=\"callbacks.setButtonStyles\" data-id=\"625\" src=\"https:\/\/sudsejour.fr\/wp-content\/uploads\/2024\/10\/free-photo-of-chambre-confortable-avec-vue-sur-la-foret-683x1024.jpeg\" alt=\"\" class=\"wp-image-625\" srcset=\"https:\/\/sudsejour.fr\/wp-content\/uploads\/2024\/10\/free-photo-of-chambre-confortable-avec-vue-sur-la-foret-683x1024.jpeg 683w, https:\/\/sudsejour.fr\/wp-content\/uploads\/2024\/10\/free-photo-of-chambre-confortable-avec-vue-sur-la-foret-200x300.jpeg 200w, https:\/\/sudsejour.fr\/wp-content\/uploads\/2024\/10\/free-photo-of-chambre-confortable-avec-vue-sur-la-foret-768x1151.jpeg 768w, https:\/\/sudsejour.fr\/wp-content\/uploads\/2024\/10\/free-photo-of-chambre-confortable-avec-vue-sur-la-foret.jpeg 800w\" sizes=\"(max-width: 683px) 100vw, 683px\" \/><button\n\t\t\tclass=\"lightbox-trigger\"\n\t\t\ttype=\"button\"\n\t\t\taria-haspopup=\"dialog\"\n\t\t\taria-label=\"Enlarge image\"\n\t\t\tdata-wp-init=\"callbacks.initTriggerButton\"\n\t\t\tdata-wp-on-async--click=\"actions.showLightbox\"\n\t\t\tdata-wp-style--right=\"context.imageButtonRight\"\n\t\t\tdata-wp-style--top=\"context.imageButtonTop\"\n\t\t>\n\t\t\t<svg xmlns=\"http:\/\/www.w3.org\/2000\/svg\" width=\"12\" height=\"12\" fill=\"none\" viewbox=\"0 0 12 12\">\n\t\t\t\t<path fill=\"#fff\" d=\"M2 0a2 2 0 0 0-2 2v2h1.5V2a.5.5 0 0 1 .5-.5h2V0H2Zm2 10.5H2a.5.5 0 0 1-.5-.5V8H0v2a2 2 0 0 0 2 2h2v-1.5ZM8 12v-1.5h2a.5.5 0 0 0 .5-.5V8H12v2a2 2 0 0 1-2 2H8Zm2-12a2 2 0 0 1 2 2v2h-1.5V2a.5.5 0 0 0-.5-.5H8V0h2Z\" \/>\n\t\t\t<\/svg>\n\t\t<\/button><\/figure>\n<\/figure>\n\n\n\n<div style=\"height:100px\" aria-hidden=\"true\" class=\"wp-block-spacer\"><\/div>\n\n\n\n<p><\/p>","protected":false},"excerpt":{"rendered":"<p>Cette magnifique demeure ne vous inspire rien ? La petite maison dans la prairie bien s\u00fbr ! Si vous \u00eates fan de cette s\u00e9rie ou juste des amoureux de la nature, nous sommes persuad\u00e9s que vivre comme la famille Ingalls vous intrigue. Situ\u00e9e dans un joli bosquet, berc\u00e9 par les [&hellip;]<\/p>","protected":false},"author":1,"featured_media":0,"parent":0,"menu_order":0,"comment_status":"closed","ping_status":"closed","template":"","meta":{"footnotes":""},"class_list":["post-619","page","type-page","status-publish","hentry"],"yoast_head":"<!-- This site is optimized with the Yoast SEO plugin v23.8 - https:\/\/yoast.com\/wordpress\/plugins\/seo\/ -->\n<title>Vivre comme la famille Ingalls - sudsejour<\/title>\n<meta name=\"description\" content=\"Si vous \u00eates fan de cette s\u00e9rie ou juste des amoureux de la nature, nous sommes persuad\u00e9s que vivre comme la famille Ingalls vous intrigue\" \/>\n<meta name=\"robots\" content=\"index, follow, max-snippet:-1, max-image-preview:large, max-video-preview:-1\" \/>\n<link rel=\"canonical\" href=\"https:\/\/sudsejour.fr\/en\/vivre-comme-la-famille-ingalls-maison-nature\/\" \/>\n<meta property=\"og:locale\" content=\"en_US\" \/>\n<meta property=\"og:type\" content=\"article\" \/>\n<meta property=\"og:title\" content=\"Vivre comme la famille Ingalls - sudsejour\" \/>\n<meta property=\"og:description\" content=\"Si vous \u00eates fan de cette s\u00e9rie ou juste des amoureux de la nature, nous sommes persuad\u00e9s que vivre comme la famille Ingalls vous intrigue\" \/>\n<meta property=\"og:url\" content=\"https:\/\/sudsejour.fr\/en\/vivre-comme-la-famille-ingalls-maison-nature\/\" \/>\n<meta property=\"og:site_name\" content=\"sudsejour\" \/>\n<meta property=\"article:modified_time\" content=\"2024-11-19T18:15:08+00:00\" \/>\n<meta property=\"og:image\" content=\"https:\/\/sudsejour.fr\/wp-content\/uploads\/2024\/10\/pexels-photo-5240582.jpeg\" \/>\n\t<meta property=\"og:image:width\" content=\"800\" \/>\n\t<meta property=\"og:image:height\" content=\"533\" \/>\n\t<meta property=\"og:image:type\" content=\"image\/jpeg\" \/>\n<meta name=\"twitter:card\" content=\"summary_large_image\" \/>\n<meta name=\"twitter:label1\" content=\"Est. reading time\" \/>\n\t<meta name=\"twitter:data1\" content=\"3 minutes\" \/>\n<script type=\"application\/ld+json\" class=\"yoast-schema-graph\">{\"@context\":\"https:\/\/schema.org\",\"@graph\":[{\"@type\":\"WebPage\",\"@id\":\"https:\/\/sudsejour.fr\/vivre-comme-la-famille-ingalls-maison-nature\/\",\"url\":\"https:\/\/sudsejour.fr\/vivre-comme-la-famille-ingalls-maison-nature\/\",\"name\":\"Vivre comme la famille Ingalls - sudsejour\",\"isPartOf\":{\"@id\":\"https:\/\/sudsejour.fr\/en\/#website\"},\"primaryImageOfPage\":{\"@id\":\"https:\/\/sudsejour.fr\/vivre-comme-la-famille-ingalls-maison-nature\/#primaryimage\"},\"image\":{\"@id\":\"https:\/\/sudsejour.fr\/vivre-comme-la-famille-ingalls-maison-nature\/#primaryimage\"},\"thumbnailUrl\":\"https:\/\/sudsejour.fr\/wp-content\/uploads\/2024\/10\/pexels-photo-5240582.jpeg\",\"datePublished\":\"2024-10-25T04:39:59+00:00\",\"dateModified\":\"2024-11-19T18:15:08+00:00\",\"description\":\"Si vous \u00eates fan de cette s\u00e9rie ou juste des amoureux de la nature, nous sommes persuad\u00e9s que vivre comme la famille Ingalls vous intrigue\",\"breadcrumb\":{\"@id\":\"https:\/\/sudsejour.fr\/vivre-comme-la-famille-ingalls-maison-nature\/#breadcrumb\"},\"inLanguage\":\"en-US\",\"potentialAction\":[{\"@type\":\"ReadAction\",\"target\":[\"https:\/\/sudsejour.fr\/vivre-comme-la-famille-ingalls-maison-nature\/\"]}]},{\"@type\":\"ImageObject\",\"inLanguage\":\"en-US\",\"@id\":\"https:\/\/sudsejour.fr\/vivre-comme-la-famille-ingalls-maison-nature\/#primaryimage\",\"url\":\"https:\/\/sudsejour.fr\/wp-content\/uploads\/2024\/10\/pexels-photo-5240582.jpeg\",\"contentUrl\":\"https:\/\/sudsejour.fr\/wp-content\/uploads\/2024\/10\/pexels-photo-5240582.jpeg\"},{\"@type\":\"BreadcrumbList\",\"@id\":\"https:\/\/sudsejour.fr\/vivre-comme-la-famille-ingalls-maison-nature\/#breadcrumb\",\"itemListElement\":[{\"@type\":\"ListItem\",\"position\":1,\"name\":\"Accueil\",\"item\":\"https:\/\/sudsejour.fr\/en\/\"},{\"@type\":\"ListItem\",\"position\":2,\"name\":\"Vivre comme la famille Ingalls\"}]},{\"@type\":\"WebSite\",\"@id\":\"https:\/\/sudsejour.fr\/en\/#website\",\"url\":\"https:\/\/sudsejour.fr\/en\/\",\"name\":\"sudsejour\",\"description\":\"Explorez, r\u00eavez, s\u00e9journez !\",\"publisher\":{\"@id\":\"https:\/\/sudsejour.fr\/en\/#organization\"},\"potentialAction\":[{\"@type\":\"SearchAction\",\"target\":{\"@type\":\"EntryPoint\",\"urlTemplate\":\"https:\/\/sudsejour.fr\/en\/?s={search_term_string}\"},\"query-input\":{\"@type\":\"PropertyValueSpecification\",\"valueRequired\":true,\"valueName\":\"search_term_string\"}}],\"inLanguage\":\"en-US\"},{\"@type\":\"Organization\",\"@id\":\"https:\/\/sudsejour.fr\/en\/#organization\",\"name\":\"sudsejour\",\"url\":\"https:\/\/sudsejour.fr\/en\/\",\"logo\":{\"@type\":\"ImageObject\",\"inLanguage\":\"en-US\",\"@id\":\"https:\/\/sudsejour.fr\/en\/#\/schema\/logo\/image\/\",\"url\":\"https:\/\/sudsejour.fr\/wp-content\/uploads\/2024\/10\/Capture-decran-2024-10-07-204732.jpg\",\"contentUrl\":\"https:\/\/sudsejour.fr\/wp-content\/uploads\/2024\/10\/Capture-decran-2024-10-07-204732.jpg\",\"width\":449,\"height\":437,\"caption\":\"sudsejour\"},\"image\":{\"@id\":\"https:\/\/sudsejour.fr\/en\/#\/schema\/logo\/image\/\"}}]}<\/script>\n<!-- \/ Yoast SEO plugin. -->","yoast_head_json":{"title":"Vivre comme la famille Ingalls - sudsejour","description":"Si vous \u00eates fan de cette s\u00e9rie ou juste des amoureux de la nature, nous sommes persuad\u00e9s que vivre comme la famille Ingalls vous intrigue","robots":{"index":"index","follow":"follow","max-snippet":"max-snippet:-1","max-image-preview":"max-image-preview:large","max-video-preview":"max-video-preview:-1"},"canonical":"https:\/\/sudsejour.fr\/en\/vivre-comme-la-famille-ingalls-maison-nature\/","og_locale":"en_US","og_type":"article","og_title":"Vivre comme la famille Ingalls - sudsejour","og_description":"Si vous \u00eates fan de cette s\u00e9rie ou juste des amoureux de la nature, nous sommes persuad\u00e9s que vivre comme la famille Ingalls vous intrigue","og_url":"https:\/\/sudsejour.fr\/en\/vivre-comme-la-famille-ingalls-maison-nature\/","og_site_name":"sudsejour","article_modified_time":"2024-11-19T18:15:08+00:00","og_image":[{"width":800,"height":533,"url":"https:\/\/sudsejour.fr\/wp-content\/uploads\/2024\/10\/pexels-photo-5240582.jpeg","type":"image\/jpeg"}],"twitter_card":"summary_large_image","twitter_misc":{"Est. reading time":"3 minutes"},"schema":{"@context":"https:\/\/schema.org","@graph":[{"@type":"WebPage","@id":"https:\/\/sudsejour.fr\/vivre-comme-la-famille-ingalls-maison-nature\/","url":"https:\/\/sudsejour.fr\/vivre-comme-la-famille-ingalls-maison-nature\/","name":"Vivre comme la famille Ingalls - sudsejour","isPartOf":{"@id":"https:\/\/sudsejour.fr\/en\/#website"},"primaryImageOfPage":{"@id":"https:\/\/sudsejour.fr\/vivre-comme-la-famille-ingalls-maison-nature\/#primaryimage"},"image":{"@id":"https:\/\/sudsejour.fr\/vivre-comme-la-famille-ingalls-maison-nature\/#primaryimage"},"thumbnailUrl":"https:\/\/sudsejour.fr\/wp-content\/uploads\/2024\/10\/pexels-photo-5240582.jpeg","datePublished":"2024-10-25T04:39:59+00:00","dateModified":"2024-11-19T18:15:08+00:00","description":"Si vous \u00eates fan de cette s\u00e9rie ou juste des amoureux de la nature, nous sommes persuad\u00e9s que vivre comme la famille Ingalls vous intrigue","breadcrumb":{"@id":"https:\/\/sudsejour.fr\/vivre-comme-la-famille-ingalls-maison-nature\/#breadcrumb"},"inLanguage":"en-US","potentialAction":[{"@type":"ReadAction","target":["https:\/\/sudsejour.fr\/vivre-comme-la-famille-ingalls-maison-nature\/"]}]},{"@type":"ImageObject","inLanguage":"en-US","@id":"https:\/\/sudsejour.fr\/vivre-comme-la-famille-ingalls-maison-nature\/#primaryimage","url":"https:\/\/sudsejour.fr\/wp-content\/uploads\/2024\/10\/pexels-photo-5240582.jpeg","contentUrl":"https:\/\/sudsejour.fr\/wp-content\/uploads\/2024\/10\/pexels-photo-5240582.jpeg"},{"@type":"BreadcrumbList","@id":"https:\/\/sudsejour.fr\/vivre-comme-la-famille-ingalls-maison-nature\/#breadcrumb","itemListElement":[{"@type":"ListItem","position":1,"name":"Accueil","item":"https:\/\/sudsejour.fr\/en\/"},{"@type":"ListItem","position":2,"name":"Vivre comme la famille Ingalls"}]},{"@type":"WebSite","@id":"https:\/\/sudsejour.fr\/en\/#website","url":"https:\/\/sudsejour.fr\/en\/","name":"sudsejour","description":"Explorez, r\u00eavez, s\u00e9journez !","publisher":{"@id":"https:\/\/sudsejour.fr\/en\/#organization"},"potentialAction":[{"@type":"SearchAction","target":{"@type":"EntryPoint","urlTemplate":"https:\/\/sudsejour.fr\/en\/?s={search_term_string}"},"query-input":{"@type":"PropertyValueSpecification","valueRequired":true,"valueName":"search_term_string"}}],"inLanguage":"en-US"},{"@type":"Organization","@id":"https:\/\/sudsejour.fr\/en\/#organization","name":"sudsejour","url":"https:\/\/sudsejour.fr\/en\/","logo":{"@type":"ImageObject","inLanguage":"en-US","@id":"https:\/\/sudsejour.fr\/en\/#\/schema\/logo\/image\/","url":"https:\/\/sudsejour.fr\/wp-content\/uploads\/2024\/10\/Capture-decran-2024-10-07-204732.jpg","contentUrl":"https:\/\/sudsejour.fr\/wp-content\/uploads\/2024\/10\/Capture-decran-2024-10-07-204732.jpg","width":449,"height":437,"caption":"sudsejour"},"image":{"@id":"https:\/\/sudsejour.fr\/en\/#\/schema\/logo\/image\/"}}]}},"_links":{"self":[{"href":"https:\/\/sudsejour.fr\/en\/wp-json\/wp\/v2\/pages\/619"}],"collection":[{"href":"https:\/\/sudsejour.fr\/en\/wp-json\/wp\/v2\/pages"}],"about":[{"href":"https:\/\/sudsejour.fr\/en\/wp-json\/wp\/v2\/types\/page"}],"author":[{"embeddable":true,"href":"https:\/\/sudsejour.fr\/en\/wp-json\/wp\/v2\/users\/1"}],"replies":[{"embeddable":true,"href":"https:\/\/sudsejour.fr\/en\/wp-json\/wp\/v2\/comments?post=619"}],"version-history":[{"count":11,"href":"https:\/\/sudsejour.fr\/en\/wp-json\/wp\/v2\/pages\/619\/revisions"}],"predecessor-version":[{"id":966,"href":"https:\/\/sudsejour.fr\/en\/wp-json\/wp\/v2\/pages\/619\/revisions\/966"}],"wp:attachment":[{"href":"https:\/\/sudsejour.fr\/en\/wp-json\/wp\/v2\/media?parent=619"}],"curies":[{"name":"wp","href":"https:\/\/api.w.org\/{rel}","templated":true}]}}