{"id":664,"date":"2024-11-06T15:24:46","date_gmt":"2024-11-06T15:24:46","guid":{"rendered":"https:\/\/sudsejour.fr\/?page_id=664"},"modified":"2024-11-19T18:27:59","modified_gmt":"2024-11-19T18:27:59","slug":"villa-saint-jean-cap-ferrat","status":"publish","type":"page","link":"https:\/\/sudsejour.fr\/en\/villa-saint-jean-cap-ferrat\/","title":{"rendered":"Villa Saint-Jean-Cap-Ferrat"},"content":{"rendered":"<p class=\"has-text-align-center\">Jolie presqu&rsquo;\u00eele entour\u00e9e de jolis villages tels que Villefranche-sur-mer et Beaulieu-sur-mer, vous y trouverez la paix. Un sentier pittoresque borde le littoral et fait une boucle. De quoi prendre l&rsquo;air et d\u00e9couvrir les multitudes de criques qui s&rsquo;y cachent et o\u00f9 vous pourrez vous accorder un petit bain ! La Villa Saint-Jean-Cap-Ferrat est le parfait endroit pour s&rsquo;y ressourcer. De surcro\u00eet, Au fil de votre promenade, vous serez \u00e9merveill\u00e9 par les vues spectaculaires sur la mer, les rochers escarp\u00e9s et la v\u00e9g\u00e9tation m\u00e9diterran\u00e9enne. Les criques cach\u00e9es sont un v\u00e9ritable tr\u00e9sor, offrant des endroits parfaits pour une baignade rafra\u00eechissante. Ces petites plages secr\u00e8tes, accessibles \u00e0 pied, sont id\u00e9ales pour ceux qui recherchent tranquillit\u00e9 et intimit\u00e9.<\/p>\n\n\n\n<p class=\"has-text-align-center\">La Villa Saint-Jean-Cap-Ferrat, quant \u00e0 elle, est un lieu id\u00e9al pour s\u2019y ressourcer. Entour\u00e9e de jardins luxuriants et offrant une vue imprenable sur la mer, cette villa vous plonge dans une atmosph\u00e8re de calme et de d\u00e9tente. Son architecture \u00e9l\u00e9gante et son ambiance chaleureuse cr\u00e9ent un cadre parfait pour un s\u00e9jour de r\u00eave. Que ce soit pour se d\u00e9tendre au bord de la piscine ou profiter des espaces verts, vous y trouverez tout ce dont vous avez besoin pour recharger vos batteries.<\/p>\n\n\n\n<p class=\"has-text-align-center\">En r\u00e9sum\u00e9, cette presqu&rsquo;\u00eele est un v\u00e9ritable havre de paix, parfait pour une escapade reposante. Venez d\u00e9couvrir ses paysages, ses plages et profiter de la s\u00e9r\u00e9nit\u00e9 qu\u2019elle offre. Saint-Jean-Cap-Ferrat est un v\u00e9ritable paradis, o\u00f9 la nature et la tranquillit\u00e9 se rencontrent. Entre ses criques secr\u00e8tes, ses sentiers pittoresques et ses vues spectaculaires sur la mer, vous pourrez profiter d\u2019un s\u00e9jour reposant. Enfin, la Villa Saint-Jean-Cap-Ferrat, avec ses jardins et sa vue imprenable, est l&rsquo;endroit parfait pour se ressourcer et savourer le charme de cette presqu&rsquo;\u00eele unique.<\/p>\n\n\n\n<div style=\"height:15px\" aria-hidden=\"true\" class=\"wp-block-spacer\"><\/div>\n\n\n\n<p class=\"has-text-align-center\">Tarif : 180\u20ac la nuit<\/p>\n\n\n\n<div style=\"height:40px\" aria-hidden=\"true\" class=\"wp-block-spacer\"><\/div>\n\n\n\n<figure class=\"wp-block-gallery has-nested-images columns-default is-cropped wp-block-gallery-1 is-layout-flex wp-block-gallery-is-layout-flex\">\n<figure data-wp-context=\"{&quot;uploadedSrc&quot;:&quot;https:\\\/\\\/sudsejour.fr\\\/wp-content\\\/uploads\\\/2024\\\/11\\\/pexels-photo-1233282.jpeg&quot;,&quot;figureClassNames&quot;:&quot;wp-block-image size-large&quot;,&quot;figureStyles&quot;:null,&quot;imgClassNames&quot;:&quot;wp-image-665&quot;,&quot;imgStyles&quot;:null,&quot;targetWidth&quot;:600,&quot;targetHeight&quot;:400,&quot;scaleAttr&quot;:false,&quot;ariaLabel&quot;:&quot;Enlarge image&quot;,&quot;alt&quot;:&quot;&quot;}\" data-wp-interactive=\"core\/image\" class=\"wp-block-image size-large wp-lightbox-container\"><img loading=\"lazy\" decoding=\"async\" width=\"600\" height=\"400\" data-wp-init=\"callbacks.setButtonStyles\" data-wp-on-async--click=\"actions.showLightbox\" data-wp-on-async--load=\"callbacks.setButtonStyles\" data-wp-on-async-window--resize=\"callbacks.setButtonStyles\" data-id=\"665\" src=\"https:\/\/sudsejour.fr\/wp-content\/uploads\/2024\/11\/pexels-photo-1233282.jpeg\" alt=\"\" class=\"wp-image-665\" srcset=\"https:\/\/sudsejour.fr\/wp-content\/uploads\/2024\/11\/pexels-photo-1233282.jpeg 600w, https:\/\/sudsejour.fr\/wp-content\/uploads\/2024\/11\/pexels-photo-1233282-300x200.jpeg 300w, https:\/\/sudsejour.fr\/wp-content\/uploads\/2024\/11\/pexels-photo-1233282-360x240.jpeg 360w\" sizes=\"(max-width: 600px) 100vw, 600px\" \/><button\n\t\t\tclass=\"lightbox-trigger\"\n\t\t\ttype=\"button\"\n\t\t\taria-haspopup=\"dialog\"\n\t\t\taria-label=\"Enlarge image\"\n\t\t\tdata-wp-init=\"callbacks.initTriggerButton\"\n\t\t\tdata-wp-on-async--click=\"actions.showLightbox\"\n\t\t\tdata-wp-style--right=\"context.imageButtonRight\"\n\t\t\tdata-wp-style--top=\"context.imageButtonTop\"\n\t\t>\n\t\t\t<svg xmlns=\"http:\/\/www.w3.org\/2000\/svg\" width=\"12\" height=\"12\" fill=\"none\" viewbox=\"0 0 12 12\">\n\t\t\t\t<path fill=\"#fff\" d=\"M2 0a2 2 0 0 0-2 2v2h1.5V2a.5.5 0 0 1 .5-.5h2V0H2Zm2 10.5H2a.5.5 0 0 1-.5-.5V8H0v2a2 2 0 0 0 2 2h2v-1.5ZM8 12v-1.5h2a.5.5 0 0 0 .5-.5V8H12v2a2 2 0 0 1-2 2H8Zm2-12a2 2 0 0 1 2 2v2h-1.5V2a.5.5 0 0 0-.5-.5H8V0h2Z\" \/>\n\t\t\t<\/svg>\n\t\t<\/button><\/figure>\n\n\n\n<figure data-wp-context=\"{&quot;uploadedSrc&quot;:&quot;https:\\\/\\\/sudsejour.fr\\\/wp-content\\\/uploads\\\/2024\\\/11\\\/pexels-photo-3315291.webp&quot;,&quot;figureClassNames&quot;:&quot;wp-block-image size-large&quot;,&quot;figureStyles&quot;:null,&quot;imgClassNames&quot;:&quot;wp-image-667&quot;,&quot;imgStyles&quot;:null,&quot;targetWidth&quot;:600,&quot;targetHeight&quot;:720,&quot;scaleAttr&quot;:false,&quot;ariaLabel&quot;:&quot;Enlarge image&quot;,&quot;alt&quot;:&quot;&quot;}\" data-wp-interactive=\"core\/image\" class=\"wp-block-image size-large wp-lightbox-container\"><img loading=\"lazy\" decoding=\"async\" width=\"600\" height=\"720\" data-wp-init=\"callbacks.setButtonStyles\" data-wp-on-async--click=\"actions.showLightbox\" data-wp-on-async--load=\"callbacks.setButtonStyles\" data-wp-on-async-window--resize=\"callbacks.setButtonStyles\" data-id=\"667\" src=\"https:\/\/sudsejour.fr\/wp-content\/uploads\/2024\/11\/pexels-photo-3315291.webp\" alt=\"\" class=\"wp-image-667\" srcset=\"https:\/\/sudsejour.fr\/wp-content\/uploads\/2024\/11\/pexels-photo-3315291.webp 600w, https:\/\/sudsejour.fr\/wp-content\/uploads\/2024\/11\/pexels-photo-3315291-250x300.webp 250w\" sizes=\"(max-width: 600px) 100vw, 600px\" \/><button\n\t\t\tclass=\"lightbox-trigger\"\n\t\t\ttype=\"button\"\n\t\t\taria-haspopup=\"dialog\"\n\t\t\taria-label=\"Enlarge image\"\n\t\t\tdata-wp-init=\"callbacks.initTriggerButton\"\n\t\t\tdata-wp-on-async--click=\"actions.showLightbox\"\n\t\t\tdata-wp-style--right=\"context.imageButtonRight\"\n\t\t\tdata-wp-style--top=\"context.imageButtonTop\"\n\t\t>\n\t\t\t<svg xmlns=\"http:\/\/www.w3.org\/2000\/svg\" width=\"12\" height=\"12\" fill=\"none\" viewbox=\"0 0 12 12\">\n\t\t\t\t<path fill=\"#fff\" d=\"M2 0a2 2 0 0 0-2 2v2h1.5V2a.5.5 0 0 1 .5-.5h2V0H2Zm2 10.5H2a.5.5 0 0 1-.5-.5V8H0v2a2 2 0 0 0 2 2h2v-1.5ZM8 12v-1.5h2a.5.5 0 0 0 .5-.5V8H12v2a2 2 0 0 1-2 2H8Zm2-12a2 2 0 0 1 2 2v2h-1.5V2a.5.5 0 0 0-.5-.5H8V0h2Z\" \/>\n\t\t\t<\/svg>\n\t\t<\/button><\/figure>\n\n\n\n<figure data-wp-context=\"{&quot;uploadedSrc&quot;:&quot;https:\\\/\\\/sudsejour.fr\\\/wp-content\\\/uploads\\\/2024\\\/11\\\/pexels-photo-3030684.webp&quot;,&quot;figureClassNames&quot;:&quot;wp-block-image size-large&quot;,&quot;figureStyles&quot;:null,&quot;imgClassNames&quot;:&quot;wp-image-668&quot;,&quot;imgStyles&quot;:null,&quot;targetWidth&quot;:600,&quot;targetHeight&quot;:800,&quot;scaleAttr&quot;:false,&quot;ariaLabel&quot;:&quot;Enlarge image&quot;,&quot;alt&quot;:&quot;&quot;}\" data-wp-interactive=\"core\/image\" class=\"wp-block-image size-large wp-lightbox-container\"><img loading=\"lazy\" decoding=\"async\" width=\"600\" height=\"800\" data-wp-init=\"callbacks.setButtonStyles\" data-wp-on-async--click=\"actions.showLightbox\" data-wp-on-async--load=\"callbacks.setButtonStyles\" data-wp-on-async-window--resize=\"callbacks.setButtonStyles\" data-id=\"668\" src=\"https:\/\/sudsejour.fr\/wp-content\/uploads\/2024\/11\/pexels-photo-3030684.webp\" alt=\"\" class=\"wp-image-668\" srcset=\"https:\/\/sudsejour.fr\/wp-content\/uploads\/2024\/11\/pexels-photo-3030684.webp 600w, https:\/\/sudsejour.fr\/wp-content\/uploads\/2024\/11\/pexels-photo-3030684-225x300.webp 225w\" sizes=\"(max-width: 600px) 100vw, 600px\" \/><button\n\t\t\tclass=\"lightbox-trigger\"\n\t\t\ttype=\"button\"\n\t\t\taria-haspopup=\"dialog\"\n\t\t\taria-label=\"Enlarge image\"\n\t\t\tdata-wp-init=\"callbacks.initTriggerButton\"\n\t\t\tdata-wp-on-async--click=\"actions.showLightbox\"\n\t\t\tdata-wp-style--right=\"context.imageButtonRight\"\n\t\t\tdata-wp-style--top=\"context.imageButtonTop\"\n\t\t>\n\t\t\t<svg xmlns=\"http:\/\/www.w3.org\/2000\/svg\" width=\"12\" height=\"12\" fill=\"none\" viewbox=\"0 0 12 12\">\n\t\t\t\t<path fill=\"#fff\" d=\"M2 0a2 2 0 0 0-2 2v2h1.5V2a.5.5 0 0 1 .5-.5h2V0H2Zm2 10.5H2a.5.5 0 0 1-.5-.5V8H0v2a2 2 0 0 0 2 2h2v-1.5ZM8 12v-1.5h2a.5.5 0 0 0 .5-.5V8H12v2a2 2 0 0 1-2 2H8Zm2-12a2 2 0 0 1 2 2v2h-1.5V2a.5.5 0 0 0-.5-.5H8V0h2Z\" \/>\n\t\t\t<\/svg>\n\t\t<\/button><\/figure>\n\n\n\n<figure class=\"wp-block-image size-large\"><a href=\"https:\/\/www.explorenicecotedazur.com\/saint-jean-cap-ferrat\/\"><img loading=\"lazy\" decoding=\"async\" width=\"600\" height=\"900\" data-id=\"666\" src=\"https:\/\/sudsejour.fr\/wp-content\/uploads\/2024\/11\/pexels-photo-13045189.jpeg\" alt=\"\" class=\"wp-image-666\" srcset=\"https:\/\/sudsejour.fr\/wp-content\/uploads\/2024\/11\/pexels-photo-13045189.jpeg 600w, https:\/\/sudsejour.fr\/wp-content\/uploads\/2024\/11\/pexels-photo-13045189-200x300.jpeg 200w\" sizes=\"(max-width: 600px) 100vw, 600px\" \/><\/a><\/figure>\n\n\n\n<figure data-wp-context=\"{&quot;uploadedSrc&quot;:&quot;https:\\\/\\\/sudsejour.fr\\\/wp-content\\\/uploads\\\/2024\\\/11\\\/pexels-photo-6021777.webp&quot;,&quot;figureClassNames&quot;:&quot;wp-block-image size-large&quot;,&quot;figureStyles&quot;:null,&quot;imgClassNames&quot;:&quot;wp-image-669&quot;,&quot;imgStyles&quot;:null,&quot;targetWidth&quot;:600,&quot;targetHeight&quot;:899,&quot;scaleAttr&quot;:false,&quot;ariaLabel&quot;:&quot;Enlarge image&quot;,&quot;alt&quot;:&quot;&quot;}\" data-wp-interactive=\"core\/image\" class=\"wp-block-image size-large wp-lightbox-container\"><img loading=\"lazy\" decoding=\"async\" width=\"600\" height=\"899\" data-wp-init=\"callbacks.setButtonStyles\" data-wp-on-async--click=\"actions.showLightbox\" data-wp-on-async--load=\"callbacks.setButtonStyles\" data-wp-on-async-window--resize=\"callbacks.setButtonStyles\" data-id=\"669\" src=\"https:\/\/sudsejour.fr\/wp-content\/uploads\/2024\/11\/pexels-photo-6021777.webp\" alt=\"\" class=\"wp-image-669\" srcset=\"https:\/\/sudsejour.fr\/wp-content\/uploads\/2024\/11\/pexels-photo-6021777.webp 600w, https:\/\/sudsejour.fr\/wp-content\/uploads\/2024\/11\/pexels-photo-6021777-200x300.webp 200w\" sizes=\"(max-width: 600px) 100vw, 600px\" \/><button\n\t\t\tclass=\"lightbox-trigger\"\n\t\t\ttype=\"button\"\n\t\t\taria-haspopup=\"dialog\"\n\t\t\taria-label=\"Enlarge image\"\n\t\t\tdata-wp-init=\"callbacks.initTriggerButton\"\n\t\t\tdata-wp-on-async--click=\"actions.showLightbox\"\n\t\t\tdata-wp-style--right=\"context.imageButtonRight\"\n\t\t\tdata-wp-style--top=\"context.imageButtonTop\"\n\t\t>\n\t\t\t<svg xmlns=\"http:\/\/www.w3.org\/2000\/svg\" width=\"12\" height=\"12\" fill=\"none\" viewbox=\"0 0 12 12\">\n\t\t\t\t<path fill=\"#fff\" d=\"M2 0a2 2 0 0 0-2 2v2h1.5V2a.5.5 0 0 1 .5-.5h2V0H2Zm2 10.5H2a.5.5 0 0 1-.5-.5V8H0v2a2 2 0 0 0 2 2h2v-1.5ZM8 12v-1.5h2a.5.5 0 0 0 .5-.5V8H12v2a2 2 0 0 1-2 2H8Zm2-12a2 2 0 0 1 2 2v2h-1.5V2a.5.5 0 0 0-.5-.5H8V0h2Z\" \/>\n\t\t\t<\/svg>\n\t\t<\/button><\/figure>\n<\/figure>","protected":false},"excerpt":{"rendered":"<p>Jolie presqu&rsquo;\u00eele entour\u00e9e de jolis villages tels que Villefranche-sur-mer et Beaulieu-sur-mer, vous y trouverez la paix. Un sentier pittoresque borde le littoral et fait une boucle. De quoi prendre l&rsquo;air et d\u00e9couvrir les multitudes de criques qui s&rsquo;y cachent et o\u00f9 vous pourrez vous accorder un petit bain ! La [&hellip;]<\/p>","protected":false},"author":1,"featured_media":0,"parent":0,"menu_order":0,"comment_status":"closed","ping_status":"closed","template":"","meta":{"footnotes":""},"class_list":["post-664","page","type-page","status-publish","hentry"],"yoast_head":"<!-- This site is optimized with the Yoast SEO plugin v23.8 - https:\/\/yoast.com\/wordpress\/plugins\/seo\/ -->\n<title>Villa Saint-Jean-Cap-Ferrat - sudsejour<\/title>\n<meta name=\"description\" content=\"La Villa Saint-Jean-Cap-Ferrat est le parfait endroit pour s&#039;y ressourcer. Situ\u00e9e sur la jolie presqu&#039;\u00eele entour\u00e9e de jolis villages.\" \/>\n<meta name=\"robots\" content=\"index, follow, max-snippet:-1, max-image-preview:large, max-video-preview:-1\" \/>\n<link rel=\"canonical\" href=\"https:\/\/sudsejour.fr\/en\/villa-saint-jean-cap-ferrat\/\" \/>\n<meta property=\"og:locale\" content=\"en_US\" \/>\n<meta property=\"og:type\" content=\"article\" \/>\n<meta property=\"og:title\" content=\"Villa Saint-Jean-Cap-Ferrat - sudsejour\" \/>\n<meta property=\"og:description\" content=\"La Villa Saint-Jean-Cap-Ferrat est le parfait endroit pour s&#039;y ressourcer. Situ\u00e9e sur la jolie presqu&#039;\u00eele entour\u00e9e de jolis villages.\" \/>\n<meta property=\"og:url\" content=\"https:\/\/sudsejour.fr\/en\/villa-saint-jean-cap-ferrat\/\" \/>\n<meta property=\"og:site_name\" content=\"sudsejour\" \/>\n<meta property=\"article:modified_time\" content=\"2024-11-19T18:27:59+00:00\" \/>\n<meta property=\"og:image\" content=\"https:\/\/sudsejour.fr\/wp-content\/uploads\/2024\/11\/pexels-photo-1233282.jpeg\" \/>\n\t<meta property=\"og:image:width\" content=\"600\" \/>\n\t<meta property=\"og:image:height\" content=\"400\" \/>\n\t<meta property=\"og:image:type\" content=\"image\/jpeg\" \/>\n<meta name=\"twitter:card\" content=\"summary_large_image\" \/>\n<meta name=\"twitter:label1\" content=\"Est. reading time\" \/>\n\t<meta name=\"twitter:data1\" content=\"3 minutes\" \/>\n<script type=\"application\/ld+json\" class=\"yoast-schema-graph\">{\"@context\":\"https:\/\/schema.org\",\"@graph\":[{\"@type\":\"WebPage\",\"@id\":\"https:\/\/sudsejour.fr\/villa-saint-jean-cap-ferrat\/\",\"url\":\"https:\/\/sudsejour.fr\/villa-saint-jean-cap-ferrat\/\",\"name\":\"Villa Saint-Jean-Cap-Ferrat - sudsejour\",\"isPartOf\":{\"@id\":\"https:\/\/sudsejour.fr\/en\/#website\"},\"primaryImageOfPage\":{\"@id\":\"https:\/\/sudsejour.fr\/villa-saint-jean-cap-ferrat\/#primaryimage\"},\"image\":{\"@id\":\"https:\/\/sudsejour.fr\/villa-saint-jean-cap-ferrat\/#primaryimage\"},\"thumbnailUrl\":\"https:\/\/sudsejour.fr\/wp-content\/uploads\/2024\/11\/pexels-photo-1233282.jpeg\",\"datePublished\":\"2024-11-06T15:24:46+00:00\",\"dateModified\":\"2024-11-19T18:27:59+00:00\",\"description\":\"La Villa Saint-Jean-Cap-Ferrat est le parfait endroit pour s'y ressourcer. Situ\u00e9e sur la jolie presqu'\u00eele entour\u00e9e de jolis villages.\",\"breadcrumb\":{\"@id\":\"https:\/\/sudsejour.fr\/villa-saint-jean-cap-ferrat\/#breadcrumb\"},\"inLanguage\":\"en-US\",\"potentialAction\":[{\"@type\":\"ReadAction\",\"target\":[\"https:\/\/sudsejour.fr\/villa-saint-jean-cap-ferrat\/\"]}]},{\"@type\":\"ImageObject\",\"inLanguage\":\"en-US\",\"@id\":\"https:\/\/sudsejour.fr\/villa-saint-jean-cap-ferrat\/#primaryimage\",\"url\":\"https:\/\/sudsejour.fr\/wp-content\/uploads\/2024\/11\/pexels-photo-1233282.jpeg\",\"contentUrl\":\"https:\/\/sudsejour.fr\/wp-content\/uploads\/2024\/11\/pexels-photo-1233282.jpeg\"},{\"@type\":\"BreadcrumbList\",\"@id\":\"https:\/\/sudsejour.fr\/villa-saint-jean-cap-ferrat\/#breadcrumb\",\"itemListElement\":[{\"@type\":\"ListItem\",\"position\":1,\"name\":\"Accueil\",\"item\":\"https:\/\/sudsejour.fr\/en\/\"},{\"@type\":\"ListItem\",\"position\":2,\"name\":\"Villa Saint-Jean-Cap-Ferrat\"}]},{\"@type\":\"WebSite\",\"@id\":\"https:\/\/sudsejour.fr\/en\/#website\",\"url\":\"https:\/\/sudsejour.fr\/en\/\",\"name\":\"sudsejour\",\"description\":\"Explorez, r\u00eavez, s\u00e9journez !\",\"publisher\":{\"@id\":\"https:\/\/sudsejour.fr\/en\/#organization\"},\"potentialAction\":[{\"@type\":\"SearchAction\",\"target\":{\"@type\":\"EntryPoint\",\"urlTemplate\":\"https:\/\/sudsejour.fr\/en\/?s={search_term_string}\"},\"query-input\":{\"@type\":\"PropertyValueSpecification\",\"valueRequired\":true,\"valueName\":\"search_term_string\"}}],\"inLanguage\":\"en-US\"},{\"@type\":\"Organization\",\"@id\":\"https:\/\/sudsejour.fr\/en\/#organization\",\"name\":\"sudsejour\",\"url\":\"https:\/\/sudsejour.fr\/en\/\",\"logo\":{\"@type\":\"ImageObject\",\"inLanguage\":\"en-US\",\"@id\":\"https:\/\/sudsejour.fr\/en\/#\/schema\/logo\/image\/\",\"url\":\"https:\/\/sudsejour.fr\/wp-content\/uploads\/2024\/10\/Capture-decran-2024-10-07-204732.jpg\",\"contentUrl\":\"https:\/\/sudsejour.fr\/wp-content\/uploads\/2024\/10\/Capture-decran-2024-10-07-204732.jpg\",\"width\":449,\"height\":437,\"caption\":\"sudsejour\"},\"image\":{\"@id\":\"https:\/\/sudsejour.fr\/en\/#\/schema\/logo\/image\/\"}}]}<\/script>\n<!-- \/ Yoast SEO plugin. -->","yoast_head_json":{"title":"Villa Saint-Jean-Cap-Ferrat - sudsejour","description":"La Villa Saint-Jean-Cap-Ferrat est le parfait endroit pour s'y ressourcer. Situ\u00e9e sur la jolie presqu'\u00eele entour\u00e9e de jolis villages.","robots":{"index":"index","follow":"follow","max-snippet":"max-snippet:-1","max-image-preview":"max-image-preview:large","max-video-preview":"max-video-preview:-1"},"canonical":"https:\/\/sudsejour.fr\/en\/villa-saint-jean-cap-ferrat\/","og_locale":"en_US","og_type":"article","og_title":"Villa Saint-Jean-Cap-Ferrat - sudsejour","og_description":"La Villa Saint-Jean-Cap-Ferrat est le parfait endroit pour s'y ressourcer. Situ\u00e9e sur la jolie presqu'\u00eele entour\u00e9e de jolis villages.","og_url":"https:\/\/sudsejour.fr\/en\/villa-saint-jean-cap-ferrat\/","og_site_name":"sudsejour","article_modified_time":"2024-11-19T18:27:59+00:00","og_image":[{"width":600,"height":400,"url":"https:\/\/sudsejour.fr\/wp-content\/uploads\/2024\/11\/pexels-photo-1233282.jpeg","type":"image\/jpeg"}],"twitter_card":"summary_large_image","twitter_misc":{"Est. reading time":"3 minutes"},"schema":{"@context":"https:\/\/schema.org","@graph":[{"@type":"WebPage","@id":"https:\/\/sudsejour.fr\/villa-saint-jean-cap-ferrat\/","url":"https:\/\/sudsejour.fr\/villa-saint-jean-cap-ferrat\/","name":"Villa Saint-Jean-Cap-Ferrat - sudsejour","isPartOf":{"@id":"https:\/\/sudsejour.fr\/en\/#website"},"primaryImageOfPage":{"@id":"https:\/\/sudsejour.fr\/villa-saint-jean-cap-ferrat\/#primaryimage"},"image":{"@id":"https:\/\/sudsejour.fr\/villa-saint-jean-cap-ferrat\/#primaryimage"},"thumbnailUrl":"https:\/\/sudsejour.fr\/wp-content\/uploads\/2024\/11\/pexels-photo-1233282.jpeg","datePublished":"2024-11-06T15:24:46+00:00","dateModified":"2024-11-19T18:27:59+00:00","description":"La Villa Saint-Jean-Cap-Ferrat est le parfait endroit pour s'y ressourcer. Situ\u00e9e sur la jolie presqu'\u00eele entour\u00e9e de jolis villages.","breadcrumb":{"@id":"https:\/\/sudsejour.fr\/villa-saint-jean-cap-ferrat\/#breadcrumb"},"inLanguage":"en-US","potentialAction":[{"@type":"ReadAction","target":["https:\/\/sudsejour.fr\/villa-saint-jean-cap-ferrat\/"]}]},{"@type":"ImageObject","inLanguage":"en-US","@id":"https:\/\/sudsejour.fr\/villa-saint-jean-cap-ferrat\/#primaryimage","url":"https:\/\/sudsejour.fr\/wp-content\/uploads\/2024\/11\/pexels-photo-1233282.jpeg","contentUrl":"https:\/\/sudsejour.fr\/wp-content\/uploads\/2024\/11\/pexels-photo-1233282.jpeg"},{"@type":"BreadcrumbList","@id":"https:\/\/sudsejour.fr\/villa-saint-jean-cap-ferrat\/#breadcrumb","itemListElement":[{"@type":"ListItem","position":1,"name":"Accueil","item":"https:\/\/sudsejour.fr\/en\/"},{"@type":"ListItem","position":2,"name":"Villa Saint-Jean-Cap-Ferrat"}]},{"@type":"WebSite","@id":"https:\/\/sudsejour.fr\/en\/#website","url":"https:\/\/sudsejour.fr\/en\/","name":"sudsejour","description":"Explorez, r\u00eavez, s\u00e9journez !","publisher":{"@id":"https:\/\/sudsejour.fr\/en\/#organization"},"potentialAction":[{"@type":"SearchAction","target":{"@type":"EntryPoint","urlTemplate":"https:\/\/sudsejour.fr\/en\/?s={search_term_string}"},"query-input":{"@type":"PropertyValueSpecification","valueRequired":true,"valueName":"search_term_string"}}],"inLanguage":"en-US"},{"@type":"Organization","@id":"https:\/\/sudsejour.fr\/en\/#organization","name":"sudsejour","url":"https:\/\/sudsejour.fr\/en\/","logo":{"@type":"ImageObject","inLanguage":"en-US","@id":"https:\/\/sudsejour.fr\/en\/#\/schema\/logo\/image\/","url":"https:\/\/sudsejour.fr\/wp-content\/uploads\/2024\/10\/Capture-decran-2024-10-07-204732.jpg","contentUrl":"https:\/\/sudsejour.fr\/wp-content\/uploads\/2024\/10\/Capture-decran-2024-10-07-204732.jpg","width":449,"height":437,"caption":"sudsejour"},"image":{"@id":"https:\/\/sudsejour.fr\/en\/#\/schema\/logo\/image\/"}}]}},"_links":{"self":[{"href":"https:\/\/sudsejour.fr\/en\/wp-json\/wp\/v2\/pages\/664"}],"collection":[{"href":"https:\/\/sudsejour.fr\/en\/wp-json\/wp\/v2\/pages"}],"about":[{"href":"https:\/\/sudsejour.fr\/en\/wp-json\/wp\/v2\/types\/page"}],"author":[{"embeddable":true,"href":"https:\/\/sudsejour.fr\/en\/wp-json\/wp\/v2\/users\/1"}],"replies":[{"embeddable":true,"href":"https:\/\/sudsejour.fr\/en\/wp-json\/wp\/v2\/comments?post=664"}],"version-history":[{"count":4,"href":"https:\/\/sudsejour.fr\/en\/wp-json\/wp\/v2\/pages\/664\/revisions"}],"predecessor-version":[{"id":978,"href":"https:\/\/sudsejour.fr\/en\/wp-json\/wp\/v2\/pages\/664\/revisions\/978"}],"wp:attachment":[{"href":"https:\/\/sudsejour.fr\/en\/wp-json\/wp\/v2\/media?parent=664"}],"curies":[{"name":"wp","href":"https:\/\/api.w.org\/{rel}","templated":true}]}}