{"id":682,"date":"2024-11-06T16:29:22","date_gmt":"2024-11-06T16:29:22","guid":{"rendered":"https:\/\/sudsejour.fr\/?page_id=682"},"modified":"2024-11-18T16:12:49","modified_gmt":"2024-11-18T16:12:49","slug":"les-gorges-du-verdon-paca-valensole-activites-pedalo-kayak-paysage","status":"publish","type":"page","link":"https:\/\/sudsejour.fr\/en\/les-gorges-du-verdon-paca-valensole-activites-pedalo-kayak-paysage\/","title":{"rendered":"Les gorges du Verdon"},"content":{"rendered":"<p class=\"has-text-align-center\">Notre pays nous r\u00e9serve bien des surprises avec ces paysages aussi diff\u00e9rents d&rsquo;une r\u00e9gion \u00e0 une autre ! Vous ne r\u00eavez pas, cette eau si bleue se trouve bien dans notre magnifique r\u00e9gion, dans les gorges du Verdon. Ne vous inqui\u00e9tez pas, vous pourrez vous approcher tr\u00e8s pr\u00e8s cette eau Une multitude d&rsquo;activit\u00e9s vous est propos\u00e9 (kayak, bateau sans permis, cano\u00eb ou encore p\u00e9dalo). Prenez \u00e9galement le temps de parcourir le plateau de Valensole \u00e0 la saison des lavandes ! Notre pays regorge de paysages \u00e9poustouflants, tous plus diff\u00e9rents les uns des autres. Vous ne r\u00eavez pas, cette eau bleu turquoise se trouve bel et bien dans les gorges du Verdon. C\u2019est un v\u00e9ritable spectacle de la nature ! Ne vous inqui\u00e9tez pas, vous pourrez vous approcher de cette eau cristalline et en profiter pleinement. Une multitude d&rsquo;activit\u00e9s vous attend : kayak, bateau sans permis, cano\u00eb ou p\u00e9dalo, il y en a pour tous les go\u00fbts. En plus, ne manquez pas de prendre le temps de d\u00e9couvrir le plateau de Valensole, surtout lors de la saison des lavandes. Le parfum enivrant et les champs \u00e0 perte de vue sont un v\u00e9ritable enchantement.<\/p>\n\n\n\n<p class=\"has-text-align-center\"><br><br>Le plateau de Valensole est un lieu magique, o\u00f9 la couleur violette des lavandes s&rsquo;\u00e9tend \u00e0 perte de vue. Pendant la saison de la floraison, les champs se transforment en mer de fleurs, cr\u00e9ant un paysage \u00e0 couper le souffle. En vous promenant, vous respirerez l&rsquo;air empli du parfum unique des lavandes. En plus de la beaut\u00e9 des lieux, vous pourrez visiter les petits producteurs locaux et d\u00e9couvrir des produits artisanaux \u00e0 base de lavande. \u00c0 proximit\u00e9, le lac de Sainte-Croix vous offre un cadre idyllique pour une baignade rafra\u00eechissante. En fin de journ\u00e9e, profitez d\u2019un coucher de soleil spectaculaire sur les montagnes environnantes. Un v\u00e9ritable havre de paix.<\/p>\n\n\n\n<div style=\"height:40px\" aria-hidden=\"true\" class=\"wp-block-spacer\"><\/div>\n\n\n\n<figure class=\"wp-block-gallery has-nested-images columns-default is-cropped wp-block-gallery-1 is-layout-flex wp-block-gallery-is-layout-flex\">\n<figure data-wp-context=\"{&quot;uploadedSrc&quot;:&quot;https:\\\/\\\/sudsejour.fr\\\/wp-content\\\/uploads\\\/2024\\\/11\\\/istockphoto-1217015943-612x612-1.jpg&quot;,&quot;figureClassNames&quot;:&quot;wp-block-image size-large&quot;,&quot;figureStyles&quot;:null,&quot;imgClassNames&quot;:&quot;wp-image-686&quot;,&quot;imgStyles&quot;:null,&quot;targetWidth&quot;:612,&quot;targetHeight&quot;:408,&quot;scaleAttr&quot;:false,&quot;ariaLabel&quot;:&quot;Enlarge image&quot;,&quot;alt&quot;:&quot;&quot;}\" data-wp-interactive=\"core\/image\" class=\"wp-block-image size-large wp-lightbox-container\"><img loading=\"lazy\" decoding=\"async\" width=\"612\" height=\"408\" data-wp-init=\"callbacks.setButtonStyles\" data-wp-on-async--click=\"actions.showLightbox\" data-wp-on-async--load=\"callbacks.setButtonStyles\" data-wp-on-async-window--resize=\"callbacks.setButtonStyles\" data-id=\"686\" src=\"https:\/\/sudsejour.fr\/wp-content\/uploads\/2024\/11\/istockphoto-1217015943-612x612-1.jpg\" alt=\"\" class=\"wp-image-686\" srcset=\"https:\/\/sudsejour.fr\/wp-content\/uploads\/2024\/11\/istockphoto-1217015943-612x612-1.jpg 612w, https:\/\/sudsejour.fr\/wp-content\/uploads\/2024\/11\/istockphoto-1217015943-612x612-1-300x200.jpg 300w, https:\/\/sudsejour.fr\/wp-content\/uploads\/2024\/11\/istockphoto-1217015943-612x612-1-360x240.jpg 360w\" sizes=\"(max-width: 612px) 100vw, 612px\" \/><button\n\t\t\tclass=\"lightbox-trigger\"\n\t\t\ttype=\"button\"\n\t\t\taria-haspopup=\"dialog\"\n\t\t\taria-label=\"Enlarge image\"\n\t\t\tdata-wp-init=\"callbacks.initTriggerButton\"\n\t\t\tdata-wp-on-async--click=\"actions.showLightbox\"\n\t\t\tdata-wp-style--right=\"context.imageButtonRight\"\n\t\t\tdata-wp-style--top=\"context.imageButtonTop\"\n\t\t>\n\t\t\t<svg xmlns=\"http:\/\/www.w3.org\/2000\/svg\" width=\"12\" height=\"12\" fill=\"none\" viewbox=\"0 0 12 12\">\n\t\t\t\t<path fill=\"#fff\" d=\"M2 0a2 2 0 0 0-2 2v2h1.5V2a.5.5 0 0 1 .5-.5h2V0H2Zm2 10.5H2a.5.5 0 0 1-.5-.5V8H0v2a2 2 0 0 0 2 2h2v-1.5ZM8 12v-1.5h2a.5.5 0 0 0 .5-.5V8H12v2a2 2 0 0 1-2 2H8Zm2-12a2 2 0 0 1 2 2v2h-1.5V2a.5.5 0 0 0-.5-.5H8V0h2Z\" \/>\n\t\t\t<\/svg>\n\t\t<\/button><\/figure>\n\n\n\n<figure data-wp-context=\"{&quot;uploadedSrc&quot;:&quot;https:\\\/\\\/sudsejour.fr\\\/wp-content\\\/uploads\\\/2024\\\/11\\\/istockphoto-2157811356-612x612-1.jpg&quot;,&quot;figureClassNames&quot;:&quot;wp-block-image size-large&quot;,&quot;figureStyles&quot;:null,&quot;imgClassNames&quot;:&quot;wp-image-689&quot;,&quot;imgStyles&quot;:null,&quot;targetWidth&quot;:612,&quot;targetHeight&quot;:459,&quot;scaleAttr&quot;:false,&quot;ariaLabel&quot;:&quot;Enlarge image&quot;,&quot;alt&quot;:&quot;&quot;}\" data-wp-interactive=\"core\/image\" class=\"wp-block-image size-large wp-lightbox-container\"><img loading=\"lazy\" decoding=\"async\" width=\"612\" height=\"459\" data-wp-init=\"callbacks.setButtonStyles\" data-wp-on-async--click=\"actions.showLightbox\" data-wp-on-async--load=\"callbacks.setButtonStyles\" data-wp-on-async-window--resize=\"callbacks.setButtonStyles\" data-id=\"689\" src=\"https:\/\/sudsejour.fr\/wp-content\/uploads\/2024\/11\/istockphoto-2157811356-612x612-1.jpg\" alt=\"\" class=\"wp-image-689\" srcset=\"https:\/\/sudsejour.fr\/wp-content\/uploads\/2024\/11\/istockphoto-2157811356-612x612-1.jpg 612w, https:\/\/sudsejour.fr\/wp-content\/uploads\/2024\/11\/istockphoto-2157811356-612x612-1-300x225.jpg 300w\" sizes=\"(max-width: 612px) 100vw, 612px\" \/><button\n\t\t\tclass=\"lightbox-trigger\"\n\t\t\ttype=\"button\"\n\t\t\taria-haspopup=\"dialog\"\n\t\t\taria-label=\"Enlarge image\"\n\t\t\tdata-wp-init=\"callbacks.initTriggerButton\"\n\t\t\tdata-wp-on-async--click=\"actions.showLightbox\"\n\t\t\tdata-wp-style--right=\"context.imageButtonRight\"\n\t\t\tdata-wp-style--top=\"context.imageButtonTop\"\n\t\t>\n\t\t\t<svg xmlns=\"http:\/\/www.w3.org\/2000\/svg\" width=\"12\" height=\"12\" fill=\"none\" viewbox=\"0 0 12 12\">\n\t\t\t\t<path fill=\"#fff\" d=\"M2 0a2 2 0 0 0-2 2v2h1.5V2a.5.5 0 0 1 .5-.5h2V0H2Zm2 10.5H2a.5.5 0 0 1-.5-.5V8H0v2a2 2 0 0 0 2 2h2v-1.5ZM8 12v-1.5h2a.5.5 0 0 0 .5-.5V8H12v2a2 2 0 0 1-2 2H8Zm2-12a2 2 0 0 1 2 2v2h-1.5V2a.5.5 0 0 0-.5-.5H8V0h2Z\" \/>\n\t\t\t<\/svg>\n\t\t<\/button><\/figure>\n\n\n\n<figure data-wp-context=\"{&quot;uploadedSrc&quot;:&quot;https:\\\/\\\/sudsejour.fr\\\/wp-content\\\/uploads\\\/2024\\\/11\\\/pexels-photo-29042030.jpeg&quot;,&quot;figureClassNames&quot;:&quot;wp-block-image size-large&quot;,&quot;figureStyles&quot;:null,&quot;imgClassNames&quot;:&quot;wp-image-688&quot;,&quot;imgStyles&quot;:null,&quot;targetWidth&quot;:600,&quot;targetHeight&quot;:902,&quot;scaleAttr&quot;:false,&quot;ariaLabel&quot;:&quot;Enlarge image&quot;,&quot;alt&quot;:&quot;&quot;}\" data-wp-interactive=\"core\/image\" class=\"wp-block-image size-large wp-lightbox-container\"><img loading=\"lazy\" decoding=\"async\" width=\"600\" height=\"902\" data-wp-init=\"callbacks.setButtonStyles\" data-wp-on-async--click=\"actions.showLightbox\" data-wp-on-async--load=\"callbacks.setButtonStyles\" data-wp-on-async-window--resize=\"callbacks.setButtonStyles\" data-id=\"688\" src=\"https:\/\/sudsejour.fr\/wp-content\/uploads\/2024\/11\/pexels-photo-29042030.jpeg\" alt=\"\" class=\"wp-image-688\" srcset=\"https:\/\/sudsejour.fr\/wp-content\/uploads\/2024\/11\/pexels-photo-29042030.jpeg 600w, https:\/\/sudsejour.fr\/wp-content\/uploads\/2024\/11\/pexels-photo-29042030-200x300.jpeg 200w\" sizes=\"(max-width: 600px) 100vw, 600px\" \/><button\n\t\t\tclass=\"lightbox-trigger\"\n\t\t\ttype=\"button\"\n\t\t\taria-haspopup=\"dialog\"\n\t\t\taria-label=\"Enlarge image\"\n\t\t\tdata-wp-init=\"callbacks.initTriggerButton\"\n\t\t\tdata-wp-on-async--click=\"actions.showLightbox\"\n\t\t\tdata-wp-style--right=\"context.imageButtonRight\"\n\t\t\tdata-wp-style--top=\"context.imageButtonTop\"\n\t\t>\n\t\t\t<svg xmlns=\"http:\/\/www.w3.org\/2000\/svg\" width=\"12\" height=\"12\" fill=\"none\" viewbox=\"0 0 12 12\">\n\t\t\t\t<path fill=\"#fff\" d=\"M2 0a2 2 0 0 0-2 2v2h1.5V2a.5.5 0 0 1 .5-.5h2V0H2Zm2 10.5H2a.5.5 0 0 1-.5-.5V8H0v2a2 2 0 0 0 2 2h2v-1.5ZM8 12v-1.5h2a.5.5 0 0 0 .5-.5V8H12v2a2 2 0 0 1-2 2H8Zm2-12a2 2 0 0 1 2 2v2h-1.5V2a.5.5 0 0 0-.5-.5H8V0h2Z\" \/>\n\t\t\t<\/svg>\n\t\t<\/button><\/figure>\n\n\n\n<figure class=\"wp-block-image size-large\"><a href=\"https:\/\/www.lacs-gorges-verdon.fr\/\"><img loading=\"lazy\" decoding=\"async\" width=\"612\" height=\"344\" data-id=\"685\" src=\"https:\/\/sudsejour.fr\/wp-content\/uploads\/2024\/11\/istockphoto-1216194215-612x612-1.jpg\" alt=\"\" class=\"wp-image-685\" srcset=\"https:\/\/sudsejour.fr\/wp-content\/uploads\/2024\/11\/istockphoto-1216194215-612x612-1.jpg 612w, https:\/\/sudsejour.fr\/wp-content\/uploads\/2024\/11\/istockphoto-1216194215-612x612-1-300x169.jpg 300w\" sizes=\"(max-width: 612px) 100vw, 612px\" \/><\/a><\/figure>\n<\/figure>\n\n\n\n<div style=\"height:100px\" aria-hidden=\"true\" class=\"wp-block-spacer\"><\/div>","protected":false},"excerpt":{"rendered":"<p>Notre pays nous r\u00e9serve bien des surprises avec ces paysages aussi diff\u00e9rents d&rsquo;une r\u00e9gion \u00e0 une autre ! Vous ne r\u00eavez pas, cette eau si bleue se trouve bien dans notre magnifique r\u00e9gion, dans les gorges du Verdon. Ne vous inqui\u00e9tez pas, vous pourrez vous approcher tr\u00e8s pr\u00e8s cette eau [&hellip;]<\/p>","protected":false},"author":1,"featured_media":0,"parent":0,"menu_order":0,"comment_status":"closed","ping_status":"closed","template":"","meta":{"footnotes":""},"class_list":["post-682","page","type-page","status-publish","hentry"],"yoast_head":"<!-- This site is optimized with the Yoast SEO plugin v23.8 - https:\/\/yoast.com\/wordpress\/plugins\/seo\/ -->\n<title>Les gorges du Verdon - sudsejour<\/title>\n<meta name=\"description\" content=\"Non vous ne r\u00eavez pas, cette eau si bleue se trouve bien dans notre magnifique r\u00e9gion PACA, dans les gorges du Verdon pr\u00e9cis\u00e9ment.\" \/>\n<meta name=\"robots\" content=\"index, follow, max-snippet:-1, max-image-preview:large, max-video-preview:-1\" \/>\n<link rel=\"canonical\" href=\"https:\/\/sudsejour.fr\/en\/les-gorges-du-verdon-paca-valensole-activites-pedalo-kayak-paysage\/\" \/>\n<meta property=\"og:locale\" content=\"en_US\" \/>\n<meta property=\"og:type\" content=\"article\" \/>\n<meta property=\"og:title\" content=\"Les gorges du Verdon - sudsejour\" \/>\n<meta property=\"og:description\" content=\"Non vous ne r\u00eavez pas, cette eau si bleue se trouve bien dans notre magnifique r\u00e9gion PACA, dans les gorges du Verdon pr\u00e9cis\u00e9ment.\" \/>\n<meta property=\"og:url\" content=\"https:\/\/sudsejour.fr\/en\/les-gorges-du-verdon-paca-valensole-activites-pedalo-kayak-paysage\/\" \/>\n<meta property=\"og:site_name\" content=\"sudsejour\" \/>\n<meta property=\"article:modified_time\" content=\"2024-11-18T16:12:49+00:00\" \/>\n<meta property=\"og:image\" content=\"https:\/\/sudsejour.fr\/wp-content\/uploads\/2024\/11\/istockphoto-1217015943-612x612-1.jpg\" \/>\n\t<meta property=\"og:image:width\" content=\"612\" \/>\n\t<meta property=\"og:image:height\" content=\"408\" \/>\n\t<meta property=\"og:image:type\" content=\"image\/jpeg\" \/>\n<meta name=\"twitter:card\" content=\"summary_large_image\" \/>\n<meta name=\"twitter:label1\" content=\"Est. reading time\" \/>\n\t<meta name=\"twitter:data1\" content=\"3 minutes\" \/>\n<script type=\"application\/ld+json\" class=\"yoast-schema-graph\">{\"@context\":\"https:\/\/schema.org\",\"@graph\":[{\"@type\":\"WebPage\",\"@id\":\"https:\/\/sudsejour.fr\/les-gorges-du-verdon-paca-valensole-activites-pedalo-kayak-paysage\/\",\"url\":\"https:\/\/sudsejour.fr\/les-gorges-du-verdon-paca-valensole-activites-pedalo-kayak-paysage\/\",\"name\":\"Les gorges du Verdon - sudsejour\",\"isPartOf\":{\"@id\":\"https:\/\/sudsejour.fr\/en\/#website\"},\"primaryImageOfPage\":{\"@id\":\"https:\/\/sudsejour.fr\/les-gorges-du-verdon-paca-valensole-activites-pedalo-kayak-paysage\/#primaryimage\"},\"image\":{\"@id\":\"https:\/\/sudsejour.fr\/les-gorges-du-verdon-paca-valensole-activites-pedalo-kayak-paysage\/#primaryimage\"},\"thumbnailUrl\":\"https:\/\/sudsejour.fr\/wp-content\/uploads\/2024\/11\/istockphoto-1217015943-612x612-1.jpg\",\"datePublished\":\"2024-11-06T16:29:22+00:00\",\"dateModified\":\"2024-11-18T16:12:49+00:00\",\"description\":\"Non vous ne r\u00eavez pas, cette eau si bleue se trouve bien dans notre magnifique r\u00e9gion PACA, dans les gorges du Verdon pr\u00e9cis\u00e9ment.\",\"breadcrumb\":{\"@id\":\"https:\/\/sudsejour.fr\/les-gorges-du-verdon-paca-valensole-activites-pedalo-kayak-paysage\/#breadcrumb\"},\"inLanguage\":\"en-US\",\"potentialAction\":[{\"@type\":\"ReadAction\",\"target\":[\"https:\/\/sudsejour.fr\/les-gorges-du-verdon-paca-valensole-activites-pedalo-kayak-paysage\/\"]}]},{\"@type\":\"ImageObject\",\"inLanguage\":\"en-US\",\"@id\":\"https:\/\/sudsejour.fr\/les-gorges-du-verdon-paca-valensole-activites-pedalo-kayak-paysage\/#primaryimage\",\"url\":\"https:\/\/sudsejour.fr\/wp-content\/uploads\/2024\/11\/istockphoto-1217015943-612x612-1.jpg\",\"contentUrl\":\"https:\/\/sudsejour.fr\/wp-content\/uploads\/2024\/11\/istockphoto-1217015943-612x612-1.jpg\"},{\"@type\":\"BreadcrumbList\",\"@id\":\"https:\/\/sudsejour.fr\/les-gorges-du-verdon-paca-valensole-activites-pedalo-kayak-paysage\/#breadcrumb\",\"itemListElement\":[{\"@type\":\"ListItem\",\"position\":1,\"name\":\"Accueil\",\"item\":\"https:\/\/sudsejour.fr\/en\/\"},{\"@type\":\"ListItem\",\"position\":2,\"name\":\"Les gorges du Verdon\"}]},{\"@type\":\"WebSite\",\"@id\":\"https:\/\/sudsejour.fr\/en\/#website\",\"url\":\"https:\/\/sudsejour.fr\/en\/\",\"name\":\"sudsejour\",\"description\":\"Explorez, r\u00eavez, s\u00e9journez !\",\"publisher\":{\"@id\":\"https:\/\/sudsejour.fr\/en\/#organization\"},\"potentialAction\":[{\"@type\":\"SearchAction\",\"target\":{\"@type\":\"EntryPoint\",\"urlTemplate\":\"https:\/\/sudsejour.fr\/en\/?s={search_term_string}\"},\"query-input\":{\"@type\":\"PropertyValueSpecification\",\"valueRequired\":true,\"valueName\":\"search_term_string\"}}],\"inLanguage\":\"en-US\"},{\"@type\":\"Organization\",\"@id\":\"https:\/\/sudsejour.fr\/en\/#organization\",\"name\":\"sudsejour\",\"url\":\"https:\/\/sudsejour.fr\/en\/\",\"logo\":{\"@type\":\"ImageObject\",\"inLanguage\":\"en-US\",\"@id\":\"https:\/\/sudsejour.fr\/en\/#\/schema\/logo\/image\/\",\"url\":\"https:\/\/sudsejour.fr\/wp-content\/uploads\/2024\/10\/Capture-decran-2024-10-07-204732.jpg\",\"contentUrl\":\"https:\/\/sudsejour.fr\/wp-content\/uploads\/2024\/10\/Capture-decran-2024-10-07-204732.jpg\",\"width\":449,\"height\":437,\"caption\":\"sudsejour\"},\"image\":{\"@id\":\"https:\/\/sudsejour.fr\/en\/#\/schema\/logo\/image\/\"}}]}<\/script>\n<!-- \/ Yoast SEO plugin. -->","yoast_head_json":{"title":"Les gorges du Verdon - sudsejour","description":"Non vous ne r\u00eavez pas, cette eau si bleue se trouve bien dans notre magnifique r\u00e9gion PACA, dans les gorges du Verdon pr\u00e9cis\u00e9ment.","robots":{"index":"index","follow":"follow","max-snippet":"max-snippet:-1","max-image-preview":"max-image-preview:large","max-video-preview":"max-video-preview:-1"},"canonical":"https:\/\/sudsejour.fr\/en\/les-gorges-du-verdon-paca-valensole-activites-pedalo-kayak-paysage\/","og_locale":"en_US","og_type":"article","og_title":"Les gorges du Verdon - sudsejour","og_description":"Non vous ne r\u00eavez pas, cette eau si bleue se trouve bien dans notre magnifique r\u00e9gion PACA, dans les gorges du Verdon pr\u00e9cis\u00e9ment.","og_url":"https:\/\/sudsejour.fr\/en\/les-gorges-du-verdon-paca-valensole-activites-pedalo-kayak-paysage\/","og_site_name":"sudsejour","article_modified_time":"2024-11-18T16:12:49+00:00","og_image":[{"width":612,"height":408,"url":"https:\/\/sudsejour.fr\/wp-content\/uploads\/2024\/11\/istockphoto-1217015943-612x612-1.jpg","type":"image\/jpeg"}],"twitter_card":"summary_large_image","twitter_misc":{"Est. reading time":"3 minutes"},"schema":{"@context":"https:\/\/schema.org","@graph":[{"@type":"WebPage","@id":"https:\/\/sudsejour.fr\/les-gorges-du-verdon-paca-valensole-activites-pedalo-kayak-paysage\/","url":"https:\/\/sudsejour.fr\/les-gorges-du-verdon-paca-valensole-activites-pedalo-kayak-paysage\/","name":"Les gorges du Verdon - sudsejour","isPartOf":{"@id":"https:\/\/sudsejour.fr\/en\/#website"},"primaryImageOfPage":{"@id":"https:\/\/sudsejour.fr\/les-gorges-du-verdon-paca-valensole-activites-pedalo-kayak-paysage\/#primaryimage"},"image":{"@id":"https:\/\/sudsejour.fr\/les-gorges-du-verdon-paca-valensole-activites-pedalo-kayak-paysage\/#primaryimage"},"thumbnailUrl":"https:\/\/sudsejour.fr\/wp-content\/uploads\/2024\/11\/istockphoto-1217015943-612x612-1.jpg","datePublished":"2024-11-06T16:29:22+00:00","dateModified":"2024-11-18T16:12:49+00:00","description":"Non vous ne r\u00eavez pas, cette eau si bleue se trouve bien dans notre magnifique r\u00e9gion PACA, dans les gorges du Verdon pr\u00e9cis\u00e9ment.","breadcrumb":{"@id":"https:\/\/sudsejour.fr\/les-gorges-du-verdon-paca-valensole-activites-pedalo-kayak-paysage\/#breadcrumb"},"inLanguage":"en-US","potentialAction":[{"@type":"ReadAction","target":["https:\/\/sudsejour.fr\/les-gorges-du-verdon-paca-valensole-activites-pedalo-kayak-paysage\/"]}]},{"@type":"ImageObject","inLanguage":"en-US","@id":"https:\/\/sudsejour.fr\/les-gorges-du-verdon-paca-valensole-activites-pedalo-kayak-paysage\/#primaryimage","url":"https:\/\/sudsejour.fr\/wp-content\/uploads\/2024\/11\/istockphoto-1217015943-612x612-1.jpg","contentUrl":"https:\/\/sudsejour.fr\/wp-content\/uploads\/2024\/11\/istockphoto-1217015943-612x612-1.jpg"},{"@type":"BreadcrumbList","@id":"https:\/\/sudsejour.fr\/les-gorges-du-verdon-paca-valensole-activites-pedalo-kayak-paysage\/#breadcrumb","itemListElement":[{"@type":"ListItem","position":1,"name":"Accueil","item":"https:\/\/sudsejour.fr\/en\/"},{"@type":"ListItem","position":2,"name":"Les gorges du Verdon"}]},{"@type":"WebSite","@id":"https:\/\/sudsejour.fr\/en\/#website","url":"https:\/\/sudsejour.fr\/en\/","name":"sudsejour","description":"Explorez, r\u00eavez, s\u00e9journez !","publisher":{"@id":"https:\/\/sudsejour.fr\/en\/#organization"},"potentialAction":[{"@type":"SearchAction","target":{"@type":"EntryPoint","urlTemplate":"https:\/\/sudsejour.fr\/en\/?s={search_term_string}"},"query-input":{"@type":"PropertyValueSpecification","valueRequired":true,"valueName":"search_term_string"}}],"inLanguage":"en-US"},{"@type":"Organization","@id":"https:\/\/sudsejour.fr\/en\/#organization","name":"sudsejour","url":"https:\/\/sudsejour.fr\/en\/","logo":{"@type":"ImageObject","inLanguage":"en-US","@id":"https:\/\/sudsejour.fr\/en\/#\/schema\/logo\/image\/","url":"https:\/\/sudsejour.fr\/wp-content\/uploads\/2024\/10\/Capture-decran-2024-10-07-204732.jpg","contentUrl":"https:\/\/sudsejour.fr\/wp-content\/uploads\/2024\/10\/Capture-decran-2024-10-07-204732.jpg","width":449,"height":437,"caption":"sudsejour"},"image":{"@id":"https:\/\/sudsejour.fr\/en\/#\/schema\/logo\/image\/"}}]}},"_links":{"self":[{"href":"https:\/\/sudsejour.fr\/en\/wp-json\/wp\/v2\/pages\/682"}],"collection":[{"href":"https:\/\/sudsejour.fr\/en\/wp-json\/wp\/v2\/pages"}],"about":[{"href":"https:\/\/sudsejour.fr\/en\/wp-json\/wp\/v2\/types\/page"}],"author":[{"embeddable":true,"href":"https:\/\/sudsejour.fr\/en\/wp-json\/wp\/v2\/users\/1"}],"replies":[{"embeddable":true,"href":"https:\/\/sudsejour.fr\/en\/wp-json\/wp\/v2\/comments?post=682"}],"version-history":[{"count":7,"href":"https:\/\/sudsejour.fr\/en\/wp-json\/wp\/v2\/pages\/682\/revisions"}],"predecessor-version":[{"id":910,"href":"https:\/\/sudsejour.fr\/en\/wp-json\/wp\/v2\/pages\/682\/revisions\/910"}],"wp:attachment":[{"href":"https:\/\/sudsejour.fr\/en\/wp-json\/wp\/v2\/media?parent=682"}],"curies":[{"name":"wp","href":"https:\/\/api.w.org\/{rel}","templated":true}]}}