{"id":692,"date":"2024-11-06T16:39:41","date_gmt":"2024-11-06T16:39:41","guid":{"rendered":"https:\/\/sudsejour.fr\/?page_id=692"},"modified":"2024-11-18T17:01:58","modified_gmt":"2024-11-18T17:01:58","slug":"parc-national-du-mercantour-haute-montagne-altitude-sports","status":"publish","type":"page","link":"https:\/\/sudsejour.fr\/en\/parc-national-du-mercantour-haute-montagne-altitude-sports\/","title":{"rendered":"Parc National du Mercantour"},"content":{"rendered":"<p class=\"has-text-align-center\">Dans ce magnifique Parc National du Mercantour, vous aurez l&rsquo;occasion de croiser des amoureux de la montagne et des sports de haute montagne ! Dans ce magnifique Parc National du Mercantour, vous aurez l\u2019occasion unique de croiser des passionn\u00e9s de montagne et de sports de haute montagne. Peu importe la saison, le lieu vous \u00e9merveillera par ses paysages exceptionnels. En hiver, par exemple, la neige recouvre les cimes, transformant le parc en un v\u00e9ritable paradis blanc. Les amateurs de ski, de snowboard ou de raquettes y trouveront des conditions id\u00e9ales pour pratiquer leurs activit\u00e9s. En \u00e9t\u00e9, le d\u00e9cor change compl\u00e8tement. Les lacs d\u2019altitude, aux eaux cristallines, refl\u00e8tent les montagnes environnantes, offrant un spectacle naturel \u00e0 couper le souffle. C\u2019est l\u2019occasion r\u00eav\u00e9e de s&rsquo;\u00e9vader.<\/p>\n\n\n\n<p class=\"has-text-align-center\">Les activit\u00e9s propos\u00e9es sont nombreuses et vari\u00e9es. Vous pourrez, par exemple, vous adonner \u00e0 l\u2019escalade sur des falaises ou enfourcher un VTT pour explorer les sentiers. Si vous aimez les sensations fortes, le parapente vous offrira une vue imprenable sur les Alpes et les vall\u00e9es environnantes. De plus, le parc regorge de sentiers de randonn\u00e9e qui vous conduiront \u00e0 des sommets o\u00f9 la vue est spectaculaire. Ces itin\u00e9raires vous permettront de vous immerger dans la nature tout en d\u00e9couvrant une faune locale riche, avec des cerfs, des chamois et des marmottes.<\/p>\n\n\n\n<p class=\"has-text-align-center\">En somme, que vous soyez sportif ou simplement en qu\u00eate de s\u00e9r\u00e9nit\u00e9, le Mercantour est un lieu d\u2019exception. Ce parc vous invite \u00e0 prendre de l\u2019altitude et \u00e0 profiter pleinement de la beaut\u00e9 brute de la nature. Enfin, apr\u00e8s une journ\u00e9e d\u2019activit\u00e9s, vous pourrez d\u00e9couvrir les charmants villages alentours, o\u00f9 l\u2019histoire et la culture montagnarde se m\u00ealent harmonieusement.<\/p>\n\n\n\n<div style=\"height:40px\" aria-hidden=\"true\" class=\"wp-block-spacer\"><\/div>\n\n\n\n<figure class=\"wp-block-gallery has-nested-images columns-default is-cropped wp-block-gallery-1 is-layout-flex wp-block-gallery-is-layout-flex\">\n<figure data-wp-context=\"{&quot;uploadedSrc&quot;:&quot;https:\\\/\\\/sudsejour.fr\\\/wp-content\\\/uploads\\\/2024\\\/11\\\/istockphoto-506796422-612x612-1.jpg&quot;,&quot;figureClassNames&quot;:&quot;wp-block-image size-large&quot;,&quot;figureStyles&quot;:null,&quot;imgClassNames&quot;:&quot;wp-image-693&quot;,&quot;imgStyles&quot;:null,&quot;targetWidth&quot;:612,&quot;targetHeight&quot;:408,&quot;scaleAttr&quot;:false,&quot;ariaLabel&quot;:&quot;Enlarge image&quot;,&quot;alt&quot;:&quot;&quot;}\" data-wp-interactive=\"core\/image\" class=\"wp-block-image size-large wp-lightbox-container\"><img loading=\"lazy\" decoding=\"async\" width=\"612\" height=\"408\" data-wp-init=\"callbacks.setButtonStyles\" data-wp-on-async--click=\"actions.showLightbox\" data-wp-on-async--load=\"callbacks.setButtonStyles\" data-wp-on-async-window--resize=\"callbacks.setButtonStyles\" data-id=\"693\" src=\"https:\/\/sudsejour.fr\/wp-content\/uploads\/2024\/11\/istockphoto-506796422-612x612-1.jpg\" alt=\"\" class=\"wp-image-693\" srcset=\"https:\/\/sudsejour.fr\/wp-content\/uploads\/2024\/11\/istockphoto-506796422-612x612-1.jpg 612w, https:\/\/sudsejour.fr\/wp-content\/uploads\/2024\/11\/istockphoto-506796422-612x612-1-300x200.jpg 300w, https:\/\/sudsejour.fr\/wp-content\/uploads\/2024\/11\/istockphoto-506796422-612x612-1-360x240.jpg 360w\" sizes=\"(max-width: 612px) 100vw, 612px\" \/><button\n\t\t\tclass=\"lightbox-trigger\"\n\t\t\ttype=\"button\"\n\t\t\taria-haspopup=\"dialog\"\n\t\t\taria-label=\"Enlarge image\"\n\t\t\tdata-wp-init=\"callbacks.initTriggerButton\"\n\t\t\tdata-wp-on-async--click=\"actions.showLightbox\"\n\t\t\tdata-wp-style--right=\"context.imageButtonRight\"\n\t\t\tdata-wp-style--top=\"context.imageButtonTop\"\n\t\t>\n\t\t\t<svg xmlns=\"http:\/\/www.w3.org\/2000\/svg\" width=\"12\" height=\"12\" fill=\"none\" viewbox=\"0 0 12 12\">\n\t\t\t\t<path fill=\"#fff\" d=\"M2 0a2 2 0 0 0-2 2v2h1.5V2a.5.5 0 0 1 .5-.5h2V0H2Zm2 10.5H2a.5.5 0 0 1-.5-.5V8H0v2a2 2 0 0 0 2 2h2v-1.5ZM8 12v-1.5h2a.5.5 0 0 0 .5-.5V8H12v2a2 2 0 0 1-2 2H8Zm2-12a2 2 0 0 1 2 2v2h-1.5V2a.5.5 0 0 0-.5-.5H8V0h2Z\" \/>\n\t\t\t<\/svg>\n\t\t<\/button><\/figure>\n\n\n\n<figure data-wp-context=\"{&quot;uploadedSrc&quot;:&quot;https:\\\/\\\/sudsejour.fr\\\/wp-content\\\/uploads\\\/2024\\\/11\\\/istockphoto-851695080-612x612-1.jpg&quot;,&quot;figureClassNames&quot;:&quot;wp-block-image size-large&quot;,&quot;figureStyles&quot;:null,&quot;imgClassNames&quot;:&quot;wp-image-694&quot;,&quot;imgStyles&quot;:null,&quot;targetWidth&quot;:612,&quot;targetHeight&quot;:344,&quot;scaleAttr&quot;:false,&quot;ariaLabel&quot;:&quot;Enlarge image&quot;,&quot;alt&quot;:&quot;&quot;}\" data-wp-interactive=\"core\/image\" class=\"wp-block-image size-large wp-lightbox-container\"><img loading=\"lazy\" decoding=\"async\" width=\"612\" height=\"344\" data-wp-init=\"callbacks.setButtonStyles\" data-wp-on-async--click=\"actions.showLightbox\" data-wp-on-async--load=\"callbacks.setButtonStyles\" data-wp-on-async-window--resize=\"callbacks.setButtonStyles\" data-id=\"694\" src=\"https:\/\/sudsejour.fr\/wp-content\/uploads\/2024\/11\/istockphoto-851695080-612x612-1.jpg\" alt=\"\" class=\"wp-image-694\" srcset=\"https:\/\/sudsejour.fr\/wp-content\/uploads\/2024\/11\/istockphoto-851695080-612x612-1.jpg 612w, https:\/\/sudsejour.fr\/wp-content\/uploads\/2024\/11\/istockphoto-851695080-612x612-1-300x169.jpg 300w\" sizes=\"(max-width: 612px) 100vw, 612px\" \/><button\n\t\t\tclass=\"lightbox-trigger\"\n\t\t\ttype=\"button\"\n\t\t\taria-haspopup=\"dialog\"\n\t\t\taria-label=\"Enlarge image\"\n\t\t\tdata-wp-init=\"callbacks.initTriggerButton\"\n\t\t\tdata-wp-on-async--click=\"actions.showLightbox\"\n\t\t\tdata-wp-style--right=\"context.imageButtonRight\"\n\t\t\tdata-wp-style--top=\"context.imageButtonTop\"\n\t\t>\n\t\t\t<svg xmlns=\"http:\/\/www.w3.org\/2000\/svg\" width=\"12\" height=\"12\" fill=\"none\" viewbox=\"0 0 12 12\">\n\t\t\t\t<path fill=\"#fff\" d=\"M2 0a2 2 0 0 0-2 2v2h1.5V2a.5.5 0 0 1 .5-.5h2V0H2Zm2 10.5H2a.5.5 0 0 1-.5-.5V8H0v2a2 2 0 0 0 2 2h2v-1.5ZM8 12v-1.5h2a.5.5 0 0 0 .5-.5V8H12v2a2 2 0 0 1-2 2H8Zm2-12a2 2 0 0 1 2 2v2h-1.5V2a.5.5 0 0 0-.5-.5H8V0h2Z\" \/>\n\t\t\t<\/svg>\n\t\t<\/button><\/figure>\n\n\n\n<figure data-wp-context=\"{&quot;uploadedSrc&quot;:&quot;https:\\\/\\\/sudsejour.fr\\\/wp-content\\\/uploads\\\/2024\\\/11\\\/istockphoto-901916848-612x612-1.jpg&quot;,&quot;figureClassNames&quot;:&quot;wp-block-image size-large&quot;,&quot;figureStyles&quot;:null,&quot;imgClassNames&quot;:&quot;wp-image-695&quot;,&quot;imgStyles&quot;:null,&quot;targetWidth&quot;:612,&quot;targetHeight&quot;:459,&quot;scaleAttr&quot;:false,&quot;ariaLabel&quot;:&quot;Enlarge image&quot;,&quot;alt&quot;:&quot;&quot;}\" data-wp-interactive=\"core\/image\" class=\"wp-block-image size-large wp-lightbox-container\"><img loading=\"lazy\" decoding=\"async\" width=\"612\" height=\"459\" data-wp-init=\"callbacks.setButtonStyles\" data-wp-on-async--click=\"actions.showLightbox\" data-wp-on-async--load=\"callbacks.setButtonStyles\" data-wp-on-async-window--resize=\"callbacks.setButtonStyles\" data-id=\"695\" src=\"https:\/\/sudsejour.fr\/wp-content\/uploads\/2024\/11\/istockphoto-901916848-612x612-1.jpg\" alt=\"\" class=\"wp-image-695\" srcset=\"https:\/\/sudsejour.fr\/wp-content\/uploads\/2024\/11\/istockphoto-901916848-612x612-1.jpg 612w, https:\/\/sudsejour.fr\/wp-content\/uploads\/2024\/11\/istockphoto-901916848-612x612-1-300x225.jpg 300w\" sizes=\"(max-width: 612px) 100vw, 612px\" \/><button\n\t\t\tclass=\"lightbox-trigger\"\n\t\t\ttype=\"button\"\n\t\t\taria-haspopup=\"dialog\"\n\t\t\taria-label=\"Enlarge image\"\n\t\t\tdata-wp-init=\"callbacks.initTriggerButton\"\n\t\t\tdata-wp-on-async--click=\"actions.showLightbox\"\n\t\t\tdata-wp-style--right=\"context.imageButtonRight\"\n\t\t\tdata-wp-style--top=\"context.imageButtonTop\"\n\t\t>\n\t\t\t<svg xmlns=\"http:\/\/www.w3.org\/2000\/svg\" width=\"12\" height=\"12\" fill=\"none\" viewbox=\"0 0 12 12\">\n\t\t\t\t<path fill=\"#fff\" d=\"M2 0a2 2 0 0 0-2 2v2h1.5V2a.5.5 0 0 1 .5-.5h2V0H2Zm2 10.5H2a.5.5 0 0 1-.5-.5V8H0v2a2 2 0 0 0 2 2h2v-1.5ZM8 12v-1.5h2a.5.5 0 0 0 .5-.5V8H12v2a2 2 0 0 1-2 2H8Zm2-12a2 2 0 0 1 2 2v2h-1.5V2a.5.5 0 0 0-.5-.5H8V0h2Z\" \/>\n\t\t\t<\/svg>\n\t\t<\/button><\/figure>\n\n\n\n<figure data-wp-context=\"{&quot;uploadedSrc&quot;:&quot;https:\\\/\\\/sudsejour.fr\\\/wp-content\\\/uploads\\\/2024\\\/11\\\/istockphoto-1272752621-612x612-1.jpg&quot;,&quot;figureClassNames&quot;:&quot;wp-block-image size-large&quot;,&quot;figureStyles&quot;:null,&quot;imgClassNames&quot;:&quot;wp-image-696&quot;,&quot;imgStyles&quot;:null,&quot;targetWidth&quot;:612,&quot;targetHeight&quot;:408,&quot;scaleAttr&quot;:false,&quot;ariaLabel&quot;:&quot;Enlarge image&quot;,&quot;alt&quot;:&quot;&quot;}\" data-wp-interactive=\"core\/image\" class=\"wp-block-image size-large wp-lightbox-container\"><img loading=\"lazy\" decoding=\"async\" width=\"612\" height=\"408\" data-wp-init=\"callbacks.setButtonStyles\" data-wp-on-async--click=\"actions.showLightbox\" data-wp-on-async--load=\"callbacks.setButtonStyles\" data-wp-on-async-window--resize=\"callbacks.setButtonStyles\" data-id=\"696\" src=\"https:\/\/sudsejour.fr\/wp-content\/uploads\/2024\/11\/istockphoto-1272752621-612x612-1.jpg\" alt=\"\" class=\"wp-image-696\" srcset=\"https:\/\/sudsejour.fr\/wp-content\/uploads\/2024\/11\/istockphoto-1272752621-612x612-1.jpg 612w, https:\/\/sudsejour.fr\/wp-content\/uploads\/2024\/11\/istockphoto-1272752621-612x612-1-300x200.jpg 300w, https:\/\/sudsejour.fr\/wp-content\/uploads\/2024\/11\/istockphoto-1272752621-612x612-1-360x240.jpg 360w\" sizes=\"(max-width: 612px) 100vw, 612px\" \/><button\n\t\t\tclass=\"lightbox-trigger\"\n\t\t\ttype=\"button\"\n\t\t\taria-haspopup=\"dialog\"\n\t\t\taria-label=\"Enlarge image\"\n\t\t\tdata-wp-init=\"callbacks.initTriggerButton\"\n\t\t\tdata-wp-on-async--click=\"actions.showLightbox\"\n\t\t\tdata-wp-style--right=\"context.imageButtonRight\"\n\t\t\tdata-wp-style--top=\"context.imageButtonTop\"\n\t\t>\n\t\t\t<svg xmlns=\"http:\/\/www.w3.org\/2000\/svg\" width=\"12\" height=\"12\" fill=\"none\" viewbox=\"0 0 12 12\">\n\t\t\t\t<path fill=\"#fff\" d=\"M2 0a2 2 0 0 0-2 2v2h1.5V2a.5.5 0 0 1 .5-.5h2V0H2Zm2 10.5H2a.5.5 0 0 1-.5-.5V8H0v2a2 2 0 0 0 2 2h2v-1.5ZM8 12v-1.5h2a.5.5 0 0 0 .5-.5V8H12v2a2 2 0 0 1-2 2H8Zm2-12a2 2 0 0 1 2 2v2h-1.5V2a.5.5 0 0 0-.5-.5H8V0h2Z\" \/>\n\t\t\t<\/svg>\n\t\t<\/button><\/figure>\n\n\n\n<figure class=\"wp-block-image size-large\"><a href=\"https:\/\/www.mercantour-parcnational.fr\/fr\"><img loading=\"lazy\" decoding=\"async\" width=\"612\" height=\"408\" data-id=\"697\" src=\"https:\/\/sudsejour.fr\/wp-content\/uploads\/2024\/11\/istockphoto-1482781063-612x612-1.jpg\" alt=\"\" class=\"wp-image-697\" srcset=\"https:\/\/sudsejour.fr\/wp-content\/uploads\/2024\/11\/istockphoto-1482781063-612x612-1.jpg 612w, https:\/\/sudsejour.fr\/wp-content\/uploads\/2024\/11\/istockphoto-1482781063-612x612-1-300x200.jpg 300w, https:\/\/sudsejour.fr\/wp-content\/uploads\/2024\/11\/istockphoto-1482781063-612x612-1-360x240.jpg 360w\" sizes=\"(max-width: 612px) 100vw, 612px\" \/><\/a><\/figure>\n<\/figure>\n\n\n\n<div style=\"height:100px\" aria-hidden=\"true\" class=\"wp-block-spacer\"><\/div>\n\n\n\n<p><\/p>","protected":false},"excerpt":{"rendered":"<p>Dans ce magnifique Parc National du Mercantour, vous aurez l&rsquo;occasion de croiser des amoureux de la montagne et des sports de haute montagne ! Dans ce magnifique Parc National du Mercantour, vous aurez l\u2019occasion unique de croiser des passionn\u00e9s de montagne et de sports de haute montagne. Peu importe la [&hellip;]<\/p>","protected":false},"author":1,"featured_media":0,"parent":0,"menu_order":0,"comment_status":"closed","ping_status":"closed","template":"","meta":{"footnotes":""},"class_list":["post-692","page","type-page","status-publish","hentry"],"yoast_head":"<!-- This site is optimized with the Yoast SEO plugin v23.8 - https:\/\/yoast.com\/wordpress\/plugins\/seo\/ -->\n<title>Parc National du Mercantour - sudsejour<\/title>\n<meta name=\"description\" content=\"Dans ce magnifique Parc National du Mercantour, vous aurez l&#039;occasion de croiser des amoureux de la montagne et des sports de haute montagne !\" \/>\n<meta name=\"robots\" content=\"index, follow, max-snippet:-1, max-image-preview:large, max-video-preview:-1\" \/>\n<link rel=\"canonical\" href=\"https:\/\/sudsejour.fr\/en\/parc-national-du-mercantour-haute-montagne-altitude-sports\/\" \/>\n<meta property=\"og:locale\" content=\"en_US\" \/>\n<meta property=\"og:type\" content=\"article\" \/>\n<meta property=\"og:title\" content=\"Parc National du Mercantour - sudsejour\" \/>\n<meta property=\"og:description\" content=\"Dans ce magnifique Parc National du Mercantour, vous aurez l&#039;occasion de croiser des amoureux de la montagne et des sports de haute montagne !\" \/>\n<meta property=\"og:url\" content=\"https:\/\/sudsejour.fr\/en\/parc-national-du-mercantour-haute-montagne-altitude-sports\/\" \/>\n<meta property=\"og:site_name\" content=\"sudsejour\" \/>\n<meta property=\"article:modified_time\" content=\"2024-11-18T17:01:58+00:00\" \/>\n<meta property=\"og:image\" content=\"https:\/\/sudsejour.fr\/wp-content\/uploads\/2024\/11\/istockphoto-506796422-612x612-1.jpg\" \/>\n\t<meta property=\"og:image:width\" content=\"612\" \/>\n\t<meta property=\"og:image:height\" content=\"408\" \/>\n\t<meta property=\"og:image:type\" content=\"image\/jpeg\" \/>\n<meta name=\"twitter:card\" content=\"summary_large_image\" \/>\n<meta name=\"twitter:label1\" content=\"Est. reading time\" \/>\n\t<meta name=\"twitter:data1\" content=\"3 minutes\" \/>\n<script type=\"application\/ld+json\" class=\"yoast-schema-graph\">{\"@context\":\"https:\/\/schema.org\",\"@graph\":[{\"@type\":\"WebPage\",\"@id\":\"https:\/\/sudsejour.fr\/parc-national-du-mercantour-haute-montagne-altitude-sports\/\",\"url\":\"https:\/\/sudsejour.fr\/parc-national-du-mercantour-haute-montagne-altitude-sports\/\",\"name\":\"Parc National du Mercantour - sudsejour\",\"isPartOf\":{\"@id\":\"https:\/\/sudsejour.fr\/en\/#website\"},\"primaryImageOfPage\":{\"@id\":\"https:\/\/sudsejour.fr\/parc-national-du-mercantour-haute-montagne-altitude-sports\/#primaryimage\"},\"image\":{\"@id\":\"https:\/\/sudsejour.fr\/parc-national-du-mercantour-haute-montagne-altitude-sports\/#primaryimage\"},\"thumbnailUrl\":\"https:\/\/sudsejour.fr\/wp-content\/uploads\/2024\/11\/istockphoto-506796422-612x612-1.jpg\",\"datePublished\":\"2024-11-06T16:39:41+00:00\",\"dateModified\":\"2024-11-18T17:01:58+00:00\",\"description\":\"Dans ce magnifique Parc National du Mercantour, vous aurez l'occasion de croiser des amoureux de la montagne et des sports de haute montagne !\",\"breadcrumb\":{\"@id\":\"https:\/\/sudsejour.fr\/parc-national-du-mercantour-haute-montagne-altitude-sports\/#breadcrumb\"},\"inLanguage\":\"en-US\",\"potentialAction\":[{\"@type\":\"ReadAction\",\"target\":[\"https:\/\/sudsejour.fr\/parc-national-du-mercantour-haute-montagne-altitude-sports\/\"]}]},{\"@type\":\"ImageObject\",\"inLanguage\":\"en-US\",\"@id\":\"https:\/\/sudsejour.fr\/parc-national-du-mercantour-haute-montagne-altitude-sports\/#primaryimage\",\"url\":\"https:\/\/sudsejour.fr\/wp-content\/uploads\/2024\/11\/istockphoto-506796422-612x612-1.jpg\",\"contentUrl\":\"https:\/\/sudsejour.fr\/wp-content\/uploads\/2024\/11\/istockphoto-506796422-612x612-1.jpg\"},{\"@type\":\"BreadcrumbList\",\"@id\":\"https:\/\/sudsejour.fr\/parc-national-du-mercantour-haute-montagne-altitude-sports\/#breadcrumb\",\"itemListElement\":[{\"@type\":\"ListItem\",\"position\":1,\"name\":\"Accueil\",\"item\":\"https:\/\/sudsejour.fr\/en\/\"},{\"@type\":\"ListItem\",\"position\":2,\"name\":\"Parc National du Mercantour\"}]},{\"@type\":\"WebSite\",\"@id\":\"https:\/\/sudsejour.fr\/en\/#website\",\"url\":\"https:\/\/sudsejour.fr\/en\/\",\"name\":\"sudsejour\",\"description\":\"Explorez, r\u00eavez, s\u00e9journez !\",\"publisher\":{\"@id\":\"https:\/\/sudsejour.fr\/en\/#organization\"},\"potentialAction\":[{\"@type\":\"SearchAction\",\"target\":{\"@type\":\"EntryPoint\",\"urlTemplate\":\"https:\/\/sudsejour.fr\/en\/?s={search_term_string}\"},\"query-input\":{\"@type\":\"PropertyValueSpecification\",\"valueRequired\":true,\"valueName\":\"search_term_string\"}}],\"inLanguage\":\"en-US\"},{\"@type\":\"Organization\",\"@id\":\"https:\/\/sudsejour.fr\/en\/#organization\",\"name\":\"sudsejour\",\"url\":\"https:\/\/sudsejour.fr\/en\/\",\"logo\":{\"@type\":\"ImageObject\",\"inLanguage\":\"en-US\",\"@id\":\"https:\/\/sudsejour.fr\/en\/#\/schema\/logo\/image\/\",\"url\":\"https:\/\/sudsejour.fr\/wp-content\/uploads\/2024\/10\/Capture-decran-2024-10-07-204732.jpg\",\"contentUrl\":\"https:\/\/sudsejour.fr\/wp-content\/uploads\/2024\/10\/Capture-decran-2024-10-07-204732.jpg\",\"width\":449,\"height\":437,\"caption\":\"sudsejour\"},\"image\":{\"@id\":\"https:\/\/sudsejour.fr\/en\/#\/schema\/logo\/image\/\"}}]}<\/script>\n<!-- \/ Yoast SEO plugin. -->","yoast_head_json":{"title":"Parc National du Mercantour - sudsejour","description":"Dans ce magnifique Parc National du Mercantour, vous aurez l'occasion de croiser des amoureux de la montagne et des sports de haute montagne !","robots":{"index":"index","follow":"follow","max-snippet":"max-snippet:-1","max-image-preview":"max-image-preview:large","max-video-preview":"max-video-preview:-1"},"canonical":"https:\/\/sudsejour.fr\/en\/parc-national-du-mercantour-haute-montagne-altitude-sports\/","og_locale":"en_US","og_type":"article","og_title":"Parc National du Mercantour - sudsejour","og_description":"Dans ce magnifique Parc National du Mercantour, vous aurez l'occasion de croiser des amoureux de la montagne et des sports de haute montagne !","og_url":"https:\/\/sudsejour.fr\/en\/parc-national-du-mercantour-haute-montagne-altitude-sports\/","og_site_name":"sudsejour","article_modified_time":"2024-11-18T17:01:58+00:00","og_image":[{"width":612,"height":408,"url":"https:\/\/sudsejour.fr\/wp-content\/uploads\/2024\/11\/istockphoto-506796422-612x612-1.jpg","type":"image\/jpeg"}],"twitter_card":"summary_large_image","twitter_misc":{"Est. reading time":"3 minutes"},"schema":{"@context":"https:\/\/schema.org","@graph":[{"@type":"WebPage","@id":"https:\/\/sudsejour.fr\/parc-national-du-mercantour-haute-montagne-altitude-sports\/","url":"https:\/\/sudsejour.fr\/parc-national-du-mercantour-haute-montagne-altitude-sports\/","name":"Parc National du Mercantour - sudsejour","isPartOf":{"@id":"https:\/\/sudsejour.fr\/en\/#website"},"primaryImageOfPage":{"@id":"https:\/\/sudsejour.fr\/parc-national-du-mercantour-haute-montagne-altitude-sports\/#primaryimage"},"image":{"@id":"https:\/\/sudsejour.fr\/parc-national-du-mercantour-haute-montagne-altitude-sports\/#primaryimage"},"thumbnailUrl":"https:\/\/sudsejour.fr\/wp-content\/uploads\/2024\/11\/istockphoto-506796422-612x612-1.jpg","datePublished":"2024-11-06T16:39:41+00:00","dateModified":"2024-11-18T17:01:58+00:00","description":"Dans ce magnifique Parc National du Mercantour, vous aurez l'occasion de croiser des amoureux de la montagne et des sports de haute montagne !","breadcrumb":{"@id":"https:\/\/sudsejour.fr\/parc-national-du-mercantour-haute-montagne-altitude-sports\/#breadcrumb"},"inLanguage":"en-US","potentialAction":[{"@type":"ReadAction","target":["https:\/\/sudsejour.fr\/parc-national-du-mercantour-haute-montagne-altitude-sports\/"]}]},{"@type":"ImageObject","inLanguage":"en-US","@id":"https:\/\/sudsejour.fr\/parc-national-du-mercantour-haute-montagne-altitude-sports\/#primaryimage","url":"https:\/\/sudsejour.fr\/wp-content\/uploads\/2024\/11\/istockphoto-506796422-612x612-1.jpg","contentUrl":"https:\/\/sudsejour.fr\/wp-content\/uploads\/2024\/11\/istockphoto-506796422-612x612-1.jpg"},{"@type":"BreadcrumbList","@id":"https:\/\/sudsejour.fr\/parc-national-du-mercantour-haute-montagne-altitude-sports\/#breadcrumb","itemListElement":[{"@type":"ListItem","position":1,"name":"Accueil","item":"https:\/\/sudsejour.fr\/en\/"},{"@type":"ListItem","position":2,"name":"Parc National du Mercantour"}]},{"@type":"WebSite","@id":"https:\/\/sudsejour.fr\/en\/#website","url":"https:\/\/sudsejour.fr\/en\/","name":"sudsejour","description":"Explorez, r\u00eavez, s\u00e9journez !","publisher":{"@id":"https:\/\/sudsejour.fr\/en\/#organization"},"potentialAction":[{"@type":"SearchAction","target":{"@type":"EntryPoint","urlTemplate":"https:\/\/sudsejour.fr\/en\/?s={search_term_string}"},"query-input":{"@type":"PropertyValueSpecification","valueRequired":true,"valueName":"search_term_string"}}],"inLanguage":"en-US"},{"@type":"Organization","@id":"https:\/\/sudsejour.fr\/en\/#organization","name":"sudsejour","url":"https:\/\/sudsejour.fr\/en\/","logo":{"@type":"ImageObject","inLanguage":"en-US","@id":"https:\/\/sudsejour.fr\/en\/#\/schema\/logo\/image\/","url":"https:\/\/sudsejour.fr\/wp-content\/uploads\/2024\/10\/Capture-decran-2024-10-07-204732.jpg","contentUrl":"https:\/\/sudsejour.fr\/wp-content\/uploads\/2024\/10\/Capture-decran-2024-10-07-204732.jpg","width":449,"height":437,"caption":"sudsejour"},"image":{"@id":"https:\/\/sudsejour.fr\/en\/#\/schema\/logo\/image\/"}}]}},"_links":{"self":[{"href":"https:\/\/sudsejour.fr\/en\/wp-json\/wp\/v2\/pages\/692"}],"collection":[{"href":"https:\/\/sudsejour.fr\/en\/wp-json\/wp\/v2\/pages"}],"about":[{"href":"https:\/\/sudsejour.fr\/en\/wp-json\/wp\/v2\/types\/page"}],"author":[{"embeddable":true,"href":"https:\/\/sudsejour.fr\/en\/wp-json\/wp\/v2\/users\/1"}],"replies":[{"embeddable":true,"href":"https:\/\/sudsejour.fr\/en\/wp-json\/wp\/v2\/comments?post=692"}],"version-history":[{"count":8,"href":"https:\/\/sudsejour.fr\/en\/wp-json\/wp\/v2\/pages\/692\/revisions"}],"predecessor-version":[{"id":923,"href":"https:\/\/sudsejour.fr\/en\/wp-json\/wp\/v2\/pages\/692\/revisions\/923"}],"wp:attachment":[{"href":"https:\/\/sudsejour.fr\/en\/wp-json\/wp\/v2\/media?parent=692"}],"curies":[{"name":"wp","href":"https:\/\/api.w.org\/{rel}","templated":true}]}}