{"id":704,"date":"2024-11-08T08:20:09","date_gmt":"2024-11-08T08:20:09","guid":{"rendered":"https:\/\/sudsejour.fr\/?page_id=704"},"modified":"2024-11-19T18:21:07","modified_gmt":"2024-11-19T18:21:07","slug":"le-pan-bagnat","status":"publish","type":"page","link":"https:\/\/sudsejour.fr\/en\/le-pan-bagnat\/","title":{"rendered":"Le Pan Bagnat"},"content":{"rendered":"<p class=\"has-text-align-center\">Le pan bagnat (pain mouill\u00e9) est un sandwich typique ni\u00e7ois, compos\u00e9 de salade et de crudit\u00e9s. Souvent aussi surnomm\u00e9 le \u00ab\u00a0plat du pauvre\u00a0\u00bb, cette recette n&rsquo;est rien d&rsquo;autre qu&rsquo;une salade ni\u00e7oise dont on a incorpor\u00e9 des morceaux de pain rassis et ayant \u00e9volu\u00e9 avec le temps pour devenir un des plats phares de la ville. Ce plat traditionnel est pr\u00e9par\u00e9 avec des ingr\u00e9dients simples mais savoureux. Le pain rassis est imbib\u00e9 d&rsquo;huile d&rsquo;olive, ce qui lui donne une texture moelleuse et savoureuse. Les l\u00e9gumes frais, tels que les tomates, les poivrons et les concombres, sont ajout\u00e9s, apportant fra\u00eecheur et croquant. Des olives noires, souvent de Nice, viendront compl\u00e9ter le tout. L\u2019\u0153uf dur, les anchois et le thon en bo\u00eete, tous deux typiques de la recette, y seront \u00e9galement int\u00e9gr\u00e9s. Chaque ingr\u00e9dient est soigneusement dispos\u00e9, cr\u00e9ant un m\u00e9lange de saveurs m\u00e9diterran\u00e9ennes.<\/p>\n\n\n\n<p class=\"has-text-align-center\">Le pan bagnat est g\u00e9n\u00e9ralement pr\u00e9par\u00e9 avec du pain de campagne, l\u00e9g\u00e8rement \u00e9cras\u00e9 pour bien absorber les ar\u00f4mes. Il est ensuite emball\u00e9 dans un film plastique et laiss\u00e9 reposer pendant quelques heures, permettant aux saveurs de se m\u00e9langer et au pain de s&rsquo;impr\u00e9gner des jus de la salade. Ce sandwich est donc une v\u00e9ritable explosion de saveurs, \u00e9quilibr\u00e9e entre l\u2019acidit\u00e9 de la tomate, la douceur de l\u2019huile d\u2019olive et le go\u00fbt sal\u00e9 des anchois.<\/p>\n\n\n\n<p class=\"has-text-align-center\">Traditionnellement, ce plat \u00e9tait consomm\u00e9 par les ouvriers ni\u00e7ois, en raison de sa simplicit\u00e9 et de son faible co\u00fbt. Aujourd\u2019hui, il est servi dans de nombreux restaurants et march\u00e9s locaux. Le pan bagnat incarne parfaitement l\u2019authenticit\u00e9 de la cuisine ni\u00e7oise et reste un incontournable de la gastronomie locale.<\/p>\n\n\n\n<div style=\"height:100px\" aria-hidden=\"true\" class=\"wp-block-spacer\"><\/div>\n\n\n\n<figure class=\"wp-block-gallery has-nested-images columns-default is-cropped wp-block-gallery-1 is-layout-flex wp-block-gallery-is-layout-flex\">\n<figure class=\"wp-block-image size-large\"><img loading=\"lazy\" decoding=\"async\" width=\"612\" height=\"408\" data-id=\"571\" src=\"https:\/\/sudsejour.fr\/wp-content\/uploads\/2024\/10\/istockphoto-619637254-612x612-1.jpg\" alt=\"\" class=\"wp-image-571\" srcset=\"https:\/\/sudsejour.fr\/wp-content\/uploads\/2024\/10\/istockphoto-619637254-612x612-1.jpg 612w, https:\/\/sudsejour.fr\/wp-content\/uploads\/2024\/10\/istockphoto-619637254-612x612-1-300x200.jpg 300w, https:\/\/sudsejour.fr\/wp-content\/uploads\/2024\/10\/istockphoto-619637254-612x612-1-360x240.jpg 360w\" sizes=\"(max-width: 612px) 100vw, 612px\" \/><\/figure>\n<\/figure>","protected":false},"excerpt":{"rendered":"<p>Le pan bagnat (pain mouill\u00e9) est un sandwich typique ni\u00e7ois, compos\u00e9 de salade et de crudit\u00e9s. Souvent aussi surnomm\u00e9 le \u00ab\u00a0plat du pauvre\u00a0\u00bb, cette recette n&rsquo;est rien d&rsquo;autre qu&rsquo;une salade ni\u00e7oise dont on a incorpor\u00e9 des morceaux de pain rassis et ayant \u00e9volu\u00e9 avec le temps pour devenir un des [&hellip;]<\/p>","protected":false},"author":1,"featured_media":0,"parent":0,"menu_order":0,"comment_status":"closed","ping_status":"closed","template":"","meta":{"footnotes":""},"class_list":["post-704","page","type-page","status-publish","hentry"],"yoast_head":"<!-- This site is optimized with the Yoast SEO plugin v23.8 - https:\/\/yoast.com\/wordpress\/plugins\/seo\/ -->\n<title>Le Pan Bagnat - sudsejour<\/title>\n<meta name=\"description\" content=\"Le pan bagnat (pain mouill\u00e9) est un sandwich typique ni\u00e7ois, compos\u00e9 de salade et de crudit\u00e9s. Souvent aussi surnomm\u00e9 le &quot;plat du pauvre&quot;.\" \/>\n<meta name=\"robots\" content=\"index, follow, max-snippet:-1, max-image-preview:large, max-video-preview:-1\" \/>\n<link rel=\"canonical\" href=\"https:\/\/sudsejour.fr\/en\/le-pan-bagnat\/\" \/>\n<meta property=\"og:locale\" content=\"en_US\" \/>\n<meta property=\"og:type\" content=\"article\" \/>\n<meta property=\"og:title\" content=\"Le Pan Bagnat - sudsejour\" \/>\n<meta property=\"og:description\" content=\"Le pan bagnat (pain mouill\u00e9) est un sandwich typique ni\u00e7ois, compos\u00e9 de salade et de crudit\u00e9s. Souvent aussi surnomm\u00e9 le &quot;plat du pauvre&quot;.\" \/>\n<meta property=\"og:url\" content=\"https:\/\/sudsejour.fr\/en\/le-pan-bagnat\/\" \/>\n<meta property=\"og:site_name\" content=\"sudsejour\" \/>\n<meta property=\"article:modified_time\" content=\"2024-11-19T18:21:07+00:00\" \/>\n<meta property=\"og:image\" content=\"https:\/\/sudsejour.fr\/wp-content\/uploads\/2024\/10\/istockphoto-619637254-612x612-1.jpg\" \/>\n\t<meta property=\"og:image:width\" content=\"612\" \/>\n\t<meta property=\"og:image:height\" content=\"408\" \/>\n\t<meta property=\"og:image:type\" content=\"image\/jpeg\" \/>\n<meta name=\"twitter:card\" content=\"summary_large_image\" \/>\n<meta name=\"twitter:label1\" content=\"Est. reading time\" \/>\n\t<meta name=\"twitter:data1\" content=\"2 minutes\" \/>\n<script type=\"application\/ld+json\" class=\"yoast-schema-graph\">{\"@context\":\"https:\/\/schema.org\",\"@graph\":[{\"@type\":\"WebPage\",\"@id\":\"https:\/\/sudsejour.fr\/le-pan-bagnat\/\",\"url\":\"https:\/\/sudsejour.fr\/le-pan-bagnat\/\",\"name\":\"Le Pan Bagnat - sudsejour\",\"isPartOf\":{\"@id\":\"https:\/\/sudsejour.fr\/en\/#website\"},\"primaryImageOfPage\":{\"@id\":\"https:\/\/sudsejour.fr\/le-pan-bagnat\/#primaryimage\"},\"image\":{\"@id\":\"https:\/\/sudsejour.fr\/le-pan-bagnat\/#primaryimage\"},\"thumbnailUrl\":\"https:\/\/sudsejour.fr\/wp-content\/uploads\/2024\/10\/istockphoto-619637254-612x612-1.jpg\",\"datePublished\":\"2024-11-08T08:20:09+00:00\",\"dateModified\":\"2024-11-19T18:21:07+00:00\",\"description\":\"Le pan bagnat (pain mouill\u00e9) est un sandwich typique ni\u00e7ois, compos\u00e9 de salade et de crudit\u00e9s. Souvent aussi surnomm\u00e9 le \\\"plat du pauvre\\\".\",\"breadcrumb\":{\"@id\":\"https:\/\/sudsejour.fr\/le-pan-bagnat\/#breadcrumb\"},\"inLanguage\":\"en-US\",\"potentialAction\":[{\"@type\":\"ReadAction\",\"target\":[\"https:\/\/sudsejour.fr\/le-pan-bagnat\/\"]}]},{\"@type\":\"ImageObject\",\"inLanguage\":\"en-US\",\"@id\":\"https:\/\/sudsejour.fr\/le-pan-bagnat\/#primaryimage\",\"url\":\"https:\/\/sudsejour.fr\/wp-content\/uploads\/2024\/10\/istockphoto-619637254-612x612-1.jpg\",\"contentUrl\":\"https:\/\/sudsejour.fr\/wp-content\/uploads\/2024\/10\/istockphoto-619637254-612x612-1.jpg\"},{\"@type\":\"BreadcrumbList\",\"@id\":\"https:\/\/sudsejour.fr\/le-pan-bagnat\/#breadcrumb\",\"itemListElement\":[{\"@type\":\"ListItem\",\"position\":1,\"name\":\"Accueil\",\"item\":\"https:\/\/sudsejour.fr\/en\/\"},{\"@type\":\"ListItem\",\"position\":2,\"name\":\"Le Pan Bagnat\"}]},{\"@type\":\"WebSite\",\"@id\":\"https:\/\/sudsejour.fr\/en\/#website\",\"url\":\"https:\/\/sudsejour.fr\/en\/\",\"name\":\"sudsejour\",\"description\":\"Explorez, r\u00eavez, s\u00e9journez !\",\"publisher\":{\"@id\":\"https:\/\/sudsejour.fr\/en\/#organization\"},\"potentialAction\":[{\"@type\":\"SearchAction\",\"target\":{\"@type\":\"EntryPoint\",\"urlTemplate\":\"https:\/\/sudsejour.fr\/en\/?s={search_term_string}\"},\"query-input\":{\"@type\":\"PropertyValueSpecification\",\"valueRequired\":true,\"valueName\":\"search_term_string\"}}],\"inLanguage\":\"en-US\"},{\"@type\":\"Organization\",\"@id\":\"https:\/\/sudsejour.fr\/en\/#organization\",\"name\":\"sudsejour\",\"url\":\"https:\/\/sudsejour.fr\/en\/\",\"logo\":{\"@type\":\"ImageObject\",\"inLanguage\":\"en-US\",\"@id\":\"https:\/\/sudsejour.fr\/en\/#\/schema\/logo\/image\/\",\"url\":\"https:\/\/sudsejour.fr\/wp-content\/uploads\/2024\/10\/Capture-decran-2024-10-07-204732.jpg\",\"contentUrl\":\"https:\/\/sudsejour.fr\/wp-content\/uploads\/2024\/10\/Capture-decran-2024-10-07-204732.jpg\",\"width\":449,\"height\":437,\"caption\":\"sudsejour\"},\"image\":{\"@id\":\"https:\/\/sudsejour.fr\/en\/#\/schema\/logo\/image\/\"}}]}<\/script>\n<!-- \/ Yoast SEO plugin. -->","yoast_head_json":{"title":"Le Pan Bagnat - sudsejour","description":"Le pan bagnat (pain mouill\u00e9) est un sandwich typique ni\u00e7ois, compos\u00e9 de salade et de crudit\u00e9s. Souvent aussi surnomm\u00e9 le \"plat du pauvre\".","robots":{"index":"index","follow":"follow","max-snippet":"max-snippet:-1","max-image-preview":"max-image-preview:large","max-video-preview":"max-video-preview:-1"},"canonical":"https:\/\/sudsejour.fr\/en\/le-pan-bagnat\/","og_locale":"en_US","og_type":"article","og_title":"Le Pan Bagnat - sudsejour","og_description":"Le pan bagnat (pain mouill\u00e9) est un sandwich typique ni\u00e7ois, compos\u00e9 de salade et de crudit\u00e9s. Souvent aussi surnomm\u00e9 le \"plat du pauvre\".","og_url":"https:\/\/sudsejour.fr\/en\/le-pan-bagnat\/","og_site_name":"sudsejour","article_modified_time":"2024-11-19T18:21:07+00:00","og_image":[{"width":612,"height":408,"url":"https:\/\/sudsejour.fr\/wp-content\/uploads\/2024\/10\/istockphoto-619637254-612x612-1.jpg","type":"image\/jpeg"}],"twitter_card":"summary_large_image","twitter_misc":{"Est. reading time":"2 minutes"},"schema":{"@context":"https:\/\/schema.org","@graph":[{"@type":"WebPage","@id":"https:\/\/sudsejour.fr\/le-pan-bagnat\/","url":"https:\/\/sudsejour.fr\/le-pan-bagnat\/","name":"Le Pan Bagnat - sudsejour","isPartOf":{"@id":"https:\/\/sudsejour.fr\/en\/#website"},"primaryImageOfPage":{"@id":"https:\/\/sudsejour.fr\/le-pan-bagnat\/#primaryimage"},"image":{"@id":"https:\/\/sudsejour.fr\/le-pan-bagnat\/#primaryimage"},"thumbnailUrl":"https:\/\/sudsejour.fr\/wp-content\/uploads\/2024\/10\/istockphoto-619637254-612x612-1.jpg","datePublished":"2024-11-08T08:20:09+00:00","dateModified":"2024-11-19T18:21:07+00:00","description":"Le pan bagnat (pain mouill\u00e9) est un sandwich typique ni\u00e7ois, compos\u00e9 de salade et de crudit\u00e9s. Souvent aussi surnomm\u00e9 le \"plat du pauvre\".","breadcrumb":{"@id":"https:\/\/sudsejour.fr\/le-pan-bagnat\/#breadcrumb"},"inLanguage":"en-US","potentialAction":[{"@type":"ReadAction","target":["https:\/\/sudsejour.fr\/le-pan-bagnat\/"]}]},{"@type":"ImageObject","inLanguage":"en-US","@id":"https:\/\/sudsejour.fr\/le-pan-bagnat\/#primaryimage","url":"https:\/\/sudsejour.fr\/wp-content\/uploads\/2024\/10\/istockphoto-619637254-612x612-1.jpg","contentUrl":"https:\/\/sudsejour.fr\/wp-content\/uploads\/2024\/10\/istockphoto-619637254-612x612-1.jpg"},{"@type":"BreadcrumbList","@id":"https:\/\/sudsejour.fr\/le-pan-bagnat\/#breadcrumb","itemListElement":[{"@type":"ListItem","position":1,"name":"Accueil","item":"https:\/\/sudsejour.fr\/en\/"},{"@type":"ListItem","position":2,"name":"Le Pan Bagnat"}]},{"@type":"WebSite","@id":"https:\/\/sudsejour.fr\/en\/#website","url":"https:\/\/sudsejour.fr\/en\/","name":"sudsejour","description":"Explorez, r\u00eavez, s\u00e9journez !","publisher":{"@id":"https:\/\/sudsejour.fr\/en\/#organization"},"potentialAction":[{"@type":"SearchAction","target":{"@type":"EntryPoint","urlTemplate":"https:\/\/sudsejour.fr\/en\/?s={search_term_string}"},"query-input":{"@type":"PropertyValueSpecification","valueRequired":true,"valueName":"search_term_string"}}],"inLanguage":"en-US"},{"@type":"Organization","@id":"https:\/\/sudsejour.fr\/en\/#organization","name":"sudsejour","url":"https:\/\/sudsejour.fr\/en\/","logo":{"@type":"ImageObject","inLanguage":"en-US","@id":"https:\/\/sudsejour.fr\/en\/#\/schema\/logo\/image\/","url":"https:\/\/sudsejour.fr\/wp-content\/uploads\/2024\/10\/Capture-decran-2024-10-07-204732.jpg","contentUrl":"https:\/\/sudsejour.fr\/wp-content\/uploads\/2024\/10\/Capture-decran-2024-10-07-204732.jpg","width":449,"height":437,"caption":"sudsejour"},"image":{"@id":"https:\/\/sudsejour.fr\/en\/#\/schema\/logo\/image\/"}}]}},"_links":{"self":[{"href":"https:\/\/sudsejour.fr\/en\/wp-json\/wp\/v2\/pages\/704"}],"collection":[{"href":"https:\/\/sudsejour.fr\/en\/wp-json\/wp\/v2\/pages"}],"about":[{"href":"https:\/\/sudsejour.fr\/en\/wp-json\/wp\/v2\/types\/page"}],"author":[{"embeddable":true,"href":"https:\/\/sudsejour.fr\/en\/wp-json\/wp\/v2\/users\/1"}],"replies":[{"embeddable":true,"href":"https:\/\/sudsejour.fr\/en\/wp-json\/wp\/v2\/comments?post=704"}],"version-history":[{"count":3,"href":"https:\/\/sudsejour.fr\/en\/wp-json\/wp\/v2\/pages\/704\/revisions"}],"predecessor-version":[{"id":973,"href":"https:\/\/sudsejour.fr\/en\/wp-json\/wp\/v2\/pages\/704\/revisions\/973"}],"wp:attachment":[{"href":"https:\/\/sudsejour.fr\/en\/wp-json\/wp\/v2\/media?parent=704"}],"curies":[{"name":"wp","href":"https:\/\/api.w.org\/{rel}","templated":true}]}}