{"id":707,"date":"2024-11-08T08:32:36","date_gmt":"2024-11-08T08:32:36","guid":{"rendered":"https:\/\/sudsejour.fr\/?page_id=707"},"modified":"2024-11-18T17:23:32","modified_gmt":"2024-11-18T17:23:32","slug":"la-socca-specialite-tradition-pan-bagnat-nicois","status":"publish","type":"page","link":"https:\/\/sudsejour.fr\/en\/la-socca-specialite-tradition-pan-bagnat-nicois\/","title":{"rendered":"La Socca"},"content":{"rendered":"<p class=\"has-text-align-center\">La socca est une sp\u00e9cialit\u00e9 traditionnelle ni\u00e7oise \u00e0 base de pois chiche et d&rsquo;huile d&rsquo;olive. Pr\u00e9sent\u00e9e sous forme de grande cr\u00eape, elle est accompagn\u00e9e de pissaladi\u00e8re. La socca est une sp\u00e9cialit\u00e9 traditionnelle ni\u00e7oise \u00e0 base de pois chiche et d&rsquo;huile d&rsquo;olive. Pr\u00e9sent\u00e9e sous forme de grande cr\u00eape dor\u00e9e et croustillante, elle est un incontournable de la cuisine de rue \u00e0 Nice. Sa texture l\u00e9g\u00e8re et son go\u00fbt savoureux, l\u00e9g\u00e8rement poivr\u00e9, en font un plat simple mais d\u00e9licieux. Elle est g\u00e9n\u00e9ralement servie chaude, directement sortie du four, pour \u00eatre d\u00e9gust\u00e9e sur le pouce ou en entr\u00e9e.<\/p>\n\n\n\n<p class=\"has-text-align-center\">Accompagn\u00e9e de pissaladi\u00e8re, cette combinaison devient un v\u00e9ritable festin pour les sens. La pissaladi\u00e8re est une sorte de tarte garnie d&rsquo;oignons fondants, d&rsquo;anchois et d&rsquo;olives noires, typique de la r\u00e9gion ni\u00e7oise. Elle offre un go\u00fbt sucr\u00e9 sal\u00e9, l\u00e9g\u00e8rement cors\u00e9, qui se marie parfaitement avec la douceur de la socca. Ensemble, ces deux plats refl\u00e8tent l&rsquo;authenticit\u00e9 et la richesse des saveurs de la C\u00f4te d&rsquo;Azur.<\/p>\n\n\n\n<p class=\"has-text-align-center\">Les Ni\u00e7ois savourent souvent la socca et la pissaladi\u00e8re lors de repas informels, en famille ou entre amis. Ces mets sont \u00e9galement populaires lors des f\u00eates locales et des march\u00e9s en plein air. Que ce soit pour un d\u00e9jeuner rapide, un ap\u00e9ritif ou un d\u00eener l\u00e9ger, cette combinaison est toujours un succ\u00e8s.<\/p>\n\n\n\n<p class=\"has-text-align-center\">En plus de leur go\u00fbt unique, ces sp\u00e9cialit\u00e9s incarnent l&rsquo;esprit de Nice, avec ses produits simples, frais et de qualit\u00e9. Lorsque vous \u00eates \u00e0 Nice, ne manquez pas de go\u00fbter \u00e0 la socca et \u00e0 la pissaladi\u00e8re, pour d\u00e9couvrir la v\u00e9ritable cuisine ni\u00e7oise dans toute sa simplicit\u00e9 et sa g\u00e9n\u00e9rosit\u00e9.<\/p>\n\n\n\n<div style=\"height:100px\" aria-hidden=\"true\" class=\"wp-block-spacer\"><\/div>\n\n\n\n<figure class=\"wp-block-gallery has-nested-images columns-default is-cropped wp-block-gallery-1 is-layout-flex wp-block-gallery-is-layout-flex\">\n<figure class=\"wp-block-image size-large\"><img loading=\"lazy\" decoding=\"async\" width=\"612\" height=\"408\" data-id=\"713\" src=\"https:\/\/sudsejour.fr\/wp-content\/uploads\/2024\/11\/istockphoto-1390805938-612x612-2.jpg\" alt=\"\" class=\"wp-image-713\" srcset=\"https:\/\/sudsejour.fr\/wp-content\/uploads\/2024\/11\/istockphoto-1390805938-612x612-2.jpg 612w, https:\/\/sudsejour.fr\/wp-content\/uploads\/2024\/11\/istockphoto-1390805938-612x612-2-300x200.jpg 300w, https:\/\/sudsejour.fr\/wp-content\/uploads\/2024\/11\/istockphoto-1390805938-612x612-2-360x240.jpg 360w\" sizes=\"(max-width: 612px) 100vw, 612px\" \/><\/figure>\n<\/figure>","protected":false},"excerpt":{"rendered":"<p>La socca est une sp\u00e9cialit\u00e9 traditionnelle ni\u00e7oise \u00e0 base de pois chiche et d&rsquo;huile d&rsquo;olive. Pr\u00e9sent\u00e9e sous forme de grande cr\u00eape, elle est accompagn\u00e9e de pissaladi\u00e8re. La socca est une sp\u00e9cialit\u00e9 traditionnelle ni\u00e7oise \u00e0 base de pois chiche et d&rsquo;huile d&rsquo;olive. Pr\u00e9sent\u00e9e sous forme de grande cr\u00eape dor\u00e9e et croustillante, [&hellip;]<\/p>","protected":false},"author":1,"featured_media":0,"parent":0,"menu_order":0,"comment_status":"closed","ping_status":"closed","template":"","meta":{"footnotes":""},"class_list":["post-707","page","type-page","status-publish","hentry"],"yoast_head":"<!-- This site is optimized with the Yoast SEO plugin v23.8 - https:\/\/yoast.com\/wordpress\/plugins\/seo\/ -->\n<title>La Socca - sudsejour<\/title>\n<meta name=\"description\" content=\"La socca est une sp\u00e9cialit\u00e9 traditionnelle ni\u00e7oise pr\u00e9sent\u00e9e sous forme de grande cr\u00eape \u00e0 base de pois chiche et d&#039;huile d&#039;olive.\" \/>\n<meta name=\"robots\" content=\"index, follow, max-snippet:-1, max-image-preview:large, max-video-preview:-1\" \/>\n<link rel=\"canonical\" href=\"https:\/\/sudsejour.fr\/en\/la-socca-specialite-tradition-pan-bagnat-nicois\/\" \/>\n<meta property=\"og:locale\" content=\"en_US\" \/>\n<meta property=\"og:type\" content=\"article\" \/>\n<meta property=\"og:title\" content=\"La Socca - sudsejour\" \/>\n<meta property=\"og:description\" content=\"La socca est une sp\u00e9cialit\u00e9 traditionnelle ni\u00e7oise pr\u00e9sent\u00e9e sous forme de grande cr\u00eape \u00e0 base de pois chiche et d&#039;huile d&#039;olive.\" \/>\n<meta property=\"og:url\" content=\"https:\/\/sudsejour.fr\/en\/la-socca-specialite-tradition-pan-bagnat-nicois\/\" \/>\n<meta property=\"og:site_name\" content=\"sudsejour\" \/>\n<meta property=\"article:modified_time\" content=\"2024-11-18T17:23:32+00:00\" \/>\n<meta property=\"og:image\" content=\"https:\/\/sudsejour.fr\/wp-content\/uploads\/2024\/11\/istockphoto-1390805938-612x612-2.jpg\" \/>\n\t<meta property=\"og:image:width\" content=\"612\" \/>\n\t<meta property=\"og:image:height\" content=\"408\" \/>\n\t<meta property=\"og:image:type\" content=\"image\/jpeg\" \/>\n<meta name=\"twitter:card\" content=\"summary_large_image\" \/>\n<meta name=\"twitter:label1\" content=\"Est. reading time\" \/>\n\t<meta name=\"twitter:data1\" content=\"2 minutes\" \/>\n<script type=\"application\/ld+json\" class=\"yoast-schema-graph\">{\"@context\":\"https:\/\/schema.org\",\"@graph\":[{\"@type\":\"WebPage\",\"@id\":\"https:\/\/sudsejour.fr\/la-socca-specialite-tradition-pan-bagnat-nicois\/\",\"url\":\"https:\/\/sudsejour.fr\/la-socca-specialite-tradition-pan-bagnat-nicois\/\",\"name\":\"La Socca - sudsejour\",\"isPartOf\":{\"@id\":\"https:\/\/sudsejour.fr\/en\/#website\"},\"primaryImageOfPage\":{\"@id\":\"https:\/\/sudsejour.fr\/la-socca-specialite-tradition-pan-bagnat-nicois\/#primaryimage\"},\"image\":{\"@id\":\"https:\/\/sudsejour.fr\/la-socca-specialite-tradition-pan-bagnat-nicois\/#primaryimage\"},\"thumbnailUrl\":\"https:\/\/sudsejour.fr\/wp-content\/uploads\/2024\/11\/istockphoto-1390805938-612x612-2.jpg\",\"datePublished\":\"2024-11-08T08:32:36+00:00\",\"dateModified\":\"2024-11-18T17:23:32+00:00\",\"description\":\"La socca est une sp\u00e9cialit\u00e9 traditionnelle ni\u00e7oise pr\u00e9sent\u00e9e sous forme de grande cr\u00eape \u00e0 base de pois chiche et d'huile d'olive.\",\"breadcrumb\":{\"@id\":\"https:\/\/sudsejour.fr\/la-socca-specialite-tradition-pan-bagnat-nicois\/#breadcrumb\"},\"inLanguage\":\"en-US\",\"potentialAction\":[{\"@type\":\"ReadAction\",\"target\":[\"https:\/\/sudsejour.fr\/la-socca-specialite-tradition-pan-bagnat-nicois\/\"]}]},{\"@type\":\"ImageObject\",\"inLanguage\":\"en-US\",\"@id\":\"https:\/\/sudsejour.fr\/la-socca-specialite-tradition-pan-bagnat-nicois\/#primaryimage\",\"url\":\"https:\/\/sudsejour.fr\/wp-content\/uploads\/2024\/11\/istockphoto-1390805938-612x612-2.jpg\",\"contentUrl\":\"https:\/\/sudsejour.fr\/wp-content\/uploads\/2024\/11\/istockphoto-1390805938-612x612-2.jpg\"},{\"@type\":\"BreadcrumbList\",\"@id\":\"https:\/\/sudsejour.fr\/la-socca-specialite-tradition-pan-bagnat-nicois\/#breadcrumb\",\"itemListElement\":[{\"@type\":\"ListItem\",\"position\":1,\"name\":\"Accueil\",\"item\":\"https:\/\/sudsejour.fr\/en\/\"},{\"@type\":\"ListItem\",\"position\":2,\"name\":\"La Socca\"}]},{\"@type\":\"WebSite\",\"@id\":\"https:\/\/sudsejour.fr\/en\/#website\",\"url\":\"https:\/\/sudsejour.fr\/en\/\",\"name\":\"sudsejour\",\"description\":\"Explorez, r\u00eavez, s\u00e9journez !\",\"publisher\":{\"@id\":\"https:\/\/sudsejour.fr\/en\/#organization\"},\"potentialAction\":[{\"@type\":\"SearchAction\",\"target\":{\"@type\":\"EntryPoint\",\"urlTemplate\":\"https:\/\/sudsejour.fr\/en\/?s={search_term_string}\"},\"query-input\":{\"@type\":\"PropertyValueSpecification\",\"valueRequired\":true,\"valueName\":\"search_term_string\"}}],\"inLanguage\":\"en-US\"},{\"@type\":\"Organization\",\"@id\":\"https:\/\/sudsejour.fr\/en\/#organization\",\"name\":\"sudsejour\",\"url\":\"https:\/\/sudsejour.fr\/en\/\",\"logo\":{\"@type\":\"ImageObject\",\"inLanguage\":\"en-US\",\"@id\":\"https:\/\/sudsejour.fr\/en\/#\/schema\/logo\/image\/\",\"url\":\"https:\/\/sudsejour.fr\/wp-content\/uploads\/2024\/10\/Capture-decran-2024-10-07-204732.jpg\",\"contentUrl\":\"https:\/\/sudsejour.fr\/wp-content\/uploads\/2024\/10\/Capture-decran-2024-10-07-204732.jpg\",\"width\":449,\"height\":437,\"caption\":\"sudsejour\"},\"image\":{\"@id\":\"https:\/\/sudsejour.fr\/en\/#\/schema\/logo\/image\/\"}}]}<\/script>\n<!-- \/ Yoast SEO plugin. -->","yoast_head_json":{"title":"La Socca - sudsejour","description":"La socca est une sp\u00e9cialit\u00e9 traditionnelle ni\u00e7oise pr\u00e9sent\u00e9e sous forme de grande cr\u00eape \u00e0 base de pois chiche et d'huile d'olive.","robots":{"index":"index","follow":"follow","max-snippet":"max-snippet:-1","max-image-preview":"max-image-preview:large","max-video-preview":"max-video-preview:-1"},"canonical":"https:\/\/sudsejour.fr\/en\/la-socca-specialite-tradition-pan-bagnat-nicois\/","og_locale":"en_US","og_type":"article","og_title":"La Socca - sudsejour","og_description":"La socca est une sp\u00e9cialit\u00e9 traditionnelle ni\u00e7oise pr\u00e9sent\u00e9e sous forme de grande cr\u00eape \u00e0 base de pois chiche et d'huile d'olive.","og_url":"https:\/\/sudsejour.fr\/en\/la-socca-specialite-tradition-pan-bagnat-nicois\/","og_site_name":"sudsejour","article_modified_time":"2024-11-18T17:23:32+00:00","og_image":[{"width":612,"height":408,"url":"https:\/\/sudsejour.fr\/wp-content\/uploads\/2024\/11\/istockphoto-1390805938-612x612-2.jpg","type":"image\/jpeg"}],"twitter_card":"summary_large_image","twitter_misc":{"Est. reading time":"2 minutes"},"schema":{"@context":"https:\/\/schema.org","@graph":[{"@type":"WebPage","@id":"https:\/\/sudsejour.fr\/la-socca-specialite-tradition-pan-bagnat-nicois\/","url":"https:\/\/sudsejour.fr\/la-socca-specialite-tradition-pan-bagnat-nicois\/","name":"La Socca - sudsejour","isPartOf":{"@id":"https:\/\/sudsejour.fr\/en\/#website"},"primaryImageOfPage":{"@id":"https:\/\/sudsejour.fr\/la-socca-specialite-tradition-pan-bagnat-nicois\/#primaryimage"},"image":{"@id":"https:\/\/sudsejour.fr\/la-socca-specialite-tradition-pan-bagnat-nicois\/#primaryimage"},"thumbnailUrl":"https:\/\/sudsejour.fr\/wp-content\/uploads\/2024\/11\/istockphoto-1390805938-612x612-2.jpg","datePublished":"2024-11-08T08:32:36+00:00","dateModified":"2024-11-18T17:23:32+00:00","description":"La socca est une sp\u00e9cialit\u00e9 traditionnelle ni\u00e7oise pr\u00e9sent\u00e9e sous forme de grande cr\u00eape \u00e0 base de pois chiche et d'huile d'olive.","breadcrumb":{"@id":"https:\/\/sudsejour.fr\/la-socca-specialite-tradition-pan-bagnat-nicois\/#breadcrumb"},"inLanguage":"en-US","potentialAction":[{"@type":"ReadAction","target":["https:\/\/sudsejour.fr\/la-socca-specialite-tradition-pan-bagnat-nicois\/"]}]},{"@type":"ImageObject","inLanguage":"en-US","@id":"https:\/\/sudsejour.fr\/la-socca-specialite-tradition-pan-bagnat-nicois\/#primaryimage","url":"https:\/\/sudsejour.fr\/wp-content\/uploads\/2024\/11\/istockphoto-1390805938-612x612-2.jpg","contentUrl":"https:\/\/sudsejour.fr\/wp-content\/uploads\/2024\/11\/istockphoto-1390805938-612x612-2.jpg"},{"@type":"BreadcrumbList","@id":"https:\/\/sudsejour.fr\/la-socca-specialite-tradition-pan-bagnat-nicois\/#breadcrumb","itemListElement":[{"@type":"ListItem","position":1,"name":"Accueil","item":"https:\/\/sudsejour.fr\/en\/"},{"@type":"ListItem","position":2,"name":"La Socca"}]},{"@type":"WebSite","@id":"https:\/\/sudsejour.fr\/en\/#website","url":"https:\/\/sudsejour.fr\/en\/","name":"sudsejour","description":"Explorez, r\u00eavez, s\u00e9journez !","publisher":{"@id":"https:\/\/sudsejour.fr\/en\/#organization"},"potentialAction":[{"@type":"SearchAction","target":{"@type":"EntryPoint","urlTemplate":"https:\/\/sudsejour.fr\/en\/?s={search_term_string}"},"query-input":{"@type":"PropertyValueSpecification","valueRequired":true,"valueName":"search_term_string"}}],"inLanguage":"en-US"},{"@type":"Organization","@id":"https:\/\/sudsejour.fr\/en\/#organization","name":"sudsejour","url":"https:\/\/sudsejour.fr\/en\/","logo":{"@type":"ImageObject","inLanguage":"en-US","@id":"https:\/\/sudsejour.fr\/en\/#\/schema\/logo\/image\/","url":"https:\/\/sudsejour.fr\/wp-content\/uploads\/2024\/10\/Capture-decran-2024-10-07-204732.jpg","contentUrl":"https:\/\/sudsejour.fr\/wp-content\/uploads\/2024\/10\/Capture-decran-2024-10-07-204732.jpg","width":449,"height":437,"caption":"sudsejour"},"image":{"@id":"https:\/\/sudsejour.fr\/en\/#\/schema\/logo\/image\/"}}]}},"_links":{"self":[{"href":"https:\/\/sudsejour.fr\/en\/wp-json\/wp\/v2\/pages\/707"}],"collection":[{"href":"https:\/\/sudsejour.fr\/en\/wp-json\/wp\/v2\/pages"}],"about":[{"href":"https:\/\/sudsejour.fr\/en\/wp-json\/wp\/v2\/types\/page"}],"author":[{"embeddable":true,"href":"https:\/\/sudsejour.fr\/en\/wp-json\/wp\/v2\/users\/1"}],"replies":[{"embeddable":true,"href":"https:\/\/sudsejour.fr\/en\/wp-json\/wp\/v2\/comments?post=707"}],"version-history":[{"count":3,"href":"https:\/\/sudsejour.fr\/en\/wp-json\/wp\/v2\/pages\/707\/revisions"}],"predecessor-version":[{"id":934,"href":"https:\/\/sudsejour.fr\/en\/wp-json\/wp\/v2\/pages\/707\/revisions\/934"}],"wp:attachment":[{"href":"https:\/\/sudsejour.fr\/en\/wp-json\/wp\/v2\/media?parent=707"}],"curies":[{"name":"wp","href":"https:\/\/api.w.org\/{rel}","templated":true}]}}